{"id":1673,"date":"2022-02-24T14:11:37","date_gmt":"2022-02-24T12:11:37","guid":{"rendered":"https:\/\/soosproject.eu\/about\/"},"modified":"2025-07-21T16:17:44","modified_gmt":"2025-07-21T14:17:44","slug":"about","status":"publish","type":"page","link":"https:\/\/soosproject.eu\/de\/about\/","title":{"rendered":"\u00dcber"},"content":{"rendered":"<h1>\u00dcBER UNS<\/h1>\n<div>\n<p>H\u00e4usliche Gewalt ist eine Form der Viktimisierung, die bedeutet, dass man ihr zu Hause ausgesetzt ist, entweder indem man Zeuge der Gewalt wird oder ihre Folgen miterlebt. Wenn eine andere Person als das direkte Opfer h\u00e4uslicher Gewalt von der Misshandlung betroffen ist, spricht man von indirekter Viktimisierung durch h\u00e4usliche Gewalt. Junge Menschen, die indirekt Opfer h\u00e4uslicher Gewalt werden, k\u00f6nnen tiefgreifende und lang anhaltende Folgen erleiden.<\/p>\n<p>Das SOOS-Projekt zielt darauf ab, die Problematik der indirekten Viktimisierung junger Menschen, die h\u00e4uslicher Gewalt ausgesetzt sind, anzugehen, indem es das Bewusstsein f\u00fcr die Notwendigkeit sch\u00e4rft, den Teufelskreis der Gewalt zu durchbrechen und Verhaltensweisen zu \u00e4ndern.<\/p>\n<\/div>\n<p><img decoding=\"async\" src=\"\/wp-content\/uploads\/2024\/03\/AboutUs-Img.png\" alt=\"\"><\/p>\n<h2>Ziele &amp; Schwerpunkte<\/h2>\n<div>\n<p>Ziel des SOOS-Projekts ist es, das Bewusstsein f\u00fcr die m\u00f6glichen Auswirkungen h\u00e4uslicher Gewalt auf Jugendliche zu sch\u00e4rfen und die Risiken sowie die m\u00f6glichen Folgen f\u00fcr die k\u00f6rperliche, emotionale und psychische Gesundheit von Jugendlichen aufzuzeigen.<\/p>\n<p>Das SOOS-Projekt m\u00f6chte den von h\u00e4uslicher Gewalt Betroffenen Ressourcen und Unterst\u00fctzung zur Verf\u00fcgung stellen und die \u00d6ffentlichkeit \u00fcber Pr\u00e4ventionsma\u00dfnahmen aufkl\u00e4ren. Letztendlich soll das SOOS-Projekt die Pr\u00e4valenz h\u00e4uslicher Gewalt in unserer Gesellschaft verringern und ein sichereres sowie ges\u00fcnderes Umfeld f\u00fcr junge Menschen schaffen.<\/p>\n<\/div>\n<div>\n<p>        <img decoding=\"async\" src=\"\/wp-content\/uploads\/2024\/03\/About1Icon.png\" alt=\"\"><\/p>\n<div>\n<p>Sensibilisierung junger Menschen f\u00fcr die Risiken und Gefahren h\u00e4uslicher Gewalt sowie Entwicklung von Strategien, die ihnen helfen, mit den Auswirkungen h\u00e4uslicher Gewalt umzugehen.<\/p>\n<\/div>\n<\/div>\n<div>\n<p>        <img decoding=\"async\" src=\"\/wp-content\/uploads\/2024\/03\/About2Icon.png\" alt=\"\"><\/p>\n<div>\n<p>F\u00f6rderung unterst\u00fctzender Beziehungen zwischen Jugendlichen und Erwachsenen, um die Resilienz zu f\u00f6rdern und den Jugendlichen ein unterst\u00fctzendes Netzwerk von Gleichaltrigen zu bieten, die ebenfalls h\u00e4usliche Gewalt erlebt haben.<\/p>\n<\/div>\n<\/div>\n<div>\n<p>        <img decoding=\"async\" src=\"\/wp-content\/uploads\/2024\/03\/About3Icon.png\" alt=\"\"><\/p>\n<div>\n<p>Junge Menschen sollten Zugang zu geeigneten psychosozialen Diensten erhalten und ein sicheres Umfeld schaffen, in dem sie \u00fcber ihre Erfahrungen und Gef\u00fchle sprechen k\u00f6nnen.<\/p>\n<\/div>\n<\/div>\n<div>\n<p>        <img decoding=\"async\" src=\"\/wp-content\/uploads\/2024\/03\/About4Icon.png\" alt=\"\"><\/p>\n<div>\n<p>Aufkl\u00e4rung junger Menschen \u00fcber die Bedeutung gesunder Beziehungen und Ermutigung, sich gegen h\u00e4usliche Gewalt auszusprechen sowie ein Gef\u00fchl der Selbstbestimmung zu entwickeln.<\/p>\n<\/div>\n<\/div>\n<div>\n<p>        <img decoding=\"async\" src=\"\/wp-content\/uploads\/2024\/03\/About5Icon.png\" alt=\"\"><\/p>\n<div>\n<p>Entwicklung eines Aktionsplans zur Pr\u00e4vention weiterer h\u00e4uslicher Gewalt und Vernetzung der jungen Menschen mit Ressourcen in der Gemeinde, die Unterst\u00fctzung und Hilfe bieten k\u00f6nnen.<\/p>\n<\/div>\n<\/div>\n<p><!--more--><br \/>\n<!-- {\"type\":\"layout\",\"children\":[{\"type\":\"section\",\"props\":{\"animation_delay\":\"200\",\"image_position\":\"center-center\",\"style\":\"default\",\"title_breakpoint\":\"xl\",\"title_position\":\"top-left\",\"title_rotation\":\"left\",\"vertical_align\":\"\",\"width\":\"default\"},\"children\":[{\"type\":\"row\",\"props\":{\"layout\":\"1-2,1-2\"},\"children\":[{\"type\":\"column\",\"props\":{\"image_position\":\"center-center\",\"position_sticky_breakpoint\":\"m\",\"width_medium\":\"1-2\"},\"children\":[{\"type\":\"headline\",\"props\":{\"content\":\"\\u00dcBER UNS\",\"text_align\":\"left\",\"title_color\":\"success\",\"title_element\":\"h1\",\"title_font_family\":\"primary\"},\"name\":\"headline-pages\"},{\"type\":\"text\",\"props\":{\"column_breakpoint\":\"m\",\"content\":\"\n\n<p>H\\u00e4usliche Gewalt ist eine Form der Viktimisierung, die bedeutet, dass man ihr zu Hause ausgesetzt ist, entweder indem man Zeuge der Gewalt wird oder ihre Folgen miterlebt. Wenn eine andere Person als das direkte Opfer h\\u00e4uslicher Gewalt von der Misshandlung betroffen ist, spricht man von indirekter Viktimisierung durch h\\u00e4usliche Gewalt. Junge Menschen, die indirekt Opfer h\\u00e4uslicher Gewalt werden, k\\u00f6nnen tiefgreifende und lang anhaltende Folgen erleiden.<\\\/p>\\n\n\n<p>Das SOOS-Projekt zielt darauf ab, die Problematik der indirekten Viktimisierung junger Menschen, die h\\u00e4uslicher Gewalt ausgesetzt sind, anzugehen, indem es das Bewusstsein f\\u00fcr die Notwendigkeit sch\\u00e4rft, den Teufelskreis der Gewalt zu durchbrechen und Verhaltensweisen zu \\u00e4ndern.<\\\/p>\",\"margin\":\"default\",\"text_color\":\"secondary\",\"text_style\":\"lead\"}}]},{\"type\":\"column\",\"props\":{\"image_position\":\"center-center\",\"position_sticky_breakpoint\":\"m\",\"width_medium\":\"1-2\"},\"children\":[{\"type\":\"image\",\"props\":{\"animation\":\"fade\",\"class\":\"about-img\",\"image\":\"wp-content\\\/uploads\\\/2024\\\/03\\\/AboutUs-Img.png\",\"image_svg_color\":\"emphasis\",\"margin\":\"default\",\"position_top\":\"60\"}}]}]}],\"name\":\"About sec\"},{\"type\":\"section\",\"props\":{\"image_position\":\"center-center\",\"padding\":\"none\",\"style\":\"default\",\"title_breakpoint\":\"xl\",\"title_position\":\"top-left\",\"title_rotation\":\"left\",\"vertical_align\":\"\",\"width\":\"default\"},\"children\":[{\"type\":\"row\",\"children\":[{\"type\":\"column\",\"props\":{\"image_position\":\"center-center\",\"position_sticky_breakpoint\":\"m\"},\"children\":[{\"type\":\"headline\",\"props\":{\"content\":\"Ziele &amp; Schwerpunkte\",\"title_color\":\"secondary\",\"title_element\":\"h2\",\"title_font_family\":\"primary\"}},{\"type\":\"text\",\"props\":{\"column_breakpoint\":\"m\",\"content\":\"\n\n<p>Ziel des SOOS-Projekts ist es, das Bewusstsein f\\u00fcr die m\\u00f6glichen Auswirkungen h\\u00e4uslicher Gewalt auf Jugendliche zu sch\\u00e4rfen und die Risiken sowie die m\\u00f6glichen Folgen f\\u00fcr die k\\u00f6rperliche, emotionale und psychische Gesundheit von Jugendlichen aufzuzeigen.<\\\/p>\\n\n\n<p>Das SOOS-Projekt m\\u00f6chte den von h\\u00e4uslicher Gewalt Betroffenen Ressourcen und Unterst\\u00fctzung zur Verf\\u00fcgung stellen und die \\u00d6ffentlichkeit \\u00fcber Pr\\u00e4ventionsma\\u00dfnahmen aufkl\\u00e4ren. Letztendlich soll das SOOS-Projekt die Pr\\u00e4valenz h\\u00e4uslicher Gewalt in unserer Gesellschaft verringern und ein sichereres sowie ges\\u00fcnderes Umfeld f\\u00fcr junge Menschen schaffen.<\\\/p>\",\"margin\":\"default\",\"text_color\":\"secondary\",\"text_style\":\"lead\"}}]}]}]},{\"type\":\"section\",\"props\":{\"animation\":\"scale-up\",\"animation_delay\":\"200\",\"class\":\"1-5\",\"image_position\":\"center-center\",\"padding\":\"large\",\"padding_remove_top\":false,\"style\":\"default\",\"title_breakpoint\":\"xl\",\"title_position\":\"top-left\",\"title_rotation\":\"left\",\"vertical_align\":\"\",\"width\":\"default\"},\"children\":[{\"type\":\"row\",\"props\":{\"css\":\".el-content {\\n    color:#6214AD;\\n}\",\"layout\":\"1-5,1-5,1-5,1-5,1-5|1-2,1-2,1-3,1-3,1-3\"},\"children\":[{\"type\":\"column\",\"props\":{\"image_position\":\"center-center\",\"position_sticky_breakpoint\":\"m\",\"width_medium\":\"1-5\",\"width_small\":\"1-2\"},\"children\":[{\"type\":\"panel\",\"props\":{\"content\":\"\n\n<p>Sensibilisierung junger Menschen f\\u00fcr die Risiken und Gefahren h\\u00e4uslicher Gewalt sowie Entwicklung von Strategien, die ihnen helfen, mit den Auswirkungen h\\u00e4uslicher Gewalt umzugehen.<\\\/p>\",\"content_column_breakpoint\":\"m\",\"content_style\":\"text-lead\",\"icon_width\":80,\"image\":\"wp-content\\\/uploads\\\/2024\\\/03\\\/About1Icon.png\",\"image_align\":\"between\",\"image_grid_breakpoint\":\"m\",\"image_grid_width\":\"1-2\",\"image_svg_color\":\"emphasis\",\"link_style\":\"default\",\"link_text\":\"Read more\",\"margin\":\"default\",\"meta_align\":\"below-title\",\"meta_element\":\"div\",\"meta_style\":\"text-meta\",\"text_align\":\"center\",\"title\":\"\",\"title_align\":\"top\",\"title_element\":\"h3\",\"title_grid_breakpoint\":\"m\",\"title_grid_width\":\"1-2\",\"title_hover_style\":\"reset\"}}]},{\"type\":\"column\",\"props\":{\"image_position\":\"center-center\",\"position_sticky_breakpoint\":\"m\",\"width_medium\":\"1-5\",\"width_small\":\"1-2\"},\"children\":[{\"type\":\"panel\",\"props\":{\"content\":\"\n\n<p>F\\u00f6rderung unterst\\u00fctzender Beziehungen zwischen Jugendlichen und Erwachsenen, um die Resilienz zu f\\u00f6rdern und den Jugendlichen ein unterst\\u00fctzendes Netzwerk von Gleichaltrigen zu bieten, die ebenfalls h\\u00e4usliche Gewalt erlebt haben.<\\\/p>\",\"content_column_breakpoint\":\"m\",\"content_style\":\"text-lead\",\"icon_width\":80,\"image\":\"wp-content\\\/uploads\\\/2024\\\/03\\\/About2Icon.png\",\"image_align\":\"between\",\"image_grid_breakpoint\":\"m\",\"image_grid_width\":\"1-2\",\"image_svg_color\":\"emphasis\",\"link_style\":\"default\",\"link_text\":\"Read more\",\"margin\":\"default\",\"meta_align\":\"below-title\",\"meta_element\":\"div\",\"meta_style\":\"text-meta\",\"text_align\":\"center\",\"title_align\":\"top\",\"title_element\":\"h3\",\"title_grid_breakpoint\":\"m\",\"title_grid_width\":\"1-2\",\"title_hover_style\":\"reset\"}}]},{\"type\":\"column\",\"props\":{\"image_position\":\"center-center\",\"position_sticky_breakpoint\":\"m\",\"width_medium\":\"1-5\",\"width_small\":\"1-3\"},\"children\":[{\"type\":\"panel\",\"props\":{\"content\":\"\n\n<p>Junge Menschen sollten Zugang zu geeigneten psychosozialen Diensten erhalten und ein sicheres Umfeld schaffen, in dem sie \\u00fcber ihre Erfahrungen und Gef\\u00fchle sprechen k\\u00f6nnen.<\\\/p>\",\"content_column_breakpoint\":\"m\",\"content_style\":\"text-lead\",\"icon_width\":80,\"image\":\"wp-content\\\/uploads\\\/2024\\\/03\\\/About3Icon.png\",\"image_align\":\"between\",\"image_grid_breakpoint\":\"m\",\"image_grid_width\":\"1-2\",\"image_svg_color\":\"emphasis\",\"link_style\":\"default\",\"link_text\":\"Read more\",\"margin\":\"default\",\"meta_align\":\"below-title\",\"meta_element\":\"div\",\"meta_style\":\"text-meta\",\"text_align\":\"center\",\"title_align\":\"top\",\"title_element\":\"h3\",\"title_grid_breakpoint\":\"m\",\"title_grid_width\":\"1-2\",\"title_hover_style\":\"reset\"}}]},{\"type\":\"column\",\"props\":{\"image_position\":\"center-center\",\"position_sticky_breakpoint\":\"m\",\"width_medium\":\"1-5\",\"width_small\":\"1-3\"},\"children\":[{\"type\":\"panel\",\"props\":{\"content\":\"\n\n<p>Aufkl\\u00e4rung junger Menschen \\u00fcber die Bedeutung gesunder Beziehungen und Ermutigung, sich gegen h\\u00e4usliche Gewalt auszusprechen sowie ein Gef\\u00fchl der Selbstbestimmung zu entwickeln.<\\\/p>\",\"content_column_breakpoint\":\"m\",\"content_style\":\"text-lead\",\"icon_width\":80,\"image\":\"wp-content\\\/uploads\\\/2024\\\/03\\\/About4Icon.png\",\"image_align\":\"between\",\"image_grid_breakpoint\":\"m\",\"image_grid_width\":\"1-2\",\"image_svg_color\":\"emphasis\",\"link_style\":\"default\",\"link_text\":\"Read more\",\"margin\":\"default\",\"meta_align\":\"below-title\",\"meta_element\":\"div\",\"meta_style\":\"text-meta\",\"text_align\":\"center\",\"title_align\":\"top\",\"title_element\":\"h3\",\"title_grid_breakpoint\":\"m\",\"title_grid_width\":\"1-2\",\"title_hover_style\":\"reset\"}}]},{\"type\":\"column\",\"props\":{\"image_position\":\"center-center\",\"position_sticky_breakpoint\":\"m\",\"width_medium\":\"1-5\",\"width_small\":\"1-3\"},\"children\":[{\"type\":\"panel\",\"props\":{\"block_align\":\"center\",\"content\":\"\n\n<p>Entwicklung eines Aktionsplans zur Pr\\u00e4vention weiterer h\\u00e4uslicher Gewalt und Vernetzung der jungen Menschen mit Ressourcen in der Gemeinde, die Unterst\\u00fctzung und Hilfe bieten k\\u00f6nnen.<\\\/p>\",\"content_column_breakpoint\":\"m\",\"content_style\":\"text-lead\",\"icon_width\":80,\"image\":\"wp-content\\\/uploads\\\/2024\\\/03\\\/About5Icon.png\",\"image_align\":\"between\",\"image_grid_breakpoint\":\"m\",\"image_grid_width\":\"1-2\",\"image_svg_color\":\"emphasis\",\"link_style\":\"default\",\"link_text\":\"Read more\",\"margin\":\"default\",\"meta_align\":\"below-title\",\"meta_element\":\"div\",\"meta_style\":\"text-meta\",\"text_align\":\"center\",\"title_align\":\"top\",\"title_element\":\"h3\",\"title_grid_breakpoint\":\"m\",\"title_grid_width\":\"1-2\",\"title_hover_style\":\"reset\"}}]}]},{\"type\":\"row\",\"children\":[{\"type\":\"column\",\"props\":{\"image_position\":\"center-center\",\"position_sticky_breakpoint\":\"m\"},\"children\":[{\"type\":\"totop\",\"props\":{\"margin\":\"default\",\"text_align\":\"center\",\"title_grid_column_gap\":\"small\",\"title_grid_row_gap\":\"small\"}}]}]}],\"name\":\"1-5 SEC\"}],\"version\":\"4.5.20\"} --><\/p>\n","protected":false},"excerpt":{"rendered":"<p>\u00dcBER UNS H\u00e4usliche Gewalt ist eine Form der Viktimisierung, die bedeutet, dass man ihr zu Hause ausgesetzt ist, entweder indem man Zeuge der Gewalt wird..<\/p>\n","protected":false},"author":1,"featured_media":0,"parent":0,"menu_order":0,"comment_status":"closed","ping_status":"closed","template":"","meta":{"_acf_changed":false,"inline_featured_image":false,"footnotes":""},"class_list":["post-1673","page","type-page","status-publish","hentry"],"acf":[],"_links":{"self":[{"href":"https:\/\/soosproject.eu\/de\/wp-json\/wp\/v2\/pages\/1673","targetHints":{"allow":["GET"]}}],"collection":[{"href":"https:\/\/soosproject.eu\/de\/wp-json\/wp\/v2\/pages"}],"about":[{"href":"https:\/\/soosproject.eu\/de\/wp-json\/wp\/v2\/types\/page"}],"author":[{"embeddable":true,"href":"https:\/\/soosproject.eu\/de\/wp-json\/wp\/v2\/users\/1"}],"replies":[{"embeddable":true,"href":"https:\/\/soosproject.eu\/de\/wp-json\/wp\/v2\/comments?post=1673"}],"version-history":[{"count":6,"href":"https:\/\/soosproject.eu\/de\/wp-json\/wp\/v2\/pages\/1673\/revisions"}],"predecessor-version":[{"id":2444,"href":"https:\/\/soosproject.eu\/de\/wp-json\/wp\/v2\/pages\/1673\/revisions\/2444"}],"wp:attachment":[{"href":"https:\/\/soosproject.eu\/de\/wp-json\/wp\/v2\/media?parent=1673"}],"curies":[{"name":"wp","href":"https:\/\/api.w.org\/{rel}","templated":true}]}}