{"id":1687,"date":"2022-03-21T06:09:31","date_gmt":"2022-03-21T04:09:31","guid":{"rendered":"https:\/\/soosproject.eu\/partners\/"},"modified":"2025-07-21T16:36:17","modified_gmt":"2025-07-21T14:36:17","slug":"partner","status":"publish","type":"page","link":"https:\/\/soosproject.eu\/de\/partner\/","title":{"rendered":"Partner"},"content":{"rendered":"<h1>PARTNER<\/h1>\n<ul>\n<li>\n<p>        <img decoding=\"async\" src=\"\/wp-content\/uploads\/2024\/03\/CARDET_logo_highRes-1.png\" alt=\"\"><\/p>\n<h3>CARDET<\/h3>\n<div>\n<p>CARDET ist eines der f\u00fchrenden Forschungs- und Ausbildungszentren im \u00f6stlichen Mittelmeerraum. Die Organisation verf\u00fcgt \u00fcber umfassende internationale Erfahrung in den Bereichen Projektentwicklung und -management, Ausbildung sowie E-Learning.<\/p>\n<p>CARDET hat zahlreiche Projekte zur F\u00f6rderung der Erwachsenen- und Berufsbildung in den Bereichen Sozialarbeit, Innovation und Unternehmertum umgesetzt. Die Mitglieder des Teams und des Vorstands repr\u00e4sentieren europ\u00e4ische und internationale Hochschulen, Ausbildungszentren und Organisationen und bringen fundiertes Fachwissen in der Erwachsenen- und finanziellen Bildung mit.<\/p>\n<p>Im Mittelpunkt der Arbeit von CARDET stehen die F\u00f6rderung sozialer Gerechtigkeit und gesellschaftlicher Entwicklung. Das internationale Expertenteam vereint<\/p>\n<p>jahrzehntelange Erfahrung in Bereichen wie Erwachsenenbildung, Kapazit\u00e4tsaufbau, Curriculumentwicklung, soziales Unternehmertum, Berufsbildung, Design Thinking, Innovation, Bildungsforschung, Evaluation und Personalentwicklung.<\/p>\n<\/div>\n<p><a href=\"https:\/\/cardet.org\/\">Mehr lesen<\/a><\/p>\n<\/li>\n<li>\n<p>        <img decoding=\"async\" src=\"\/wp-content\/uploads\/2024\/03\/Rightchallenge_Logo.png\" alt=\"\"><\/p>\n<h3>RightChallenge<\/h3>\n<div>\n<p>RightChallenge ist eine Nichtregierungsorganisation, die sich der F\u00f6rderung sozialer Inklusion und Chancengleichheit durch Bildung und Ausbildung widmet. In Zusammenarbeit mit verschiedenen Interessengruppen und Bildungsinitiativen st\u00e4rkt die Organisation eine verantwortungsbewusste, demokratische und aktive B\u00fcrgerschaft.<\/p>\n<p>RightChallenge bietet benachteiligten Gruppen vielf\u00e4ltige Arbeits- und Freizeitangebote, Schulungen, Gesundheits- und Rehabilitationsdienste, Wohn- und Pflegeeinrichtungen sowie Bildungsprogramme f\u00fcr Familien und Kinder. Dabei versteht die Organisation Bildung als Schl\u00fcssel zur Entwicklung junger Menschen und zur F\u00f6rderung ihrer Teilhabe an Familie, Arbeitswelt, Gesellschaft und Freizeit.<\/p>\n<p>Dar\u00fcber hinaus engagiert sich RightChallenge in der Lehrplanentwicklung und Beratung im Bereich Jugend- und Gemeindeentwicklung und bietet Freiwilligendienste sowie sozialp\u00e4dagogische Programme f\u00fcr von Ausgrenzung bedrohte Gemeinschaften an.<\/p>\n<\/div>\n<p><a href=\"https:\/\/rightchallenge.org\/\">Mehr lesen<\/a><\/p>\n<\/li>\n<li>\n<p>        <img decoding=\"async\" src=\"\/wp-content\/uploads\/2024\/03\/IFES_COOP_FULL_BIG.jpg\" alt=\"\"><\/p>\n<h3>IFESCOOP<\/h3>\n<div>\n<p>IFESCOOP ist eine gemeinn\u00fctzige Genossenschaft, die mit regionalen und lokalen Beh\u00f6rden (z.\u202fB. Regionalregierungen und Stadtverwaltungen), Sozialpartnern (Gewerkschaften und Arbeitgeberverb\u00e4nden) sowie weiteren Organisationen zusammenarbeitet \u2013 insbesondere im Bereich der Erwachsenen- und Berufsbildung. Die Organisation bietet Berufsbildungsma\u00dfnahmen f\u00fcr unterschiedliche Zielgruppen an, mit besonderem Fokus auf benachteiligte Gruppen. IFESCOOP ist aktiv an zahlreichen europ\u00e4ischen Bildungsprojekten beteiligt.<\/p>\n<\/div>\n<p><a href=\"https:\/\/www.ifescoop.eu\">Mehr lesen<\/a><\/p>\n<\/li>\n<li>\n<p>        <img decoding=\"async\" src=\"\/wp-content\/uploads\/2024\/03\/SEDAVI_logo.png\" alt=\"\"><\/p>\n<h3>SEDAV\u00cd TOWN COUNCIL<\/h3>\n<div>\n<p>Der Stadtrat von Sedav\u00ed ist eine lokale \u00f6ffentliche Einrichtung, die Dienstleistungen f\u00fcr rund 11.000 Einwohner:innen erbringt. Zu den zentralen Aufgaben z\u00e4hlen soziale Dienste, Besch\u00e4ftigungsf\u00f6rderung, Gleichstellungspolitik, Unterst\u00fctzung \u00e4lterer Menschen sowie Ma\u00dfnahmen zur Bek\u00e4mpfung geschlechtsspezifischer Gewalt. In den letzten Jahren beteiligt sich die Stadt verst\u00e4rkt an europ\u00e4ischen Kooperationsprojekten \u2013 insbesondere im Rahmen des ERASMUS+ Programms \u2013 und arbeitet mit Partnerorganisationen aus ganz Europa zusammen.<\/p>\n<\/div>\n<p><a href=\"https:\/\/www.sedavi.es\">Mehr lesen<\/a><\/p>\n<\/li>\n<li>\n<p>        <img decoding=\"async\" src=\"\/wp-content\/uploads\/2024\/03\/Logo-Exeo-Lab.png\" alt=\"\"><\/p>\n<h3>Exeo Lab<\/h3>\n<div>\n<p>Exeo Lab ist ein Zusammenschluss von Politikexpert:innen mit umfassender Erfahrung in der Beratung \u00f6ffentlicher und privater Institutionen. Der Schwerpunkt liegt auf raumbezogener Forschung und Analyse, unterst\u00fctzt durch innovative Methoden und Technologien zur evidenzbasierten politischen Entscheidungsfindung. Das Unternehmen begleitet kleine und mittlere Unternehmen (KMU) sowie Start-ups in den Bereichen Investitionen, Fundraising, Internationalisierung und \u00f6ffentliches Auftragswesen. Exeo Lab ist an zahlreichen regionalen, nationalen und transnationalen Projekten beteiligt, mit besonderem Fokus auf Unternehmertum, nachhaltige Entwicklung, Sozialwirtschaft sowie soziale und berufliche Inklusion. Dank methodischer Arbeitsweise und hoher Fachkompetenz ist Exeo Lab ein etablierter Partner f\u00fcr Institutionen in Italien und dar\u00fcber hinaus.<\/p>\n<\/div>\n<p><a href=\"https:\/\/www.exeolab.it\">Mehr lesen<\/a><\/p>\n<\/li>\n<li>\n<p>        <img decoding=\"async\" src=\"\/wp-content\/uploads\/2024\/03\/logo_berlink-NEW.jpg\" alt=\"\"><\/p>\n<h3>Berlink ETN GmbH<\/h3>\n<div>\n<p>Die Berlink ETN GmbH ist eine deutsche Organisation mit langj\u00e4hriger Erfahrung in der Organisation qualitativ hochwertiger Berufsbildungs- und Praktikumsprogramme in Berlin. Ihre Ziele decken sich mit jenen des Erasmus+-Programms: Verbesserung der Mobilit\u00e4t sowie F\u00f6rderung der Zusammenarbeit zwischen Bildungseinrichtungen und Unternehmen in Europa. Berlink arbeitet mit einem breiten Netzwerk lokaler Unternehmen zusammen und beteiligt sich aktiv an EU-Projekten zur Einbindung von KMU in Mobilit\u00e4tsma\u00dfnahmen. Die Organisation bietet praxisorientierte Lernerfahrungen, etwa durch die Anwendung des ECVET-Systems und die gemeinsame Entwicklung effektiver \u201eTraining-on-the-Job\u201c-Programme. Dar\u00fcber hinaus engagiert sich Berlink in der Entwicklung, Umsetzung und Verbreitung innovativer Bildungsans\u00e4tze und f\u00f6rdert den Einsatz von IKT in Bildung, Ausbildung und Arbeitswelt. Berlink ist Teil des ETN Network, mit weiteren Standorten in Italien (Rimini, Potenza), Spanien (M\u00e1laga), Bulgarien (Sofia), Deutschland (Berlin), Portugal (Lissabon), Griechenland (Rhodos) und Irland (Cork).<\/p>\n<\/div>\n<p><a href=\"https:\/\/www.berlink.eu\">Mehr lesen<\/a><\/p>\n<\/li>\n<\/ul>\n<p><!--more--><br \/>\n<!-- {\"type\":\"layout\",\"children\":[{\"type\":\"section\",\"props\":{\"animation\":\"scale-up\",\"animation_delay\":\"200\",\"image_position\":\"center-center\",\"padding_remove_bottom\":false,\"padding_remove_top\":false,\"style\":\"default\",\"title_breakpoint\":\"xl\",\"title_position\":\"top-left\",\"title_rotation\":\"left\",\"vertical_align\":\"\",\"width\":\"default\"},\"children\":[{\"type\":\"row\",\"children\":[{\"type\":\"column\",\"props\":{\"image_position\":\"center-center\",\"position_sticky_breakpoint\":\"m\"},\"children\":[{\"type\":\"headline\",\"props\":{\"animation\":\"fade\",\"content\":\"PARTNER\",\"text_align\":\"left\",\"title_color\":\"success\",\"title_element\":\"h1\",\"title_font_family\":\"primary\"},\"name\":\"headline-pages\"}]}]}],\"name\":\"Partners sec\"},{\"type\":\"section\",\"props\":{\"animation\":\"slide-left\",\"animation_delay\":\"200\",\"image_position\":\"center-center\",\"padding_remove_top\":true,\"style\":\"default\",\"title_breakpoint\":\"xl\",\"title_position\":\"top-left\",\"title_rotation\":\"left\",\"vertical_align\":\"\",\"width\":\"default\"},\"children\":[{\"type\":\"row\",\"children\":[{\"type\":\"column\",\"props\":{\"image_position\":\"center-center\",\"position_sticky_breakpoint\":\"m\"},\"children\":[{\"type\":\"accordion\",\"props\":{\"animation\":\"slide-left\",\"collapsible\":true,\"content_column_breakpoint\":\"m\",\"content_style\":\"lead\",\"image_align\":\"left\",\"image_grid_breakpoint\":\"m\",\"image_grid_column_gap\":\"collapse\",\"image_grid_width\":\"large\",\"image_svg_color\":\"emphasis\",\"image_width\":\"350\",\"link_style\":\"primary\",\"link_text\":\"Read more\",\"show_image\":true,\"show_link\":true,\"text_align\":\"left\"},\"children\":[{\"type\":\"accordion_item\",\"props\":{\"content\":\"\n\n<p>CARDET ist eines der f\\u00fchrenden Forschungs- und Ausbildungszentren im \\u00f6stlichen Mittelmeerraum. Die Organisation verf\\u00fcgt \\u00fcber umfassende internationale Erfahrung in den Bereichen Projektentwicklung und -management, Ausbildung sowie E-Learning.<\\\/p>\\n\n\n<p>CARDET hat zahlreiche Projekte zur F\\u00f6rderung der Erwachsenen- und Berufsbildung in den Bereichen Sozialarbeit, Innovation und Unternehmertum umgesetzt. Die Mitglieder des Teams und des Vorstands repr\\u00e4sentieren europ\\u00e4ische und internationale Hochschulen, Ausbildungszentren und Organisationen und bringen fundiertes Fachwissen in der Erwachsenen- und finanziellen Bildung mit.<\\\/p>\\n\n\n<p>Im Mittelpunkt der Arbeit von CARDET stehen die F\\u00f6rderung sozialer Gerechtigkeit und gesellschaftlicher Entwicklung. Das internationale Expertenteam vereint<\\\/p>\\n\n\n<p>jahrzehntelange Erfahrung in Bereichen wie Erwachsenenbildung, Kapazit\\u00e4tsaufbau, Curriculumentwicklung, soziales Unternehmertum, Berufsbildung, Design Thinking, Innovation, Bildungsforschung, Evaluation und Personalentwicklung.<\\\/p>\",\"image\":\"wp-content\\\/uploads\\\/2024\\\/03\\\/CARDET_logo_highRes-1.png\",\"link\":\"https:\\\/\\\/cardet.org\\\/\",\"link_text\":\"Mehr lesen\",\"title\":\"CARDET\"}},{\"type\":\"accordion_item\",\"props\":{\"content\":\"\n\n<p>RightChallenge ist eine Nichtregierungsorganisation, die sich der F\\u00f6rderung sozialer Inklusion und Chancengleichheit durch Bildung und Ausbildung widmet. In Zusammenarbeit mit verschiedenen Interessengruppen und Bildungsinitiativen st\\u00e4rkt die Organisation eine verantwortungsbewusste, demokratische und aktive B\\u00fcrgerschaft.<\\\/p>\\n\n\n<p>RightChallenge bietet benachteiligten Gruppen vielf\\u00e4ltige Arbeits- und Freizeitangebote, Schulungen, Gesundheits- und Rehabilitationsdienste, Wohn- und Pflegeeinrichtungen sowie Bildungsprogramme f\\u00fcr Familien und Kinder. Dabei versteht die Organisation Bildung als Schl\\u00fcssel zur Entwicklung junger Menschen und zur F\\u00f6rderung ihrer Teilhabe an Familie, Arbeitswelt, Gesellschaft und Freizeit.<\\\/p>\\n\n\n<p>Dar\\u00fcber hinaus engagiert sich RightChallenge in der Lehrplanentwicklung und Beratung im Bereich Jugend- und Gemeindeentwicklung und bietet Freiwilligendienste sowie sozialp\\u00e4dagogische Programme f\\u00fcr von Ausgrenzung bedrohte Gemeinschaften an.<\\\/p>\",\"image\":\"wp-content\\\/uploads\\\/2024\\\/03\\\/Rightchallenge_Logo.png\",\"link\":\"https:\\\/\\\/rightchallenge.org\\\/\",\"link_text\":\"Mehr lesen\",\"title\":\"RightChallenge\"}},{\"type\":\"accordion_item\",\"props\":{\"content\":\"\n\n<p>IFESCOOP ist eine gemeinn\\u00fctzige Genossenschaft, die mit regionalen und lokalen Beh\\u00f6rden (z.\\u202fB. Regionalregierungen und Stadtverwaltungen), Sozialpartnern (Gewerkschaften und Arbeitgeberverb\\u00e4nden) sowie weiteren Organisationen zusammenarbeitet \\u2013 insbesondere im Bereich der Erwachsenen- und Berufsbildung. Die Organisation bietet Berufsbildungsma\\u00dfnahmen f\\u00fcr unterschiedliche Zielgruppen an, mit besonderem Fokus auf benachteiligte Gruppen. IFESCOOP ist aktiv an zahlreichen europ\\u00e4ischen Bildungsprojekten beteiligt.<\\\/p>\",\"image\":\"wp-content\\\/uploads\\\/2024\\\/03\\\/IFES_COOP_FULL_BIG.jpg\",\"link\":\"https:\\\/\\\/www.ifescoop.eu\",\"link_text\":\"Mehr lesen\",\"title\":\"IFESCOOP\"}},{\"type\":\"accordion_item\",\"props\":{\"content\":\"\n\n<p>Der Stadtrat von Sedav\\u00ed ist eine lokale \\u00f6ffentliche Einrichtung, die Dienstleistungen f\\u00fcr rund 11.000 Einwohner:innen erbringt. Zu den zentralen Aufgaben z\\u00e4hlen soziale Dienste, Besch\\u00e4ftigungsf\\u00f6rderung, Gleichstellungspolitik, Unterst\\u00fctzung \\u00e4lterer Menschen sowie Ma\\u00dfnahmen zur Bek\\u00e4mpfung geschlechtsspezifischer Gewalt. In den letzten Jahren beteiligt sich die Stadt verst\\u00e4rkt an europ\\u00e4ischen Kooperationsprojekten \\u2013 insbesondere im Rahmen des ERASMUS+ Programms \\u2013 und arbeitet mit Partnerorganisationen aus ganz Europa zusammen.<\\\/p>\",\"image\":\"wp-content\\\/uploads\\\/2024\\\/03\\\/SEDAVI_logo.png\",\"link\":\"https:\\\/\\\/www.sedavi.es\",\"link_text\":\"Mehr lesen\",\"title\":\"SEDAV\\u00cd TOWN COUNCIL\"}},{\"type\":\"accordion_item\",\"props\":{\"content\":\"\n\n<p>Exeo Lab ist ein Zusammenschluss von Politikexpert:innen mit umfassender Erfahrung in der Beratung \\u00f6ffentlicher und privater Institutionen. Der Schwerpunkt liegt auf raumbezogener Forschung und Analyse, unterst\\u00fctzt durch innovative Methoden und Technologien zur evidenzbasierten politischen Entscheidungsfindung. Das Unternehmen begleitet kleine und mittlere Unternehmen (KMU) sowie Start-ups in den Bereichen Investitionen, Fundraising, Internationalisierung und \\u00f6ffentliches Auftragswesen. Exeo Lab ist an zahlreichen regionalen, nationalen und transnationalen Projekten beteiligt, mit besonderem Fokus auf Unternehmertum, nachhaltige Entwicklung, Sozialwirtschaft sowie soziale und berufliche Inklusion. Dank methodischer Arbeitsweise und hoher Fachkompetenz ist Exeo Lab ein etablierter Partner f\\u00fcr Institutionen in Italien und dar\\u00fcber hinaus.<\\\/p>\",\"image\":\"wp-content\\\/uploads\\\/2024\\\/03\\\/Logo-Exeo-Lab.png\",\"link\":\"https:\\\/\\\/www.exeolab.it\",\"link_text\":\"Mehr lesen\",\"title\":\"Exeo Lab\"}},{\"type\":\"accordion_item\",\"props\":{\"content\":\"\n\n<p>Die Berlink ETN GmbH ist eine deutsche Organisation mit langj\\u00e4hriger Erfahrung in der Organisation qualitativ hochwertiger Berufsbildungs- und Praktikumsprogramme in Berlin. Ihre Ziele decken sich mit jenen des Erasmus+-Programms: Verbesserung der Mobilit\\u00e4t sowie F\\u00f6rderung der Zusammenarbeit zwischen Bildungseinrichtungen und Unternehmen in Europa. Berlink arbeitet mit einem breiten Netzwerk lokaler Unternehmen zusammen und beteiligt sich aktiv an EU-Projekten zur Einbindung von KMU in Mobilit\\u00e4tsma\\u00dfnahmen. Die Organisation bietet praxisorientierte Lernerfahrungen, etwa durch die Anwendung des ECVET-Systems und die gemeinsame Entwicklung effektiver \\u201eTraining-on-the-Job\\u201c-Programme. Dar\\u00fcber hinaus engagiert sich Berlink in der Entwicklung, Umsetzung und Verbreitung innovativer Bildungsans\\u00e4tze und f\\u00f6rdert den Einsatz von IKT in Bildung, Ausbildung und Arbeitswelt. Berlink ist Teil des ETN Network, mit weiteren Standorten in Italien (Rimini, Potenza), Spanien (M\\u00e1laga), Bulgarien (Sofia), Deutschland (Berlin), Portugal (Lissabon), Griechenland (Rhodos) und Irland (Cork).<\\\/p>\",\"image\":\"wp-content\\\/uploads\\\/2024\\\/03\\\/logo_berlink-NEW.jpg\",\"link\":\"https:\\\/\\\/www.berlink.eu\",\"link_text\":\"Mehr lesen\",\"title\":\"Berlink ETN GmbH\"}}]}]}]}]}],\"version\":\"4.5.20\"} --><\/p>\n","protected":false},"excerpt":{"rendered":"<p>PARTNER CARDET CARDET ist eines der f\u00fchrenden Forschungs- und Ausbildungszentren im \u00f6stlichen Mittelmeerraum. Die Organisation verf\u00fcgt \u00fcber umfassende internationale Erfahrung in den Bereichen Projektentwicklung und..<\/p>\n","protected":false},"author":1,"featured_media":0,"parent":0,"menu_order":0,"comment_status":"closed","ping_status":"closed","template":"","meta":{"_acf_changed":false,"inline_featured_image":false,"footnotes":""},"class_list":["post-1687","page","type-page","status-publish","hentry"],"acf":[],"_links":{"self":[{"href":"https:\/\/soosproject.eu\/de\/wp-json\/wp\/v2\/pages\/1687","targetHints":{"allow":["GET"]}}],"collection":[{"href":"https:\/\/soosproject.eu\/de\/wp-json\/wp\/v2\/pages"}],"about":[{"href":"https:\/\/soosproject.eu\/de\/wp-json\/wp\/v2\/types\/page"}],"author":[{"embeddable":true,"href":"https:\/\/soosproject.eu\/de\/wp-json\/wp\/v2\/users\/1"}],"replies":[{"embeddable":true,"href":"https:\/\/soosproject.eu\/de\/wp-json\/wp\/v2\/comments?post=1687"}],"version-history":[{"count":7,"href":"https:\/\/soosproject.eu\/de\/wp-json\/wp\/v2\/pages\/1687\/revisions"}],"predecessor-version":[{"id":2448,"href":"https:\/\/soosproject.eu\/de\/wp-json\/wp\/v2\/pages\/1687\/revisions\/2448"}],"wp:attachment":[{"href":"https:\/\/soosproject.eu\/de\/wp-json\/wp\/v2\/media?parent=1687"}],"curies":[{"name":"wp","href":"https:\/\/api.w.org\/{rel}","templated":true}]}}