{"id":2213,"date":"2025-04-15T09:54:09","date_gmt":"2025-04-15T07:54:09","guid":{"rendered":"https:\/\/soosproject.eu\/training-program-for-youth-workers\/"},"modified":"2025-07-21T16:19:41","modified_gmt":"2025-07-21T14:19:41","slug":"training-program-for-youth-workers","status":"publish","type":"page","link":"https:\/\/soosproject.eu\/de\/resources\/training-program-for-youth-workers\/","title":{"rendered":"Trainingsprogramm f\u00fcr Jugendsozialarbeiter"},"content":{"rendered":"<div>\n<p>Dieses Trainingsprogramm richtet sich an Jugendsozialarbeiter:innen und soll sie dabei unterst\u00fctzen, Kompetenzen und Wissen zu erwerben, um junge Menschen, die von h\u00e4uslicher Gewalt betroffen sind, wirksamer begleiten und unterst\u00fctzen zu k\u00f6nnen.<\/p>\n<p>Die Module des Programms beinhalten unter anderem:<\/p>\n<p>eine Einf\u00fchrung in das Thema h\u00e4usliche Gewalt, ein vertieftes Verst\u00e4ndnis von Trauma und Resilienz, Hinweise zum Erkennen und angemessenen Reagieren auf h\u00e4usliche Gewalt, Informationen zu Kinderschutz und der F\u00fcrsorgepflicht, Strategien zur Unterst\u00fctzung betroffener junger Menschen, Ans\u00e4tze zur Selbstf\u00fcrsorge und Burnout-Pr\u00e4vention, sowie Fallstudien und bew\u00e4hrte Verfahren aus der Praxis.<\/p>\n<\/div>\n<p><p>\n        <a href=\"\/wp-content\/uploads\/2025\/04\/SOOS_Training-program_DE.pdf\">Als PDF anzeigen<\/a>\n    <\/p>\n<\/p>\n<div>\n<h3>Flipbook<\/h3>\n<p><a href=\"\/wp-content\/uploads\/2025\/04\/SOOS_Training-program_DE.pdf\"><\/a><\/p>\n<\/div>\n<p><!--more--><br \/>\n<!-- {\"type\":\"layout\",\"children\":[{\"type\":\"section\",\"props\":{\"image_position\":\"center-center\",\"style\":\"default\",\"title_breakpoint\":\"xl\",\"title_position\":\"top-left\",\"title_rotation\":\"left\",\"vertical_align\":\"\",\"width\":\"default\"},\"children\":[{\"type\":\"row\",\"children\":[{\"type\":\"column\",\"props\":{\"image_position\":\"center-center\",\"position_sticky_breakpoint\":\"m\"},\"children\":[{\"type\":\"headline\",\"props\":{\"title_color\":\"primary\",\"title_element\":\"h1\",\"title_font_family\":\"primary\"},\"source\":{\"query\":{\"name\":\"pages.singlePage\"},\"props\":{\"content\":{\"filters\":{\"search\":\"\"},\"name\":\"title\"}}}},{\"type\":\"text\",\"props\":{\"column_breakpoint\":\"m\",\"content\":\"\n\n<p>Dieses Trainingsprogramm richtet sich an Jugendsozialarbeiter:innen und soll sie dabei unterst\\u00fctzen, Kompetenzen und Wissen zu erwerben, um junge Menschen, die von h\\u00e4uslicher Gewalt betroffen sind, wirksamer begleiten und unterst\\u00fctzen zu k\\u00f6nnen.<\\\/p>\\n\n\n<p>Die Module des Programms beinhalten unter anderem:<\\\/p>\\n\n\n<p>eine Einf\\u00fchrung in das Thema h\\u00e4usliche Gewalt, ein vertieftes Verst\\u00e4ndnis von Trauma und Resilienz, Hinweise zum Erkennen und angemessenen Reagieren auf h\\u00e4usliche Gewalt, Informationen zu Kinderschutz und der F\\u00fcrsorgepflicht, Strategien zur Unterst\\u00fctzung betroffener junger Menschen, Ans\\u00e4tze zur Selbstf\\u00fcrsorge und Burnout-Pr\\u00e4vention, sowie Fallstudien und bew\\u00e4hrte Verfahren aus der Praxis.<\\\/p>\",\"margin\":\"default\",\"text_style\":\"lead\"}},{\"type\":\"button\",\"props\":{\"grid_column_gap\":\"small\",\"grid_row_gap\":\"small\",\"margin\":\"default\"},\"children\":[{\"type\":\"button_item\",\"props\":{\"button_style\":\"primary\",\"content\":\"Als PDF anzeigen\",\"dialog_layout\":\"modal\",\"dialog_offcanvas_flip\":true,\"icon_align\":\"left\",\"link\":\"wp-content\\\/uploads\\\/2025\\\/04\\\/SOOS_Training-program_DE.pdf\",\"link_target\":\"blank\"}}]}]}]},{\"type\":\"row\",\"children\":[{\"type\":\"column\",\"props\":{\"image_position\":\"center-center\",\"position_sticky_breakpoint\":\"m\"},\"children\":[{\"type\":\"djflipbook\",\"props\":{\"content_column_breakpoint\":\"m\",\"grid_default\":\"1\",\"grid_medium\":\"1\",\"icon_width\":80,\"image_align\":\"top\",\"image_grid_breakpoint\":\"m\",\"image_grid_width\":\"1-2\",\"image_svg_color\":\"emphasis\",\"item_animation\":\"\",\"margin\":\"default\",\"meta_align\":\"below-title\",\"meta_element\":\"div\",\"meta_style\":\"meta\",\"show_content\":true,\"show_image\":true,\"show_link\":true,\"show_meta\":true,\"show_title\":true,\"title_align\":\"top\",\"title_color\":\"success\",\"title_element\":\"h3\",\"title_font_family\":\"primary\",\"title_grid_breakpoint\":\"m\",\"title_grid_width\":\"1-2\",\"title_hover_style\":\"reset\",\"title_style\":\"h3\"},\"children\":[{\"type\":\"flipbook_item\",\"props\":{\"link\":\"\\\/wp-content\\\/uploads\\\/2025\\\/04\\\/SOOS_Training-program_DE.pdf\",\"title\":\"Flipbook\"}}]}]}]}]}],\"version\":\"4.5.20\"} --><\/p>\n","protected":false},"excerpt":{"rendered":"<p>Dieses Trainingsprogramm richtet sich an Jugendsozialarbeiter:innen und soll sie dabei unterst\u00fctzen, Kompetenzen und Wissen zu erwerben, um junge Menschen, die von h\u00e4uslicher Gewalt betroffen sind,..<\/p>\n","protected":false},"author":1,"featured_media":0,"parent":1228,"menu_order":0,"comment_status":"closed","ping_status":"closed","template":"","meta":{"_acf_changed":false,"inline_featured_image":false,"footnotes":""},"class_list":["post-2213","page","type-page","status-publish","hentry"],"acf":[],"_links":{"self":[{"href":"https:\/\/soosproject.eu\/de\/wp-json\/wp\/v2\/pages\/2213","targetHints":{"allow":["GET"]}}],"collection":[{"href":"https:\/\/soosproject.eu\/de\/wp-json\/wp\/v2\/pages"}],"about":[{"href":"https:\/\/soosproject.eu\/de\/wp-json\/wp\/v2\/types\/page"}],"author":[{"embeddable":true,"href":"https:\/\/soosproject.eu\/de\/wp-json\/wp\/v2\/users\/1"}],"replies":[{"embeddable":true,"href":"https:\/\/soosproject.eu\/de\/wp-json\/wp\/v2\/comments?post=2213"}],"version-history":[{"count":6,"href":"https:\/\/soosproject.eu\/de\/wp-json\/wp\/v2\/pages\/2213\/revisions"}],"predecessor-version":[{"id":2446,"href":"https:\/\/soosproject.eu\/de\/wp-json\/wp\/v2\/pages\/2213\/revisions\/2446"}],"up":[{"embeddable":true,"href":"https:\/\/soosproject.eu\/de\/wp-json\/wp\/v2\/pages\/1228"}],"wp:attachment":[{"href":"https:\/\/soosproject.eu\/de\/wp-json\/wp\/v2\/media?parent=2213"}],"curies":[{"name":"wp","href":"https:\/\/api.w.org\/{rel}","templated":true}]}}