{"id":1261,"date":"2022-02-24T14:11:37","date_gmt":"2022-02-24T12:11:37","guid":{"rendered":"https:\/\/soosproject.eu\/home\/"},"modified":"2025-10-02T13:28:35","modified_gmt":"2025-10-02T11:28:35","slug":"home","status":"publish","type":"page","link":"https:\/\/soosproject.eu\/es\/","title":{"rendered":"Inicio"},"content":{"rendered":"<h1>Sons of Silence, el impacto de la violencia dom\u00e9stica en el desarrollo conductual de los j\u00f3venes<\/h1>\n<p>\n    <a href=\"\/es\/about\/\">M\u00e1s informaci\u00f3n<\/a>\n<\/p>\n<h1>Sons of Silence, el impacto de la violencia dom\u00e9stica en el desarrollo conductual de los j\u00f3venes<\/h1>\n<p>\n    <a href=\"\/es\/about\/\">M\u00e1s informaci\u00f3n<\/a>\n<\/p>\n<h1>Sons of Silence, el impacto de la violencia dom\u00e9stica en el desarrollo conductual de los j\u00f3venes<\/h1>\n<p><img decoding=\"async\" src=\"\/wp-content\/uploads\/2024\/02\/SOOS_website_260224_SK-1.png\" alt=\"\"><\/p>\n<p>\n    <a href=\"\/es\/about\/\">M\u00e1s informaci\u00f3n<\/a>\n<\/p>\n<p><!--more--><br \/>\n<!-- {\"type\":\"layout\",\"children\":[{\"type\":\"section\",\"props\":{\"animation\":\"fade\",\"animation_delay\":\"200\",\"class\":\"homesec uk-visible@m\",\"height\":\"full\",\"image\":\"wp-content\\\/uploads\\\/2024\\\/02\\\/SOOS_website_260224_SK-2.png\",\"image_effect\":\"parallax\",\"image_parallax_bgx\":\"-40\",\"image_position\":\"center-center\",\"image_size\":\"cover\",\"padding_remove_bottom\":false,\"padding_remove_top\":false,\"style\":\"default\",\"title_breakpoint\":\"xl\",\"title_position\":\"top-left\",\"title_rotation\":\"left\",\"vertical_align\":\"middle\",\"width\":\"default\"},\"children\":[{\"type\":\"row\",\"props\":{\"layout\":\"1-2,1-2\"},\"children\":[{\"type\":\"column\",\"props\":{\"image_position\":\"center-center\",\"media_overlay_gradient\":\"\",\"order_first\":\"l\",\"position_sticky_breakpoint\":\"m\",\"width_medium\":\"1-2\"},\"children\":[{\"type\":\"headline\",\"props\":{\"animation\":\"fade\",\"class\":\"hometext\",\"content\":\"Sons of Silence, el impacto de la violencia dom\\u00e9stica en el desarrollo conductual de los j\\u00f3venes\",\"margin_remove_top\":false,\"parallax_scale\":\"1\",\"parallax_x\":\"0 40%\",\"title_color\":\"primary\",\"title_element\":\"h1\",\"title_font_family\":\"primary\"}},{\"type\":\"button\",\"props\":{\"animation\":\"fade\",\"class\":\"\",\"fullwidth\":false,\"grid_column_gap\":\"\",\"grid_row_gap\":\"\",\"margin\":\"large\",\"text_align\":\"left\"},\"children\":[{\"type\":\"button_item\",\"props\":{\"button_style\":\"primary\",\"content\":\"M\\u00e1s informaci\\u00f3n\",\"icon_align\":\"left\",\"link\":\"es\\\/about\\\/\"}}]}]},{\"type\":\"column\",\"props\":{\"image_position\":\"center-center\",\"media_overlay_gradient\":\"\",\"order_first\":\"xs\",\"position_sticky_breakpoint\":\"m\",\"width_medium\":\"1-2\"},\"children\":[]}]}],\"name\":\"homesec uk-visible@m\"},{\"type\":\"section\",\"props\":{\"class\":\"homesec uk-visible@s uk-hidden@m\",\"height\":\"percent\",\"image\":\"wp-content\\\/uploads\\\/2024\\\/02\\\/SOOS_website_260224_SK-2.png\",\"image_effect\":\"parallax\",\"image_parallax_bgx\":\"-40\",\"image_position\":\"top-center\",\"image_size\":\"contain\",\"padding_remove_bottom\":true,\"padding_remove_top\":false,\"style\":\"default\",\"title_breakpoint\":\"xl\",\"title_position\":\"top-left\",\"title_rotation\":\"left\",\"vertical_align\":\"middle\",\"width\":\"default\"},\"children\":[{\"type\":\"row\",\"props\":{\"layout\":\"1-2,1-2\"},\"children\":[{\"type\":\"column\",\"props\":{\"image_position\":\"center-center\",\"media_overlay_gradient\":\"\",\"order_first\":\"l\",\"position_sticky_breakpoint\":\"m\",\"width_medium\":\"1-2\"},\"children\":[{\"type\":\"headline\",\"props\":{\"animation\":\"fade\",\"class\":\"hometext\",\"content\":\"Sons of Silence, el impacto de la violencia dom\\u00e9stica en el desarrollo conductual de los j\\u00f3venes\",\"margin_remove_top\":false,\"parallax_scale\":\"1\",\"parallax_x\":\"0 40%\",\"position\":\"relative\",\"position_top\":\"120\",\"text_align\":\"center\",\"title_color\":\"primary\",\"title_element\":\"h1\",\"title_font_family\":\"primary\"}},{\"type\":\"button\",\"props\":{\"animation\":\"fade\",\"class\":\"\",\"fullwidth\":false,\"grid_column_gap\":\"\",\"grid_row_gap\":\"\",\"margin\":\"large\",\"position\":\"relative\",\"position_top\":\"120\",\"text_align\":\"center\"},\"children\":[{\"type\":\"button_item\",\"props\":{\"button_style\":\"primary\",\"content\":\"M\\u00e1s informaci\\u00f3n\",\"icon_align\":\"left\",\"link\":\"es\\\/about\\\/\"}}]}]},{\"type\":\"column\",\"props\":{\"image_position\":\"center-center\",\"media_overlay_gradient\":\"\",\"order_first\":\"xs\",\"position_sticky_breakpoint\":\"m\",\"width_medium\":\"1-2\"},\"children\":[]}]}],\"name\":\"homesec uk-visible@s uk-hidden@m\"},{\"type\":\"section\",\"props\":{\"animation\":\"fade\",\"animation_delay\":\"200\",\"class\":\"homesec uk-hidden@s\",\"image\":\"\",\"image_position\":\"center-center\",\"padding_remove_top\":false,\"style\":\"default\",\"title_breakpoint\":\"xl\",\"title_position\":\"top-left\",\"title_rotation\":\"left\",\"vertical_align\":\"middle\",\"width\":\"default\"},\"children\":[{\"type\":\"row\",\"children\":[{\"type\":\"column\",\"props\":{\"image_position\":\"center-center\",\"media_overlay_gradient\":\"\",\"position_sticky_breakpoint\":\"m\",\"width_medium\":\"\"},\"children\":[{\"type\":\"headline\",\"props\":{\"animation\":\"fade\",\"class\":\"hometext\",\"content\":\"Sons of Silence, el impacto de la violencia dom\\u00e9stica en el desarrollo conductual de los j\\u00f3venes\",\"margin_remove_top\":false,\"parallax_scale\":\"1\",\"parallax_x\":\"0 40%\",\"title_color\":\"primary\",\"title_element\":\"h1\",\"title_font_family\":\"primary\"}},{\"type\":\"image\",\"props\":{\"animation\":\"parallax\",\"image\":\"wp-content\\\/uploads\\\/2024\\\/02\\\/SOOS_website_260224_SK-1.png\",\"image_svg_color\":\"emphasis\",\"image_width\":\"200\",\"margin\":\"default\",\"parallax_transform_origin\":\"top-left\",\"parallax_x\":\"80 40%\",\"position\":\"relative\",\"position_left\":\"-80\",\"text_align\":\"center\"}},{\"type\":\"button\",\"props\":{\"animation\":\"fade\",\"class\":\"homebutton\",\"fullwidth\":false,\"grid_column_gap\":\"\",\"grid_row_gap\":\"\",\"margin\":\"large\",\"text_align\":\"left\"},\"children\":[{\"type\":\"button_item\",\"props\":{\"button_style\":\"primary\",\"content\":\"M\\u00e1s informaci\\u00f3n\",\"icon_align\":\"left\",\"link\":\"es\\\/about\\\/\"}}]}]}]}],\"name\":\"homesec uk-hidden@s\"}],\"version\":\"3.0.20\"} --><\/p>\n","protected":false},"excerpt":{"rendered":"<p>Sons of Silence, el impacto de la violencia dom\u00e9stica en el desarrollo conductual de los j\u00f3venes M\u00e1s informaci\u00f3n Sons of Silence, el impacto de la..<\/p>\n","protected":false},"author":1,"featured_media":0,"parent":0,"menu_order":0,"comment_status":"closed","ping_status":"closed","template":"","meta":{"_acf_changed":false,"inline_featured_image":false,"footnotes":""},"class_list":["post-1261","page","type-page","status-publish","hentry"],"acf":[],"_links":{"self":[{"href":"https:\/\/soosproject.eu\/es\/wp-json\/wp\/v2\/pages\/1261","targetHints":{"allow":["GET"]}}],"collection":[{"href":"https:\/\/soosproject.eu\/es\/wp-json\/wp\/v2\/pages"}],"about":[{"href":"https:\/\/soosproject.eu\/es\/wp-json\/wp\/v2\/types\/page"}],"author":[{"embeddable":true,"href":"https:\/\/soosproject.eu\/es\/wp-json\/wp\/v2\/users\/1"}],"replies":[{"embeddable":true,"href":"https:\/\/soosproject.eu\/es\/wp-json\/wp\/v2\/comments?post=1261"}],"version-history":[{"count":7,"href":"https:\/\/soosproject.eu\/es\/wp-json\/wp\/v2\/pages\/1261\/revisions"}],"predecessor-version":[{"id":1885,"href":"https:\/\/soosproject.eu\/es\/wp-json\/wp\/v2\/pages\/1261\/revisions\/1885"}],"wp:attachment":[{"href":"https:\/\/soosproject.eu\/es\/wp-json\/wp\/v2\/media?parent=1261"}],"curies":[{"name":"wp","href":"https:\/\/api.w.org\/{rel}","templated":true}]}}