{"id":1677,"date":"2022-02-24T14:11:37","date_gmt":"2022-02-24T12:11:37","guid":{"rendered":"https:\/\/soosproject.eu\/about\/"},"modified":"2025-04-15T11:38:32","modified_gmt":"2025-04-15T09:38:32","slug":"about","status":"publish","type":"page","link":"https:\/\/soosproject.eu\/es\/about\/","title":{"rendered":"Acerca de"},"content":{"rendered":"<h1>ACERCA DE<\/h1>\n<div>\n<p>La violencia dom\u00e9stica es una forma de victimizaci\u00f3n que implica estar expuesto a ella en el hogar, ya sea presenciando la violencia o estando expuesto a sus secuelas. Cuando alguien distinto de la v\u00edctima directa de la violencia dom\u00e9stica se ve afectado por los malos tratos, se habla de victimizaci\u00f3n indirecta de la violencia dom\u00e9stica. Los j\u00f3venes pueden sufrir efectos profundos y duraderos por ser v\u00edctimas indirectas del maltrato dom\u00e9stico.<br \/>El proyecto SOOS pretende abordar los problemas de la victimizaci\u00f3n indirecta de los j\u00f3venes expuestos a la violencia dom\u00e9stica, concienciando sobre la necesidad de cambiar el c\u00edrculo vicioso de la violencia y de modificar los comportamientos.<\/p>\n<\/div>\n<p><img decoding=\"async\" src=\"\/wp-content\/uploads\/2024\/03\/AboutUs-Img.png\" alt=\"\"><\/p>\n<h2>Finalidad y objetivos<\/h2>\n<div>\n<p>El objetivo del proyecto SOOS es concienciar sobre el impacto potencial de la violencia dom\u00e9stica en los j\u00f3venes y poner de relieve los riesgos de sufrir violencia dom\u00e9stica y sus posibles efectos en la salud f\u00edsica, emocional y psicol\u00f3gica de los j\u00f3venes.<\/p>\n<p>El proyecto SOOS tambi\u00e9n pretende proporcionar recursos y apoyo a los afectados por la violencia dom\u00e9stica y educar al p\u00fablico sobre medidas preventivas. En \u00faltima instancia, el proyecto SOOS pretende reducir la prevalencia de la violencia dom\u00e9stica en nuestra sociedad y crear entornos m\u00e1s seguros y saludables para los j\u00f3venes.<\/p>\n<\/div>\n<div>\n<p>        <img decoding=\"async\" src=\"\/wp-content\/uploads\/2024\/03\/About1Icon.png\" alt=\"\"><\/p>\n<div>\n<p>Aumentar la concienciaci\u00f3n de los j\u00f3venes sobre los riesgos y peligros de la violencia dom\u00e9stica y desarrollar estrategias para ayudarles a hacer frente a los efectos de la violencia dom\u00e9stica.<\/p>\n<\/div>\n<\/div>\n<div>\n<p>        <img decoding=\"async\" src=\"\/wp-content\/uploads\/2024\/03\/About2Icon.png\" alt=\"\"><\/p>\n<div>\n<p>Fomentar las relaciones de apoyo entre j\u00f3venes y adultos para promover la resiliencia y proporcionar a los j\u00f3venes una red de apoyo de compa\u00f1eros que tambi\u00e9n hayan sufrido violencia dom\u00e9stica.<\/p>\n<\/div>\n<\/div>\n<div>\n<p>        <img decoding=\"async\" src=\"\/wp-content\/uploads\/2024\/03\/About3Icon.png\" alt=\"\"><\/p>\n<div>\n<p>Proporcionar a los j\u00f3venes acceso a servicios de salud mental adecuados y crear un entorno seguro para que puedan hablar de sus experiencias y sentimientos.<\/p>\n<\/div>\n<\/div>\n<div>\n<p>        <img decoding=\"async\" src=\"\/wp-content\/uploads\/2024\/03\/About4Icon.png\" alt=\"\"><\/p>\n<div>\n<p>Educar a los j\u00f3venes sobre la importancia de unas relaciones sanas y animarles a denunciar la violencia dom\u00e9stica y a construir un sentimiento de empoderamiento.<\/p>\n<\/div>\n<\/div>\n<div>\n<p>        <img decoding=\"async\" src=\"\/wp-content\/uploads\/2024\/03\/About5Icon.png\" alt=\"\"><\/p>\n<div>\n<p>Elaborar un plan de acci\u00f3n para prevenir nuevos casos de violencia dom\u00e9stica en el hogar y poner a los j\u00f3venes en contacto con recursos comunitarios que puedan proporcionarles apoyo y asistencia.<\/p>\n<\/div>\n<\/div>\n<p><!--more--><br \/>\n<!-- {\"type\":\"layout\",\"children\":[{\"type\":\"section\",\"props\":{\"animation_delay\":\"200\",\"image_position\":\"center-center\",\"style\":\"default\",\"title_breakpoint\":\"xl\",\"title_position\":\"top-left\",\"title_rotation\":\"left\",\"vertical_align\":\"middle\",\"width\":\"default\"},\"children\":[{\"type\":\"row\",\"props\":{\"layout\":\"1-2,1-2\"},\"children\":[{\"type\":\"column\",\"props\":{\"image_position\":\"center-center\",\"media_overlay_gradient\":\"\",\"position_sticky_breakpoint\":\"m\",\"width_medium\":\"1-2\"},\"children\":[{\"type\":\"headline\",\"props\":{\"content\":\"ACERCA DE\",\"text_align\":\"left\",\"title_color\":\"success\",\"title_element\":\"h1\",\"title_font_family\":\"primary\"},\"name\":\"headline-pages\"},{\"type\":\"text\",\"props\":{\"column_breakpoint\":\"m\",\"content\":\"\n\n<p>La violencia dom\\u00e9stica es una forma de victimizaci\\u00f3n que implica estar expuesto a ella en el hogar, ya sea presenciando la violencia o estando expuesto a sus secuelas. Cuando alguien distinto de la v\\u00edctima directa de la violencia dom\\u00e9stica se ve afectado por los malos tratos, se habla de victimizaci\\u00f3n indirecta de la violencia dom\\u00e9stica. Los j\\u00f3venes pueden sufrir efectos profundos y duraderos por ser v\\u00edctimas indirectas del maltrato dom\\u00e9stico.<br \\\/>El proyecto SOOS pretende abordar los problemas de la victimizaci\\u00f3n indirecta de los j\\u00f3venes expuestos a la violencia dom\\u00e9stica, concienciando sobre la necesidad de cambiar el c\\u00edrculo vicioso de la violencia y de modificar los comportamientos.<\\\/p>\",\"margin\":\"default\",\"text_color\":\"secondary\",\"text_style\":\"lead\"}}]},{\"type\":\"column\",\"props\":{\"image_position\":\"center-center\",\"media_overlay_gradient\":\"\",\"position_sticky_breakpoint\":\"m\",\"width_medium\":\"1-2\"},\"children\":[{\"type\":\"image\",\"props\":{\"animation\":\"fade\",\"class\":\"about-img\",\"image\":\"wp-content\\\/uploads\\\/2024\\\/03\\\/AboutUs-Img.png\",\"image_svg_color\":\"emphasis\",\"margin\":\"default\",\"position_top\":\"60\"}}]}]}],\"name\":\"About sec\"},{\"type\":\"section\",\"props\":{\"image_position\":\"center-center\",\"padding\":\"none\",\"style\":\"default\",\"title_breakpoint\":\"xl\",\"title_position\":\"top-left\",\"title_rotation\":\"left\",\"vertical_align\":\"middle\",\"width\":\"default\"},\"children\":[{\"type\":\"row\",\"children\":[{\"type\":\"column\",\"props\":{\"image_position\":\"center-center\",\"media_overlay_gradient\":\"\",\"position_sticky_breakpoint\":\"m\"},\"children\":[{\"type\":\"headline\",\"props\":{\"content\":\"Finalidad y objetivos\",\"title_color\":\"secondary\",\"title_element\":\"h2\",\"title_font_family\":\"primary\"}},{\"type\":\"text\",\"props\":{\"column_breakpoint\":\"m\",\"content\":\"\n\n<p>El objetivo del proyecto SOOS es concienciar sobre el impacto potencial de la violencia dom\\u00e9stica en los j\\u00f3venes y poner de relieve los riesgos de sufrir violencia dom\\u00e9stica y sus posibles efectos en la salud f\\u00edsica, emocional y psicol\\u00f3gica de los j\\u00f3venes.<\\\/p>\\n\n\n<p>El proyecto SOOS tambi\\u00e9n pretende proporcionar recursos y apoyo a los afectados por la violencia dom\\u00e9stica y educar al p\\u00fablico sobre medidas preventivas. En \\u00faltima instancia, el proyecto SOOS pretende reducir la prevalencia de la violencia dom\\u00e9stica en nuestra sociedad y crear entornos m\\u00e1s seguros y saludables para los j\\u00f3venes.<\\\/p>\",\"margin\":\"default\",\"text_color\":\"secondary\",\"text_style\":\"lead\"}}]}]}]},{\"type\":\"section\",\"props\":{\"animation\":\"scale-up\",\"animation_delay\":\"200\",\"class\":\"1-5\",\"image_position\":\"center-center\",\"padding\":\"large\",\"padding_remove_top\":false,\"style\":\"default\",\"title_breakpoint\":\"xl\",\"title_position\":\"top-left\",\"title_rotation\":\"left\",\"vertical_align\":\"middle\",\"width\":\"default\"},\"children\":[{\"type\":\"row\",\"props\":{\"css\":\".el-content {\\n    color:#6214AD;\\n}\",\"layout\":\"1-5,1-5,1-5,1-5,1-5|1-2,1-2,1-3,1-3,1-3\",\"match\":true},\"children\":[{\"type\":\"column\",\"props\":{\"image_position\":\"center-center\",\"media_overlay_gradient\":\"\",\"position_sticky_breakpoint\":\"m\",\"width_medium\":\"1-5\",\"width_small\":\"1-2\"},\"children\":[{\"type\":\"panel\",\"props\":{\"content\":\"\n\n<p>Aumentar la concienciaci\\u00f3n de los j\\u00f3venes sobre los riesgos y peligros de la violencia dom\\u00e9stica y desarrollar estrategias para ayudarles a hacer frente a los efectos de la violencia dom\\u00e9stica.<\\\/p>\",\"content_column_breakpoint\":\"m\",\"content_style\":\"text-lead\",\"icon_width\":80,\"image\":\"wp-content\\\/uploads\\\/2024\\\/03\\\/About1Icon.png\",\"image_align\":\"between\",\"image_grid_breakpoint\":\"m\",\"image_grid_width\":\"1-2\",\"image_svg_color\":\"emphasis\",\"link_style\":\"default\",\"link_text\":\"Read more\",\"margin\":\"default\",\"meta_align\":\"below-title\",\"meta_element\":\"div\",\"meta_style\":\"text-meta\",\"text_align\":\"center\",\"title\":\"\",\"title_align\":\"top\",\"title_element\":\"h3\",\"title_grid_breakpoint\":\"m\",\"title_grid_width\":\"1-2\",\"title_hover_style\":\"reset\"}}]},{\"type\":\"column\",\"props\":{\"image_position\":\"center-center\",\"media_overlay_gradient\":\"\",\"position_sticky_breakpoint\":\"m\",\"width_medium\":\"1-5\",\"width_small\":\"1-2\"},\"children\":[{\"type\":\"panel\",\"props\":{\"content\":\"\n\n<p>Fomentar las relaciones de apoyo entre j\\u00f3venes y adultos para promover la resiliencia y proporcionar a los j\\u00f3venes una red de apoyo de compa\\u00f1eros que tambi\\u00e9n hayan sufrido violencia dom\\u00e9stica.<\\\/p>\",\"content_column_breakpoint\":\"m\",\"content_style\":\"text-lead\",\"icon_width\":80,\"image\":\"wp-content\\\/uploads\\\/2024\\\/03\\\/About2Icon.png\",\"image_align\":\"between\",\"image_grid_breakpoint\":\"m\",\"image_grid_width\":\"1-2\",\"image_svg_color\":\"emphasis\",\"link_style\":\"default\",\"link_text\":\"Read more\",\"margin\":\"default\",\"meta_align\":\"below-title\",\"meta_element\":\"div\",\"meta_style\":\"text-meta\",\"text_align\":\"center\",\"title_align\":\"top\",\"title_element\":\"h3\",\"title_grid_breakpoint\":\"m\",\"title_grid_width\":\"1-2\",\"title_hover_style\":\"reset\"}}]},{\"type\":\"column\",\"props\":{\"image_position\":\"center-center\",\"media_overlay_gradient\":\"\",\"position_sticky_breakpoint\":\"m\",\"width_medium\":\"1-5\",\"width_small\":\"1-3\"},\"children\":[{\"type\":\"panel\",\"props\":{\"content\":\"\n\n<p>Proporcionar a los j\\u00f3venes acceso a servicios de salud mental adecuados y crear un entorno seguro para que puedan hablar de sus experiencias y sentimientos.<\\\/p>\",\"content_column_breakpoint\":\"m\",\"content_style\":\"text-lead\",\"icon_width\":80,\"image\":\"wp-content\\\/uploads\\\/2024\\\/03\\\/About3Icon.png\",\"image_align\":\"between\",\"image_grid_breakpoint\":\"m\",\"image_grid_width\":\"1-2\",\"image_svg_color\":\"emphasis\",\"link_style\":\"default\",\"link_text\":\"Read more\",\"margin\":\"default\",\"meta_align\":\"below-title\",\"meta_element\":\"div\",\"meta_style\":\"text-meta\",\"text_align\":\"center\",\"title_align\":\"top\",\"title_element\":\"h3\",\"title_grid_breakpoint\":\"m\",\"title_grid_width\":\"1-2\",\"title_hover_style\":\"reset\"}}]},{\"type\":\"column\",\"props\":{\"image_position\":\"center-center\",\"media_overlay_gradient\":\"\",\"position_sticky_breakpoint\":\"m\",\"width_medium\":\"1-5\",\"width_small\":\"1-3\"},\"children\":[{\"type\":\"panel\",\"props\":{\"content\":\"\n\n<p>Educar a los j\\u00f3venes sobre la importancia de unas relaciones sanas y animarles a denunciar la violencia dom\\u00e9stica y a construir un sentimiento de empoderamiento.<\\\/p>\",\"content_column_breakpoint\":\"m\",\"content_style\":\"text-lead\",\"icon_width\":80,\"image\":\"wp-content\\\/uploads\\\/2024\\\/03\\\/About4Icon.png\",\"image_align\":\"between\",\"image_grid_breakpoint\":\"m\",\"image_grid_width\":\"1-2\",\"image_svg_color\":\"emphasis\",\"link_style\":\"default\",\"link_text\":\"Read more\",\"margin\":\"default\",\"meta_align\":\"below-title\",\"meta_element\":\"div\",\"meta_style\":\"text-meta\",\"text_align\":\"center\",\"title_align\":\"top\",\"title_element\":\"h3\",\"title_grid_breakpoint\":\"m\",\"title_grid_width\":\"1-2\",\"title_hover_style\":\"reset\"}}]},{\"type\":\"column\",\"props\":{\"image_position\":\"center-center\",\"media_overlay_gradient\":\"\",\"position_sticky_breakpoint\":\"m\",\"width_medium\":\"1-5\",\"width_small\":\"1-3\"},\"children\":[{\"type\":\"panel\",\"props\":{\"block_align\":\"center\",\"content\":\"\n\n<p>Elaborar un plan de acci\\u00f3n para prevenir nuevos casos de violencia dom\\u00e9stica en el hogar y poner a los j\\u00f3venes en contacto con recursos comunitarios que puedan proporcionarles apoyo y asistencia.<\\\/p>\",\"content_column_breakpoint\":\"m\",\"content_style\":\"text-lead\",\"icon_width\":80,\"image\":\"wp-content\\\/uploads\\\/2024\\\/03\\\/About5Icon.png\",\"image_align\":\"between\",\"image_grid_breakpoint\":\"m\",\"image_grid_width\":\"1-2\",\"image_svg_color\":\"emphasis\",\"link_style\":\"default\",\"link_text\":\"Read more\",\"margin\":\"default\",\"meta_align\":\"below-title\",\"meta_element\":\"div\",\"meta_style\":\"text-meta\",\"text_align\":\"center\",\"title_align\":\"top\",\"title_element\":\"h3\",\"title_grid_breakpoint\":\"m\",\"title_grid_width\":\"1-2\",\"title_hover_style\":\"reset\"}}]}]},{\"type\":\"row\",\"children\":[{\"type\":\"column\",\"props\":{\"image_position\":\"center-center\",\"media_overlay_gradient\":\"\",\"position_sticky_breakpoint\":\"m\"},\"children\":[{\"type\":\"totop\",\"props\":{\"margin\":\"default\",\"text_align\":\"center\",\"title_grid_column_gap\":\"small\",\"title_grid_row_gap\":\"small\"}}]}]}],\"name\":\"1-5 SEC\"}],\"version\":\"3.0.20\"} --><\/p>\n","protected":false},"excerpt":{"rendered":"<p>ACERCA DE La violencia dom\u00e9stica es una forma de victimizaci\u00f3n que implica estar expuesto a ella en el hogar, ya sea presenciando la violencia o..<\/p>\n","protected":false},"author":1,"featured_media":0,"parent":0,"menu_order":0,"comment_status":"closed","ping_status":"closed","template":"","meta":{"_acf_changed":false,"inline_featured_image":false,"footnotes":""},"class_list":["post-1677","page","type-page","status-publish","hentry"],"acf":[],"_links":{"self":[{"href":"https:\/\/soosproject.eu\/es\/wp-json\/wp\/v2\/pages\/1677","targetHints":{"allow":["GET"]}}],"collection":[{"href":"https:\/\/soosproject.eu\/es\/wp-json\/wp\/v2\/pages"}],"about":[{"href":"https:\/\/soosproject.eu\/es\/wp-json\/wp\/v2\/types\/page"}],"author":[{"embeddable":true,"href":"https:\/\/soosproject.eu\/es\/wp-json\/wp\/v2\/users\/1"}],"replies":[{"embeddable":true,"href":"https:\/\/soosproject.eu\/es\/wp-json\/wp\/v2\/comments?post=1677"}],"version-history":[{"count":4,"href":"https:\/\/soosproject.eu\/es\/wp-json\/wp\/v2\/pages\/1677\/revisions"}],"predecessor-version":[{"id":1906,"href":"https:\/\/soosproject.eu\/es\/wp-json\/wp\/v2\/pages\/1677\/revisions\/1906"}],"wp:attachment":[{"href":"https:\/\/soosproject.eu\/es\/wp-json\/wp\/v2\/media?parent=1677"}],"curies":[{"name":"wp","href":"https:\/\/api.w.org\/{rel}","templated":true}]}}