{"id":1691,"date":"2022-03-21T06:09:31","date_gmt":"2022-03-21T04:09:31","guid":{"rendered":"https:\/\/soosproject.eu\/partners\/"},"modified":"2025-08-29T12:43:16","modified_gmt":"2025-08-29T10:43:16","slug":"partners","status":"publish","type":"page","link":"https:\/\/soosproject.eu\/es\/partners\/","title":{"rendered":"Socios"},"content":{"rendered":"<h1>SOCIOS<\/h1>\n<ul>\n<li>\n<p>        <img decoding=\"async\" src=\"\/wp-content\/uploads\/2024\/03\/CARDET_logo_highRes-1.png\" alt=\"\"><\/p>\n<h3>CARDET<\/h3>\n<div>\n<p><span>CARDET es uno de los principales centros de investigaci\u00f3n y formaci\u00f3n de la regi\u00f3n del Mediterr\u00e1neo oriental, con experiencia global en dise\u00f1o y ejecuci\u00f3n de proyectos, gesti\u00f3n de proyectos, formaci\u00f3n y aprendizaje electr\u00f3nico. CARDET ha llevado a cabo numerosos proyectos relacionados con el desarrollo de iniciativas de formaci\u00f3n profesional y de adultos en los \u00e1mbitos del trabajo social, la innovaci\u00f3n y el esp\u00edritu empresarial. Los miembros de su equipo y junta directiva representan a instituciones de educaci\u00f3n superior europeas e internacionales, centros de formaci\u00f3n y organizaciones internacionales, y tienen un profundo conocimiento del sector de la formaci\u00f3n de adultos y del \u00e1rea de la alfabetizaci\u00f3n financiera, mientras que CARDET se centra en la promoci\u00f3n de la justicia social y el progreso social. CARDET re\u00fane a un equipo internacional de expertos con d\u00e9cadas de experiencia global en formaci\u00f3n de adultos, desarrollo curricular, emprendimiento social, formaci\u00f3n profesional, dise\u00f1o, innovaci\u00f3n, investigaci\u00f3n educativa, evaluaci\u00f3n y desarrollo de recursos humanos.<\/span><\/p>\n<\/div>\n<p><a href=\"https:\/\/cardet.org\/\">M\u00e1s informaci\u00f3n<\/a><\/p>\n<\/li>\n<li>\n<p>        <img decoding=\"async\" src=\"\/wp-content\/uploads\/2024\/03\/Rightchallenge_Logo.png\" alt=\"\"><\/p>\n<h3>RightChallenge<\/h3>\n<div>\n<p>RightChallenge es una organizaci\u00f3n no gubernamental dedicada a promover la inclusi\u00f3n social y la igualdad de oportunidades a trav\u00e9s de la educaci\u00f3n y la formaci\u00f3n. Mediante la colaboraci\u00f3n con numerosas partes interesadas y la formaci\u00f3n educativa, la organizaci\u00f3n fomenta una ciudadan\u00eda responsable, democr\u00e1tica y activa. RightChallenge ofrece trabajo y otras actividades para grupos concretos, as\u00ed como formaci\u00f3n, apoyo sanitario y de rehabilitaci\u00f3n, servicios de vivienda y asistencia, educaci\u00f3n elemental y familiar. Seg\u00fan RightChallenge, la educaci\u00f3n es un componente crucial del desarrollo de un joven, ya que le prepara para participar y contribuir en todas las esferas de la sociedad, incluidas las relacionadas con su familia, empleo, comunidad y ocio. Como organizaci\u00f3n centrada en la comunidad, tambi\u00e9n ofrece servicios de dise\u00f1o curricular y consultor\u00eda para el desarrollo de la juventud y la comunidad, as\u00ed como oportunidades de voluntariado y programas socioeducativos para comunidades en riesgo de exclusi\u00f3n social.<\/p>\n<\/div>\n<p><a href=\"https:\/\/rightchallenge.org\/\">M\u00e1s informaci\u00f3n<\/a><\/p>\n<\/li>\n<li>\n<p>        <img decoding=\"async\" src=\"\/wp-content\/uploads\/2024\/03\/IFES_COOP_FULL_BIG.jpg\" alt=\"\"><\/p>\n<h3>IFESCOOP<\/h3>\n<div>\n<p><span>IFESCOOP es una cooperativa sin \u00e1nimo de lucro que coopera con la Administraci\u00f3n P\u00fablica regional y local (Gobierno Regional y Ayuntamientos), Interlocutores Sociales (Sindicatos y Asociaciones Empresariales), as\u00ed como muchas otras instituciones y organizaciones en diferentes campos, principalmente relacionados con la educaci\u00f3n de adultos y la formaci\u00f3n profesional. IFESCOOP imparte formaci\u00f3n profesional a diferentes grupos destinatarios, dando prioridad a grupos desfavorecidos espec\u00edficos, habiendo participado en numerosos proyectos europeos relacionados con la educaci\u00f3n.<\/span><\/p>\n<\/div>\n<p><a href=\"https:\/\/www.ifescoop.eu\">M\u00e1s informaci\u00f3n<\/a><\/p>\n<\/li>\n<li>\n<p>        <img decoding=\"async\" src=\"\/wp-content\/uploads\/2024\/03\/SEDAVI_logo.png\" alt=\"\"><\/p>\n<h3>SEDAV\u00cd TOWN COUNCIL<\/h3>\n<div>\n<p>El Ayuntamiento de Sedav\u00ed es una entidad p\u00fablica local que se encarga de prestar una serie de servicios a la poblaci\u00f3n, que asciende a cerca de once mil personas.<\/p>\n<p>Entre esos servicios se encuentran: servicios sociales en general, empleo, pol\u00edticas de igualdad, ayuda a las personas mayores y pol\u00edticas de violencia de g\u00e9nero.<\/p>\n<p>Recientemente, se ha comenzado a trabajar en el \u00e1mbito de los Proyectos Europeos, principalmente proyectos ERASMUS+, contando ya con una serie de Socios Europeos.<\/p>\n<\/div>\n<p><a href=\"https:\/\/www.sedavi.es\">M\u00e1s informaci\u00f3n<\/a><\/p>\n<\/li>\n<li>\n<p>        <img decoding=\"async\" src=\"\/wp-content\/uploads\/2024\/03\/Logo-Exeo-Lab.png\" alt=\"\"><\/p>\n<h3>Exeo Lab<\/h3>\n<div>\n<p>Exeo Lab es una asociaci\u00f3n de especialistas en pol\u00edticas con d\u00e9cadas de experiencia en servicios de consultor\u00eda a entidades p\u00fablicas y privadas. Nuestra principal \u00e1rea de inter\u00e9s es la investigaci\u00f3n y el an\u00e1lisis espacial a trav\u00e9s de herramientas y tecnolog\u00edas innovadoras para apoyar el dise\u00f1o de pol\u00edticas en sectores clave y emergentes. Nuestra empresa proporciona a PYME y startups innovadoras apoyo avanzado y altamente personalizado en los \u00e1mbitos de la inversi\u00f3n, la captaci\u00f3n de fondos, la internacionalizaci\u00f3n y la contrataci\u00f3n p\u00fablica.<\/p>\n<p>Exeo Lab tambi\u00e9n participa en proyectos de investigaci\u00f3n regionales, nacionales y transnacionales destinados a crear oportunidades de desarrollo para los territorios, especialmente en los \u00e1mbitos del emprendimiento, el desarrollo sostenible, la econom\u00eda social y la inclusi\u00f3n social y laboral.<\/p>\n<p>Gracias a la profesionalidad de nuestro equipo y a la seriedad de un trabajo cuidadoso y met\u00f3dico, nuestra empresa se ha consolidado en el sector de la consultor\u00eda y la planificaci\u00f3n, convirti\u00e9ndose en un s\u00f3lido punto de referencia para organizaciones p\u00fablicas y privadas en Italia y en el extranjero.<\/p>\n<\/div>\n<p><a href=\"https:\/\/www.exeolab.it\">M\u00e1s informaci\u00f3n<\/a><\/p>\n<\/li>\n<li>\n<p>        <img decoding=\"async\" src=\"\/wp-content\/uploads\/2024\/03\/logo_berlink-NEW.jpg\" alt=\"\"><\/p>\n<h3>Berlink ETN GmbH<\/h3>\n<div>\n<p>Berlink ETN GmbH es una organizaci\u00f3n alemana con una consolidada experiencia en la organizaci\u00f3n de experiencias profesionales, educativas y de pr\u00e1cticas cualificadas en Berl\u00edn.<\/p>\n<p>El objetivo de la empresa coincide con los objetivos generales fijados por el programa Erasmus Plus: mejorar la calidad y el volumen de la movilidad y la cooperaci\u00f3n entre instituciones educativas y empresas de toda la UE.<\/p>\n<p>De hecho, Berlink colabora estrechamente con una amplia red de empresas locales y participa activamente en proyectos de la UE que recopilan experiencias innovadoras y buenas pr\u00e1cticas sobre la participaci\u00f3n activa de las PYME como socios de acogida en proyectos de movilidad. Gracias a una s\u00f3lida red de socios internacionales y a un proceso continuo de intercambio de experiencias transnacionales, Berlink es capaz de proporcionar experiencias de pr\u00e1cticas laborales con un impacto relevante en el proceso de aprendizaje mediante la aplicaci\u00f3n de m\u00e9todos innovadores (implementaci\u00f3n del sistema ECVET) y enfoques comunes para planificar e impartir con \u00e9xito la formaci\u00f3n en la preparaci\u00f3n para las experiencias laborales. Berlink es muy activo en la participaci\u00f3n de proyectos europeos con el objetivo de mejorar el desarrollo, la transferencia y la implementaci\u00f3n de pr\u00e1cticas innovadoras, fomentando el uso de las TIC en la educaci\u00f3n, la formaci\u00f3n y el mercado laboral. Berlink forma parte de \u00abETN Network\u00bb con empresas en Italia (Rimini y Potenza), Espa\u00f1a (M\u00e1laga), Bulgaria (Sof\u00eda), Alemania (Berl\u00edn), Portugal (Lisboa), Grecia (Rodas) e Irlanda (Cork).<\/p>\n<\/div>\n<p><a href=\"https:\/\/www.berlink.eu\">M\u00e1s informaci\u00f3n<\/a><\/p>\n<\/li>\n<\/ul>\n<p><!--more--><br \/>\n<!-- {\"type\":\"layout\",\"children\":[{\"type\":\"section\",\"props\":{\"animation\":\"scale-up\",\"animation_delay\":\"200\",\"image_position\":\"center-center\",\"padding_remove_bottom\":false,\"padding_remove_top\":false,\"style\":\"default\",\"title_breakpoint\":\"xl\",\"title_position\":\"top-left\",\"title_rotation\":\"left\",\"vertical_align\":\"\",\"width\":\"default\"},\"children\":[{\"type\":\"row\",\"children\":[{\"type\":\"column\",\"props\":{\"image_position\":\"center-center\",\"position_sticky_breakpoint\":\"m\"},\"children\":[{\"type\":\"headline\",\"props\":{\"animation\":\"fade\",\"content\":\"SOCIOS\",\"text_align\":\"left\",\"title_color\":\"success\",\"title_element\":\"h1\",\"title_font_family\":\"primary\"},\"name\":\"headline-pages\"}]}]}],\"name\":\"Partners sec\"},{\"type\":\"section\",\"props\":{\"animation\":\"slide-left\",\"animation_delay\":\"200\",\"image_position\":\"center-center\",\"padding_remove_top\":true,\"style\":\"default\",\"title_breakpoint\":\"xl\",\"title_position\":\"top-left\",\"title_rotation\":\"left\",\"vertical_align\":\"\",\"width\":\"default\"},\"children\":[{\"type\":\"row\",\"children\":[{\"type\":\"column\",\"props\":{\"image_position\":\"center-center\",\"position_sticky_breakpoint\":\"m\"},\"children\":[{\"type\":\"accordion\",\"props\":{\"animation\":\"slide-left\",\"collapsible\":true,\"content_column_breakpoint\":\"m\",\"content_style\":\"lead\",\"image_align\":\"left\",\"image_grid_breakpoint\":\"m\",\"image_grid_column_gap\":\"collapse\",\"image_grid_width\":\"large\",\"image_svg_color\":\"emphasis\",\"image_width\":\"350\",\"link_style\":\"primary\",\"link_text\":\"Read more\",\"show_image\":true,\"show_link\":true,\"text_align\":\"left\"},\"children\":[{\"type\":\"accordion_item\",\"props\":{\"content\":\"\n\n<p><span>CARDET es uno de los principales centros de investigaci\\u00f3n y formaci\\u00f3n de la regi\\u00f3n del Mediterr\\u00e1neo oriental, con experiencia global en dise\\u00f1o y ejecuci\\u00f3n de proyectos, gesti\\u00f3n de proyectos, formaci\\u00f3n y aprendizaje electr\\u00f3nico. CARDET ha llevado a cabo numerosos proyectos relacionados con el desarrollo de iniciativas de formaci\\u00f3n profesional y de adultos en los \\u00e1mbitos del trabajo social, la innovaci\\u00f3n y el esp\\u00edritu empresarial. Los miembros de su equipo y junta directiva representan a instituciones de educaci\\u00f3n superior europeas e internacionales, centros de formaci\\u00f3n y organizaciones internacionales, y tienen un profundo conocimiento del sector de la formaci\\u00f3n de adultos y del \\u00e1rea de la alfabetizaci\\u00f3n financiera, mientras que CARDET se centra en la promoci\\u00f3n de la justicia social y el progreso social. CARDET re\\u00fane a un equipo internacional de expertos con d\\u00e9cadas de experiencia global en formaci\\u00f3n de adultos, desarrollo curricular, emprendimiento social, formaci\\u00f3n profesional, dise\\u00f1o, innovaci\\u00f3n, investigaci\\u00f3n educativa, evaluaci\\u00f3n y desarrollo de recursos humanos.<\\\/span><\\\/p>\",\"image\":\"wp-content\\\/uploads\\\/2024\\\/03\\\/CARDET_logo_highRes-1.png\",\"link\":\"https:\\\/\\\/cardet.org\\\/\",\"link_text\":\"M\\u00e1s informaci\\u00f3n\",\"title\":\"CARDET\"}},{\"type\":\"accordion_item\",\"props\":{\"content\":\"\n\n<p>RightChallenge es una organizaci\\u00f3n no gubernamental dedicada a promover la inclusi\\u00f3n social y la igualdad de oportunidades a trav\\u00e9s de la educaci\\u00f3n y la formaci\\u00f3n. Mediante la colaboraci\\u00f3n con numerosas partes interesadas y la formaci\\u00f3n educativa, la organizaci\\u00f3n fomenta una ciudadan\\u00eda responsable, democr\\u00e1tica y activa. RightChallenge ofrece trabajo y otras actividades para grupos concretos, as\\u00ed como formaci\\u00f3n, apoyo sanitario y de rehabilitaci\\u00f3n, servicios de vivienda y asistencia, educaci\\u00f3n elemental y familiar. Seg\\u00fan RightChallenge, la educaci\\u00f3n es un componente crucial del desarrollo de un joven, ya que le prepara para participar y contribuir en todas las esferas de la sociedad, incluidas las relacionadas con su familia, empleo, comunidad y ocio. Como organizaci\\u00f3n centrada en la comunidad, tambi\\u00e9n ofrece servicios de dise\\u00f1o curricular y consultor\\u00eda para el desarrollo de la juventud y la comunidad, as\\u00ed como oportunidades de voluntariado y programas socioeducativos para comunidades en riesgo de exclusi\\u00f3n social.<\\\/p>\",\"image\":\"wp-content\\\/uploads\\\/2024\\\/03\\\/Rightchallenge_Logo.png\",\"link\":\"https:\\\/\\\/rightchallenge.org\\\/\",\"link_text\":\"M\\u00e1s informaci\\u00f3n\",\"title\":\"RightChallenge\"}},{\"type\":\"accordion_item\",\"props\":{\"content\":\"\n\n<p><span>IFESCOOP es una cooperativa sin \\u00e1nimo de lucro que coopera con la Administraci\\u00f3n P\\u00fablica regional y local (Gobierno Regional y Ayuntamientos), Interlocutores Sociales (Sindicatos y Asociaciones Empresariales), as\\u00ed como muchas otras instituciones y organizaciones en diferentes campos, principalmente relacionados con la educaci\\u00f3n de adultos y la formaci\\u00f3n profesional. IFESCOOP imparte formaci\\u00f3n profesional a diferentes grupos destinatarios, dando prioridad a grupos desfavorecidos espec\\u00edficos, habiendo participado en numerosos proyectos europeos relacionados con la educaci\\u00f3n.<\\\/span><\\\/p>\",\"image\":\"wp-content\\\/uploads\\\/2024\\\/03\\\/IFES_COOP_FULL_BIG.jpg\",\"link\":\"https:\\\/\\\/www.ifescoop.eu\",\"link_text\":\"M\\u00e1s informaci\\u00f3n\",\"title\":\"IFESCOOP\"}},{\"type\":\"accordion_item\",\"props\":{\"content\":\"\n\n<p>El Ayuntamiento de Sedav\\u00ed es una entidad p\\u00fablica local que se encarga de prestar una serie de servicios a la poblaci\\u00f3n, que asciende a cerca de once mil personas.<\\\/p>\\n\n\n<p>Entre esos servicios se encuentran: servicios sociales en general, empleo, pol\\u00edticas de igualdad, ayuda a las personas mayores y pol\\u00edticas de violencia de g\\u00e9nero.<\\\/p>\\n\n\n<p>Recientemente, se ha comenzado a trabajar en el \\u00e1mbito de los Proyectos Europeos, principalmente proyectos ERASMUS+, contando ya con una serie de Socios Europeos.<\\\/p>\",\"image\":\"wp-content\\\/uploads\\\/2024\\\/03\\\/SEDAVI_logo.png\",\"link\":\"https:\\\/\\\/www.sedavi.es\",\"link_text\":\"M\\u00e1s informaci\\u00f3n\",\"title\":\"SEDAV\\u00cd TOWN COUNCIL\"}},{\"type\":\"accordion_item\",\"props\":{\"content\":\"\n\n<p>Exeo Lab es una asociaci\\u00f3n de especialistas en pol\\u00edticas con d\\u00e9cadas de experiencia en servicios de consultor\\u00eda a entidades p\\u00fablicas y privadas. Nuestra principal \\u00e1rea de inter\\u00e9s es la investigaci\\u00f3n y el an\\u00e1lisis espacial a trav\\u00e9s de herramientas y tecnolog\\u00edas innovadoras para apoyar el dise\\u00f1o de pol\\u00edticas en sectores clave y emergentes. Nuestra empresa proporciona a PYME y startups innovadoras apoyo avanzado y altamente personalizado en los \\u00e1mbitos de la inversi\\u00f3n, la captaci\\u00f3n de fondos, la internacionalizaci\\u00f3n y la contrataci\\u00f3n p\\u00fablica.<\\\/p>\\n\n\n<p>Exeo Lab tambi\\u00e9n participa en proyectos de investigaci\\u00f3n regionales, nacionales y transnacionales destinados a crear oportunidades de desarrollo para los territorios, especialmente en los \\u00e1mbitos del emprendimiento, el desarrollo sostenible, la econom\\u00eda social y la inclusi\\u00f3n social y laboral.<\\\/p>\\n\n\n<p>Gracias a la profesionalidad de nuestro equipo y a la seriedad de un trabajo cuidadoso y met\\u00f3dico, nuestra empresa se ha consolidado en el sector de la consultor\\u00eda y la planificaci\\u00f3n, convirti\\u00e9ndose en un s\\u00f3lido punto de referencia para organizaciones p\\u00fablicas y privadas en Italia y en el extranjero.<\\\/p>\",\"image\":\"wp-content\\\/uploads\\\/2024\\\/03\\\/Logo-Exeo-Lab.png\",\"link\":\"https:\\\/\\\/www.exeolab.it\",\"link_text\":\"M\\u00e1s informaci\\u00f3n\",\"title\":\"Exeo Lab\"}},{\"type\":\"accordion_item\",\"props\":{\"content\":\"\n\n<p>Berlink ETN GmbH es una organizaci\\u00f3n alemana con una consolidada experiencia en la organizaci\\u00f3n de experiencias profesionales, educativas y de pr\\u00e1cticas cualificadas en Berl\\u00edn.<\\\/p>\\n\n\n<p>El objetivo de la empresa coincide con los objetivos generales fijados por el programa Erasmus Plus: mejorar la calidad y el volumen de la movilidad y la cooperaci\\u00f3n entre instituciones educativas y empresas de toda la UE.<\\\/p>\\n\n\n<p>De hecho, Berlink colabora estrechamente con una amplia red de empresas locales y participa activamente en proyectos de la UE que recopilan experiencias innovadoras y buenas pr\\u00e1cticas sobre la participaci\\u00f3n activa de las PYME como socios de acogida en proyectos de movilidad. Gracias a una s\\u00f3lida red de socios internacionales y a un proceso continuo de intercambio de experiencias transnacionales, Berlink es capaz de proporcionar experiencias de pr\\u00e1cticas laborales con un impacto relevante en el proceso de aprendizaje mediante la aplicaci\\u00f3n de m\\u00e9todos innovadores (implementaci\\u00f3n del sistema ECVET) y enfoques comunes para planificar e impartir con \\u00e9xito la formaci\\u00f3n en la preparaci\\u00f3n para las experiencias laborales. Berlink es muy activo en la participaci\\u00f3n de proyectos europeos con el objetivo de mejorar el desarrollo, la transferencia y la implementaci\\u00f3n de pr\\u00e1cticas innovadoras, fomentando el uso de las TIC en la educaci\\u00f3n, la formaci\\u00f3n y el mercado laboral. Berlink forma parte de \\\"ETN Network\\\" con empresas en Italia (Rimini y Potenza), Espa\\u00f1a (M\\u00e1laga), Bulgaria (Sof\\u00eda), Alemania (Berl\\u00edn), Portugal (Lisboa), Grecia (Rodas) e Irlanda (Cork).<\\\/p>\",\"image\":\"wp-content\\\/uploads\\\/2024\\\/03\\\/logo_berlink-NEW.jpg\",\"link\":\"https:\\\/\\\/www.berlink.eu\",\"link_text\":\"M\\u00e1s informaci\\u00f3n\",\"title\":\"Berlink ETN GmbH\"}}]}]}]}]}],\"version\":\"4.5.20\"} --><\/p>\n","protected":false},"excerpt":{"rendered":"<p>SOCIOS CARDET CARDET es uno de los principales centros de investigaci\u00f3n y formaci\u00f3n de la regi\u00f3n del Mediterr\u00e1neo oriental, con experiencia global en dise\u00f1o y..<\/p>\n","protected":false},"author":1,"featured_media":0,"parent":0,"menu_order":0,"comment_status":"closed","ping_status":"closed","template":"","meta":{"_acf_changed":false,"inline_featured_image":false,"footnotes":""},"class_list":["post-1691","page","type-page","status-publish","hentry"],"acf":[],"_links":{"self":[{"href":"https:\/\/soosproject.eu\/es\/wp-json\/wp\/v2\/pages\/1691","targetHints":{"allow":["GET"]}}],"collection":[{"href":"https:\/\/soosproject.eu\/es\/wp-json\/wp\/v2\/pages"}],"about":[{"href":"https:\/\/soosproject.eu\/es\/wp-json\/wp\/v2\/types\/page"}],"author":[{"embeddable":true,"href":"https:\/\/soosproject.eu\/es\/wp-json\/wp\/v2\/users\/1"}],"replies":[{"embeddable":true,"href":"https:\/\/soosproject.eu\/es\/wp-json\/wp\/v2\/comments?post=1691"}],"version-history":[{"count":6,"href":"https:\/\/soosproject.eu\/es\/wp-json\/wp\/v2\/pages\/1691\/revisions"}],"predecessor-version":[{"id":2505,"href":"https:\/\/soosproject.eu\/es\/wp-json\/wp\/v2\/pages\/1691\/revisions\/2505"}],"wp:attachment":[{"href":"https:\/\/soosproject.eu\/es\/wp-json\/wp\/v2\/media?parent=1691"}],"curies":[{"name":"wp","href":"https:\/\/api.w.org\/{rel}","templated":true}]}}