{"id":2122,"date":"2025-01-07T11:43:25","date_gmt":"2025-01-07T09:43:25","guid":{"rendered":"https:\/\/soosproject.eu\/common-report\/"},"modified":"2025-01-23T17:06:25","modified_gmt":"2025-01-23T15:06:25","slug":"common-report","status":"publish","type":"page","link":"https:\/\/soosproject.eu\/es\/resources\/common-report\/","title":{"rendered":"Informe com\u00fan"},"content":{"rendered":"<div>\n<p>El informe com\u00fan ofrece una visi\u00f3n global del problema de la violencia dom\u00e9stica en toda Europa. El informe identifica las tendencias, los retos y las mejores pr\u00e1cticas en el \u00e1mbito de la violencia dom\u00e9stica en la medida en que afecta a los j\u00f3venes y proporciona informaci\u00f3n \u00fatil sobre la prevalencia de la violencia dom\u00e9stica, las medidas adoptadas para hacer frente al problema y las pol\u00edticas en vigor para proteger a los j\u00f3venes de sus efectos.<\/p>\n<\/div>\n<p>\n    <a href=\"\/wp-content\/uploads\/2025\/01\/SOOS_Common-Report_ES.pdf\">Ver como PDF <\/a>\n<\/p>\n<div>\n<h3>Flipbook<\/h3>\n<p><a href=\"\/wp-content\/uploads\/2025\/01\/SOOS_Common-Report_ES.pdf\"><\/a><\/p>\n<\/div>\n<p><!--more--><br \/>\n<!-- {\"type\":\"layout\",\"children\":[{\"type\":\"section\",\"props\":{\"image_position\":\"center-center\",\"style\":\"default\",\"title_breakpoint\":\"xl\",\"title_position\":\"top-left\",\"title_rotation\":\"left\",\"vertical_align\":\"middle\",\"width\":\"default\"},\"children\":[{\"type\":\"row\",\"children\":[{\"type\":\"column\",\"props\":{\"image_position\":\"center-center\",\"media_overlay_gradient\":\"\",\"position_sticky_breakpoint\":\"m\"},\"children\":[{\"type\":\"headline\",\"props\":{\"title_color\":\"primary\",\"title_element\":\"h1\",\"title_font_family\":\"primary\"},\"source\":{\"query\":{\"name\":\"pages.singlePage\"},\"props\":{\"content\":{\"filters\":{\"search\":\"\"},\"name\":\"title\"}}}},{\"type\":\"text\",\"props\":{\"column_breakpoint\":\"m\",\"content\":\"\n\n<p>El informe com\\u00fan ofrece una visi\\u00f3n global del problema de la violencia dom\\u00e9stica en toda Europa. El informe identifica las tendencias, los retos y las mejores pr\\u00e1cticas en el \\u00e1mbito de la violencia dom\\u00e9stica en la medida en que afecta a los j\\u00f3venes y proporciona informaci\\u00f3n \\u00fatil sobre la prevalencia de la violencia dom\\u00e9stica, las medidas adoptadas para hacer frente al problema y las pol\\u00edticas en vigor para proteger a los j\\u00f3venes de sus efectos.<\\\/p>\",\"margin\":\"default\",\"text_style\":\"lead\"}},{\"type\":\"button\",\"props\":{\"grid_column_gap\":\"small\",\"grid_row_gap\":\"small\",\"margin\":\"default\"},\"children\":[{\"type\":\"button_item\",\"props\":{\"button_style\":\"primary\",\"content\":\"Ver como PDF \",\"icon_align\":\"left\",\"link\":\"wp-content\\\/uploads\\\/2025\\\/01\\\/SOOS_Common-Report_ES.pdf\",\"link_target\":\"blank\"}}]}]}]},{\"type\":\"row\",\"children\":[{\"type\":\"column\",\"props\":{\"image_position\":\"center-center\",\"media_overlay_gradient\":\"\",\"position_sticky_breakpoint\":\"m\"},\"children\":[{\"type\":\"djflipbook\",\"props\":{\"content_column_breakpoint\":\"m\",\"grid_default\":\"1\",\"grid_medium\":\"1\",\"icon_width\":80,\"image_align\":\"top\",\"image_grid_breakpoint\":\"m\",\"image_grid_width\":\"1-2\",\"image_svg_color\":\"emphasis\",\"item_animation\":\"\",\"margin\":\"default\",\"meta_align\":\"below-title\",\"meta_element\":\"div\",\"meta_style\":\"meta\",\"show_content\":true,\"show_image\":true,\"show_link\":true,\"show_meta\":true,\"show_title\":true,\"title_align\":\"top\",\"title_color\":\"success\",\"title_element\":\"h3\",\"title_font_family\":\"primary\",\"title_grid_breakpoint\":\"m\",\"title_grid_width\":\"1-2\",\"title_hover_style\":\"reset\",\"title_style\":\"h3\"},\"children\":[{\"type\":\"flipbook_item\",\"props\":{\"link\":\"\\\/wp-content\\\/uploads\\\/2025\\\/01\\\/SOOS_Common-Report_ES.pdf\",\"title\":\"Flipbook\"}}]}]}]}]}],\"version\":\"3.0.20\"} --><\/p>\n","protected":false},"excerpt":{"rendered":"<p>El informe com\u00fan ofrece una visi\u00f3n global del problema de la violencia dom\u00e9stica en toda Europa. El informe identifica las tendencias, los retos y las..<\/p>\n","protected":false},"author":1,"featured_media":0,"parent":1232,"menu_order":0,"comment_status":"closed","ping_status":"closed","template":"","meta":{"_acf_changed":false,"inline_featured_image":false,"footnotes":""},"class_list":["post-2122","page","type-page","status-publish","hentry"],"acf":[],"_links":{"self":[{"href":"https:\/\/soosproject.eu\/es\/wp-json\/wp\/v2\/pages\/2122","targetHints":{"allow":["GET"]}}],"collection":[{"href":"https:\/\/soosproject.eu\/es\/wp-json\/wp\/v2\/pages"}],"about":[{"href":"https:\/\/soosproject.eu\/es\/wp-json\/wp\/v2\/types\/page"}],"author":[{"embeddable":true,"href":"https:\/\/soosproject.eu\/es\/wp-json\/wp\/v2\/users\/1"}],"replies":[{"embeddable":true,"href":"https:\/\/soosproject.eu\/es\/wp-json\/wp\/v2\/comments?post=2122"}],"version-history":[{"count":4,"href":"https:\/\/soosproject.eu\/es\/wp-json\/wp\/v2\/pages\/2122\/revisions"}],"predecessor-version":[{"id":2193,"href":"https:\/\/soosproject.eu\/es\/wp-json\/wp\/v2\/pages\/2122\/revisions\/2193"}],"up":[{"embeddable":true,"href":"https:\/\/soosproject.eu\/es\/wp-json\/wp\/v2\/pages\/1232"}],"wp:attachment":[{"href":"https:\/\/soosproject.eu\/es\/wp-json\/wp\/v2\/media?parent=2122"}],"curies":[{"name":"wp","href":"https:\/\/api.w.org\/{rel}","templated":true}]}}