{"id":2217,"date":"2025-04-15T09:54:09","date_gmt":"2025-04-15T07:54:09","guid":{"rendered":"https:\/\/soosproject.eu\/training-program-for-youth-workers\/"},"modified":"2025-06-16T11:07:05","modified_gmt":"2025-06-16T09:07:05","slug":"training-program-for-youth-workers","status":"publish","type":"page","link":"https:\/\/soosproject.eu\/es\/resources\/training-program-for-youth-workers\/","title":{"rendered":"Programa de formaci\u00f3n para trabajadores juveniles"},"content":{"rendered":"<div>\n<p>Este programa de formaci\u00f3n est\u00e1 dirigido a trabajadores juveniles para desarrollar habilidades y conocimientos sobre c\u00f3mo apoyar mejor a los j\u00f3venes que son v\u00edctimas de la violencia dom\u00e9stica. En los m\u00f3dulos del programa de formaci\u00f3n encontrar\u00e1 una introducci\u00f3n a la violencia dom\u00e9stica, la comprensi\u00f3n del trauma y la resiliencia, el reconocimiento y la respuesta a la violencia dom\u00e9stica, la protecci\u00f3n y salvaguardia de la infancia, el apoyo a los j\u00f3venes afectados por la violencia dom\u00e9stica, el autocuidado y la prevenci\u00f3n del agotamiento, as\u00ed como estudios de casos y buenas pr\u00e1cticas.<\/p>\n<\/div>\n<p>\n    <a href=\"\/wp-content\/uploads\/2025\/04\/SOOS_Training-Programme_ES.pdf\">Ver en PDF<\/a>\n<\/p>\n<div>\n<h3>Flipbook<\/h3>\n<p><a href=\"\/wp-content\/uploads\/2025\/04\/SOOS_Training-Programme_ES.pdf\"><\/a><\/p>\n<\/div>\n<p><!--more--><br \/>\n<!-- {\"type\":\"layout\",\"children\":[{\"type\":\"section\",\"props\":{\"image_position\":\"center-center\",\"style\":\"default\",\"title_breakpoint\":\"xl\",\"title_position\":\"top-left\",\"title_rotation\":\"left\",\"vertical_align\":\"middle\",\"width\":\"default\"},\"children\":[{\"type\":\"row\",\"children\":[{\"type\":\"column\",\"props\":{\"image_position\":\"center-center\",\"media_overlay_gradient\":\"\",\"position_sticky_breakpoint\":\"m\"},\"children\":[{\"type\":\"headline\",\"props\":{\"title_color\":\"primary\",\"title_element\":\"h1\",\"title_font_family\":\"primary\"},\"source\":{\"query\":{\"name\":\"pages.singlePage\"},\"props\":{\"content\":{\"filters\":{\"search\":\"\"},\"name\":\"title\"}}}},{\"type\":\"text\",\"props\":{\"column_breakpoint\":\"m\",\"content\":\"\n\n<p>Este programa de formaci\\u00f3n est\\u00e1 dirigido a trabajadores juveniles para desarrollar habilidades y conocimientos sobre c\\u00f3mo apoyar mejor a los j\\u00f3venes que son v\\u00edctimas de la violencia dom\\u00e9stica. En los m\\u00f3dulos del programa de formaci\\u00f3n encontrar\\u00e1 una introducci\\u00f3n a la violencia dom\\u00e9stica, la comprensi\\u00f3n del trauma y la resiliencia, el reconocimiento y la respuesta a la violencia dom\\u00e9stica, la protecci\\u00f3n y salvaguardia de la infancia, el apoyo a los j\\u00f3venes afectados por la violencia dom\\u00e9stica, el autocuidado y la prevenci\\u00f3n del agotamiento, as\\u00ed como estudios de casos y buenas pr\\u00e1cticas.<\\\/p>\",\"margin\":\"default\",\"text_style\":\"lead\"}},{\"type\":\"button\",\"props\":{\"grid_column_gap\":\"small\",\"grid_row_gap\":\"small\",\"margin\":\"default\"},\"children\":[{\"type\":\"button_item\",\"props\":{\"button_style\":\"primary\",\"content\":\"Ver en PDF\",\"icon_align\":\"left\",\"link\":\"wp-content\\\/uploads\\\/2025\\\/04\\\/SOOS_Training-Programme_ES.pdf\",\"link_target\":\"blank\"}}]}]}]},{\"type\":\"row\",\"children\":[{\"type\":\"column\",\"props\":{\"image_position\":\"center-center\",\"media_overlay_gradient\":\"\",\"position_sticky_breakpoint\":\"m\"},\"children\":[{\"type\":\"djflipbook\",\"props\":{\"content_column_breakpoint\":\"m\",\"grid_default\":\"1\",\"grid_medium\":\"1\",\"icon_width\":80,\"image_align\":\"top\",\"image_grid_breakpoint\":\"m\",\"image_grid_width\":\"1-2\",\"image_svg_color\":\"emphasis\",\"item_animation\":\"\",\"margin\":\"default\",\"meta_align\":\"below-title\",\"meta_element\":\"div\",\"meta_style\":\"meta\",\"show_content\":true,\"show_image\":true,\"show_link\":true,\"show_meta\":true,\"show_title\":true,\"title_align\":\"top\",\"title_color\":\"success\",\"title_element\":\"h3\",\"title_font_family\":\"primary\",\"title_grid_breakpoint\":\"m\",\"title_grid_width\":\"1-2\",\"title_hover_style\":\"reset\",\"title_style\":\"h3\"},\"children\":[{\"type\":\"flipbook_item\",\"props\":{\"link\":\"\\\/wp-content\\\/uploads\\\/2025\\\/04\\\/SOOS_Training-Programme_ES.pdf\",\"title\":\"Flipbook\"}}]}]}]}]}],\"version\":\"3.0.20\"} --><\/p>\n","protected":false},"excerpt":{"rendered":"<p>Este programa de formaci\u00f3n est\u00e1 dirigido a trabajadores juveniles para desarrollar habilidades y conocimientos sobre c\u00f3mo apoyar mejor a los j\u00f3venes que son v\u00edctimas de..<\/p>\n","protected":false},"author":1,"featured_media":0,"parent":1232,"menu_order":0,"comment_status":"closed","ping_status":"closed","template":"","meta":{"_acf_changed":false,"inline_featured_image":false,"footnotes":""},"class_list":["post-2217","page","type-page","status-publish","hentry"],"acf":[],"_links":{"self":[{"href":"https:\/\/soosproject.eu\/es\/wp-json\/wp\/v2\/pages\/2217","targetHints":{"allow":["GET"]}}],"collection":[{"href":"https:\/\/soosproject.eu\/es\/wp-json\/wp\/v2\/pages"}],"about":[{"href":"https:\/\/soosproject.eu\/es\/wp-json\/wp\/v2\/types\/page"}],"author":[{"embeddable":true,"href":"https:\/\/soosproject.eu\/es\/wp-json\/wp\/v2\/users\/1"}],"replies":[{"embeddable":true,"href":"https:\/\/soosproject.eu\/es\/wp-json\/wp\/v2\/comments?post=2217"}],"version-history":[{"count":5,"href":"https:\/\/soosproject.eu\/es\/wp-json\/wp\/v2\/pages\/2217\/revisions"}],"predecessor-version":[{"id":2284,"href":"https:\/\/soosproject.eu\/es\/wp-json\/wp\/v2\/pages\/2217\/revisions\/2284"}],"up":[{"embeddable":true,"href":"https:\/\/soosproject.eu\/es\/wp-json\/wp\/v2\/pages\/1232"}],"wp:attachment":[{"href":"https:\/\/soosproject.eu\/es\/wp-json\/wp\/v2\/media?parent=2217"}],"curies":[{"name":"wp","href":"https:\/\/api.w.org\/{rel}","templated":true}]}}