{"id":1675,"date":"2022-02-24T14:11:37","date_gmt":"2022-02-24T12:11:37","guid":{"rendered":"https:\/\/soosproject.eu\/about\/"},"modified":"2025-01-07T13:01:04","modified_gmt":"2025-01-07T11:01:04","slug":"about","status":"publish","type":"page","link":"https:\/\/soosproject.eu\/it\/about\/","title":{"rendered":"Il progetto"},"content":{"rendered":"<h1>IL PROGETTO<\/h1>\n<div>\n<p>La violenza domestica \u00e8 una forma di violazione che riguarda l&#8217;essere esposti alla violenza in casa, sia come testimoni che come vittime. Quando qualcuno, oltre alla vittima diretta, subisce le conseguenze dell&#8217;abuso, si parla di vittimizzazione indiretta. I giovani possono subire effetti profondi e duraturi per essere stati vittime indirette di abusi domestici<\/p>\n<p>Il progetto SOOS mira ad affrontare il problema della vittimizzazione indiretta dei giovani esposti alla violenza domestica, sensibilizzando sulla necessit\u00e0 di cambiare il circolo vizioso della violenza e di modificarne i comportamenti.<\/p>\n<\/div>\n<p><img decoding=\"async\" src=\"\/wp-content\/uploads\/2024\/03\/AboutUs-Img.png\" alt=\"\"><\/p>\n<h2>Finalit\u00e0 e Obiettivi<\/h2>\n<div>\n<p>L&#8217;obiettivo del progetto SOOS \u00e8 quello di sensibilizzare l&#8217;opinione pubblica sul potenziale impatto della violenza domestica sui giovani e evidenziare i rischi della violenza domestica e i suoi potenziali effetti sulla salute fisica, emotiva e psicologica dei giovani.<\/p>\n<p>Il progetto SOOS mira anche a fornire risorse e supporto a coloro che sono stati colpiti dalla violenza domestica e a educare su misure preventive. In definitiva, il progetto SOOS mira a ridurre la prevalenza della violenza domestica nella nostra societ\u00e0 e a creare ambienti pi\u00f9 sicuri e pi\u00f9 sani per i giovani.<\/p>\n<\/div>\n<div>\n<p>        <img decoding=\"async\" src=\"\/wp-content\/uploads\/2024\/03\/About1Icon.png\" alt=\"\"><\/p>\n<div>\n<p>Aumentare la consapevolezza dei giovani sui rischi e i pericoli della violenza domestica e sviluppare strategie per aiutare i giovani ad affrontare gli effetti della violenza domestica.<\/p>\n<\/div>\n<\/div>\n<div>\n<p>        <img decoding=\"async\" src=\"\/wp-content\/uploads\/2024\/03\/About2Icon.png\" alt=\"\"><\/p>\n<div>\n<p>Favorire le relazioni di sostegno tra giovani e adulti per promuovere la resilienza e fornire ai giovani una rete di supporto di coetanei che hanno subito violenza domestica.<\/p>\n<\/div>\n<\/div>\n<div>\n<p>        <img decoding=\"async\" src=\"\/wp-content\/uploads\/2024\/03\/About3Icon.png\" alt=\"\"><\/p>\n<div>\n<p>Fornire ai giovani l&#8217;accesso a servizi di salute mentale adeguati e creare un ambiente sicuro in cui i giovani possano discutere delle loro esperienze e dei loro sentimenti.<\/p>\n<\/div>\n<\/div>\n<div>\n<p>        <img decoding=\"async\" src=\"\/wp-content\/uploads\/2024\/03\/About4Icon.png\" alt=\"\"><\/p>\n<div>\n<p>Educare i giovani sull&#8217;importanza di relazioni sane e incoraggiarli a parlare contro la violenza domestica e a costruire un senso di empowerment.<\/p>\n<\/div>\n<\/div>\n<div>\n<p>        <img decoding=\"async\" src=\"\/wp-content\/uploads\/2024\/03\/About5Icon.png\" alt=\"\"><\/p>\n<div>\n<p>Sviluppare un piano d&#8217;azione per prevenire ulteriori violenze domestiche in casa e mettere in contatto i giovani con le risorse di organizzazioni che possono fornire supporto e assistenza.<\/p>\n<\/div>\n<\/div>\n<p><!--more--><br \/>\n<!-- {\"type\":\"layout\",\"children\":[{\"type\":\"section\",\"props\":{\"animation_delay\":\"200\",\"image_position\":\"center-center\",\"style\":\"default\",\"title_breakpoint\":\"xl\",\"title_position\":\"top-left\",\"title_rotation\":\"left\",\"vertical_align\":\"middle\",\"width\":\"default\"},\"children\":[{\"type\":\"row\",\"props\":{\"layout\":\"1-2,1-2\"},\"children\":[{\"type\":\"column\",\"props\":{\"image_position\":\"center-center\",\"media_overlay_gradient\":\"\",\"position_sticky_breakpoint\":\"m\",\"width_medium\":\"1-2\"},\"children\":[{\"type\":\"headline\",\"props\":{\"content\":\"IL PROGETTO\",\"text_align\":\"left\",\"title_color\":\"success\",\"title_element\":\"h1\",\"title_font_family\":\"primary\"},\"name\":\"headline-pages\"},{\"type\":\"text\",\"props\":{\"column_breakpoint\":\"m\",\"content\":\"\n\n<p>La violenza domestica \\u00e8 una forma di violazione che riguarda l'essere esposti alla violenza in casa, sia come testimoni che come vittime. Quando qualcuno, oltre alla vittima diretta, subisce le conseguenze dell'abuso, si parla di vittimizzazione indiretta. I giovani possono subire effetti profondi e duraturi per essere stati vittime indirette di abusi domestici<\\\/p>\\n\n\n<p>Il progetto SOOS mira ad affrontare il problema della vittimizzazione indiretta dei giovani esposti alla violenza domestica, sensibilizzando sulla necessit\\u00e0 di cambiare il circolo vizioso della violenza e di modificarne i comportamenti.<\\\/p>\",\"margin\":\"default\",\"text_color\":\"secondary\",\"text_style\":\"lead\"}}]},{\"type\":\"column\",\"props\":{\"image_position\":\"center-center\",\"media_overlay_gradient\":\"\",\"position_sticky_breakpoint\":\"m\",\"width_medium\":\"1-2\"},\"children\":[{\"type\":\"image\",\"props\":{\"animation\":\"fade\",\"class\":\"about-img\",\"image\":\"wp-content\\\/uploads\\\/2024\\\/03\\\/AboutUs-Img.png\",\"image_svg_color\":\"emphasis\",\"margin\":\"default\",\"position_top\":\"60\"}}]}]}],\"name\":\"About sec\"},{\"type\":\"section\",\"props\":{\"image_position\":\"center-center\",\"padding\":\"none\",\"style\":\"default\",\"title_breakpoint\":\"xl\",\"title_position\":\"top-left\",\"title_rotation\":\"left\",\"vertical_align\":\"middle\",\"width\":\"default\"},\"children\":[{\"type\":\"row\",\"children\":[{\"type\":\"column\",\"props\":{\"image_position\":\"center-center\",\"media_overlay_gradient\":\"\",\"position_sticky_breakpoint\":\"m\"},\"children\":[{\"type\":\"headline\",\"props\":{\"content\":\"Finalit\\u00e0 e Obiettivi\",\"title_color\":\"secondary\",\"title_element\":\"h2\",\"title_font_family\":\"primary\"}},{\"type\":\"text\",\"props\":{\"column_breakpoint\":\"m\",\"content\":\"\n\n<p>L'obiettivo del progetto SOOS \\u00e8 quello di sensibilizzare l'opinione pubblica sul potenziale impatto della violenza domestica sui giovani e evidenziare i rischi della violenza domestica e i suoi potenziali effetti sulla salute fisica, emotiva e psicologica dei giovani.<\\\/p>\\n\n\n<p>Il progetto SOOS mira anche a fornire risorse e supporto a coloro che sono stati colpiti dalla violenza domestica e a educare su misure preventive. In definitiva, il progetto SOOS mira a ridurre la prevalenza della violenza domestica nella nostra societ\\u00e0 e a creare ambienti pi\\u00f9 sicuri e pi\\u00f9 sani per i giovani.<\\\/p>\",\"margin\":\"default\",\"text_color\":\"secondary\",\"text_style\":\"lead\"}}]}]}]},{\"type\":\"section\",\"props\":{\"animation\":\"scale-up\",\"animation_delay\":\"200\",\"class\":\"1-5\",\"image_position\":\"center-center\",\"padding\":\"large\",\"padding_remove_top\":false,\"style\":\"default\",\"title_breakpoint\":\"xl\",\"title_position\":\"top-left\",\"title_rotation\":\"left\",\"vertical_align\":\"middle\",\"width\":\"default\"},\"children\":[{\"type\":\"row\",\"props\":{\"css\":\".el-content {\\n    color:#6214AD;\\n}\",\"layout\":\"1-5,1-5,1-5,1-5,1-5|1-2,1-2,1-3,1-3,1-3\",\"match\":true},\"children\":[{\"type\":\"column\",\"props\":{\"image_position\":\"center-center\",\"media_overlay_gradient\":\"\",\"position_sticky_breakpoint\":\"m\",\"width_medium\":\"1-5\",\"width_small\":\"1-2\"},\"children\":[{\"type\":\"panel\",\"props\":{\"content\":\"\n\n<p>Aumentare la consapevolezza dei giovani sui rischi e i pericoli della violenza domestica e sviluppare strategie per aiutare i giovani ad affrontare gli effetti della violenza domestica.<\\\/p>\",\"content_column_breakpoint\":\"m\",\"content_style\":\"text-lead\",\"icon_width\":80,\"image\":\"wp-content\\\/uploads\\\/2024\\\/03\\\/About1Icon.png\",\"image_align\":\"between\",\"image_grid_breakpoint\":\"m\",\"image_grid_width\":\"1-2\",\"image_svg_color\":\"emphasis\",\"link_style\":\"default\",\"link_text\":\"Read more\",\"margin\":\"default\",\"meta_align\":\"below-title\",\"meta_element\":\"div\",\"meta_style\":\"text-meta\",\"text_align\":\"center\",\"title\":\"\",\"title_align\":\"top\",\"title_element\":\"h3\",\"title_grid_breakpoint\":\"m\",\"title_grid_width\":\"1-2\",\"title_hover_style\":\"reset\"}}]},{\"type\":\"column\",\"props\":{\"image_position\":\"center-center\",\"media_overlay_gradient\":\"\",\"position_sticky_breakpoint\":\"m\",\"width_medium\":\"1-5\",\"width_small\":\"1-2\"},\"children\":[{\"type\":\"panel\",\"props\":{\"content\":\"\n\n<p>Favorire le relazioni di sostegno tra giovani e adulti per promuovere la resilienza e fornire ai giovani una rete di supporto di coetanei che hanno subito violenza domestica.<\\\/p>\",\"content_column_breakpoint\":\"m\",\"content_style\":\"text-lead\",\"icon_width\":80,\"image\":\"wp-content\\\/uploads\\\/2024\\\/03\\\/About2Icon.png\",\"image_align\":\"between\",\"image_grid_breakpoint\":\"m\",\"image_grid_width\":\"1-2\",\"image_svg_color\":\"emphasis\",\"link_style\":\"default\",\"link_text\":\"Read more\",\"margin\":\"default\",\"meta_align\":\"below-title\",\"meta_element\":\"div\",\"meta_style\":\"text-meta\",\"text_align\":\"center\",\"title_align\":\"top\",\"title_element\":\"h3\",\"title_grid_breakpoint\":\"m\",\"title_grid_width\":\"1-2\",\"title_hover_style\":\"reset\"}}]},{\"type\":\"column\",\"props\":{\"image_position\":\"center-center\",\"media_overlay_gradient\":\"\",\"position_sticky_breakpoint\":\"m\",\"width_medium\":\"1-5\",\"width_small\":\"1-3\"},\"children\":[{\"type\":\"panel\",\"props\":{\"content\":\"\n\n<p>Fornire ai giovani l'accesso a servizi di salute mentale adeguati e creare un ambiente sicuro in cui i giovani possano discutere delle loro esperienze e dei loro sentimenti.<\\\/p>\",\"content_column_breakpoint\":\"m\",\"content_style\":\"text-lead\",\"icon_width\":80,\"image\":\"wp-content\\\/uploads\\\/2024\\\/03\\\/About3Icon.png\",\"image_align\":\"between\",\"image_grid_breakpoint\":\"m\",\"image_grid_width\":\"1-2\",\"image_svg_color\":\"emphasis\",\"link_style\":\"default\",\"link_text\":\"Read more\",\"margin\":\"default\",\"meta_align\":\"below-title\",\"meta_element\":\"div\",\"meta_style\":\"text-meta\",\"text_align\":\"center\",\"title_align\":\"top\",\"title_element\":\"h3\",\"title_grid_breakpoint\":\"m\",\"title_grid_width\":\"1-2\",\"title_hover_style\":\"reset\"}}]},{\"type\":\"column\",\"props\":{\"image_position\":\"center-center\",\"media_overlay_gradient\":\"\",\"position_sticky_breakpoint\":\"m\",\"width_medium\":\"1-5\",\"width_small\":\"1-3\"},\"children\":[{\"type\":\"panel\",\"props\":{\"content\":\"\n\n<p>Educare i giovani sull'importanza di relazioni sane e incoraggiarli a parlare contro la violenza domestica e a costruire un senso di empowerment.<\\\/p>\",\"content_column_breakpoint\":\"m\",\"content_style\":\"text-lead\",\"icon_width\":80,\"image\":\"wp-content\\\/uploads\\\/2024\\\/03\\\/About4Icon.png\",\"image_align\":\"between\",\"image_grid_breakpoint\":\"m\",\"image_grid_width\":\"1-2\",\"image_svg_color\":\"emphasis\",\"link_style\":\"default\",\"link_text\":\"Read more\",\"margin\":\"default\",\"meta_align\":\"below-title\",\"meta_element\":\"div\",\"meta_style\":\"text-meta\",\"text_align\":\"center\",\"title_align\":\"top\",\"title_element\":\"h3\",\"title_grid_breakpoint\":\"m\",\"title_grid_width\":\"1-2\",\"title_hover_style\":\"reset\"}}]},{\"type\":\"column\",\"props\":{\"image_position\":\"center-center\",\"media_overlay_gradient\":\"\",\"position_sticky_breakpoint\":\"m\",\"width_medium\":\"1-5\",\"width_small\":\"1-3\"},\"children\":[{\"type\":\"panel\",\"props\":{\"block_align\":\"center\",\"content\":\"\n\n<p>Sviluppare un piano d'azione per prevenire ulteriori violenze domestiche in casa e mettere in contatto i giovani con le risorse di organizzazioni che possono fornire supporto e assistenza.<\\\/p>\",\"content_column_breakpoint\":\"m\",\"content_style\":\"text-lead\",\"icon_width\":80,\"image\":\"wp-content\\\/uploads\\\/2024\\\/03\\\/About5Icon.png\",\"image_align\":\"between\",\"image_grid_breakpoint\":\"m\",\"image_grid_width\":\"1-2\",\"image_svg_color\":\"emphasis\",\"link_style\":\"default\",\"link_text\":\"Read more\",\"margin\":\"default\",\"meta_align\":\"below-title\",\"meta_element\":\"div\",\"meta_style\":\"text-meta\",\"text_align\":\"center\",\"title_align\":\"top\",\"title_element\":\"h3\",\"title_grid_breakpoint\":\"m\",\"title_grid_width\":\"1-2\",\"title_hover_style\":\"reset\"}}]}]},{\"type\":\"row\",\"children\":[{\"type\":\"column\",\"props\":{\"image_position\":\"center-center\",\"media_overlay_gradient\":\"\",\"position_sticky_breakpoint\":\"m\"},\"children\":[{\"type\":\"totop\",\"props\":{\"margin\":\"default\",\"text_align\":\"center\",\"title_grid_column_gap\":\"small\",\"title_grid_row_gap\":\"small\"}}]}]}],\"name\":\"1-5 SEC\"}],\"version\":\"3.0.20\"} --><\/p>\n","protected":false},"excerpt":{"rendered":"<p>IL PROGETTO La violenza domestica \u00e8 una forma di violazione che riguarda l&#8217;essere esposti alla violenza in casa, sia come testimoni che come vittime. Quando..<\/p>\n","protected":false},"author":1,"featured_media":0,"parent":0,"menu_order":0,"comment_status":"closed","ping_status":"closed","template":"","meta":{"_acf_changed":false,"inline_featured_image":false,"footnotes":""},"class_list":["post-1675","page","type-page","status-publish","hentry"],"acf":[],"_links":{"self":[{"href":"https:\/\/soosproject.eu\/it\/wp-json\/wp\/v2\/pages\/1675","targetHints":{"allow":["GET"]}}],"collection":[{"href":"https:\/\/soosproject.eu\/it\/wp-json\/wp\/v2\/pages"}],"about":[{"href":"https:\/\/soosproject.eu\/it\/wp-json\/wp\/v2\/types\/page"}],"author":[{"embeddable":true,"href":"https:\/\/soosproject.eu\/it\/wp-json\/wp\/v2\/users\/1"}],"replies":[{"embeddable":true,"href":"https:\/\/soosproject.eu\/it\/wp-json\/wp\/v2\/comments?post=1675"}],"version-history":[{"count":4,"href":"https:\/\/soosproject.eu\/it\/wp-json\/wp\/v2\/pages\/1675\/revisions"}],"predecessor-version":[{"id":1905,"href":"https:\/\/soosproject.eu\/it\/wp-json\/wp\/v2\/pages\/1675\/revisions\/1905"}],"wp:attachment":[{"href":"https:\/\/soosproject.eu\/it\/wp-json\/wp\/v2\/media?parent=1675"}],"curies":[{"name":"wp","href":"https:\/\/api.w.org\/{rel}","templated":true}]}}