{"id":1689,"date":"2022-03-21T06:09:31","date_gmt":"2022-03-21T04:09:31","guid":{"rendered":"https:\/\/soosproject.eu\/partners\/"},"modified":"2024-06-25T10:17:32","modified_gmt":"2024-06-25T08:17:32","slug":"partner","status":"publish","type":"page","link":"https:\/\/soosproject.eu\/it\/partner\/","title":{"rendered":"Partner"},"content":{"rendered":"<h1>PARTNER<\/h1>\n<ul>\n<li>\n<p>        <img decoding=\"async\" src=\"\/wp-content\/uploads\/2024\/03\/CARDET_logo_highRes-1.png\" alt=\"\"><\/p>\n<h3>CARDET<\/h3>\n<div>\n<p><span>CARDET \u00e8 uno dei principali centri di ricerca e formazione nella regione del Mediterraneo orientale, con un&#8217;esperienza globale nella progettazione e nell&#8217;attuazione di progetti, nella gestione di progetti, nella formazione e nell&#8217;e-learning. CARDET ha portato a termine numerosi progetti relativi allo sviluppo di iniziative di formazione per adulti e professionisti nei settori del lavoro sociale, dell&#8217;innovazione e dell&#8217;imprenditorialit\u00e0. I membri del team e del consiglio di amministrazione rappresentano istituti di istruzione superiore europei e internazionali, centri di formazione e organizzazioni internazionali, e vantano una conoscenza approfondita del settore della formazione degli adulti e dell&#8217;alfabetizzazione finanziaria, mentre CARDET si concentra sulla promozione della giustizia sociale e del progresso sociale. CARDET riunisce un team internazionale di esperti con decenni di esperienza globale nella formazione degli adulti, nello sviluppo di capacit\u00e0, nello sviluppo di programmi di studio, nell&#8217;imprenditoria sociale, nella formazione professionale, nel design thinking, nell&#8217;innovazione, nella ricerca educativa, nella valutazione e nello sviluppo delle risorse umane.<\/span><\/p>\n<\/div>\n<p><a href=\"https:\/\/cardet.org\/\">Per saperne di pi\u00f9<\/a><\/p>\n<\/li>\n<li>\n<p>        <img decoding=\"async\" src=\"\/wp-content\/uploads\/2024\/03\/Rightchallenge_Logo.png\" alt=\"\"><\/p>\n<h3>RightChallenge<\/h3>\n<div>\n<p>RightChallenge \u00e8 un&#8217;organizzazione non governativa dedicata alla promozione dell&#8217;inclusione sociale e delle pari opportunit\u00e0 attraverso l&#8217;istruzione e la formazione. Grazie alla collaborazione con molti stakholder e alla formazione, l&#8217;organizzazione incoraggia una cittadinanza responsabile, democratica e attiva. RightChallenge offre lavoro e altre attivit\u00e0 per gruppi svantaggiati, formazione, assistenza sanitaria e riabilitativa, servizi abitativi e di assistenza, istruzione elementare e familiare. Secondo RightChallenge, l&#8217;istruzione \u00e8 una componente cruciale per lo sviluppo di un giovane, in quanto lo mette in grado di impegnarsi e contribuire in tutte le sfere della societ\u00e0, comprese quelle relative alla famiglia, al lavoro, alla comunit\u00e0 e al tempo libero. In quanto organizzazione incentrata sulla comunit\u00e0, offre anche servizi di progettazione di programmi di studio e di consulenza per lo sviluppo dei giovani e delle comunit\u00e0, nonch\u00e9 opportunit\u00e0 di volontariato e programmi socio-educativi per le comunit\u00e0 a rischio di esclusione sociale.<\/p>\n<\/div>\n<p><a href=\"https:\/\/rightchallenge.org\/\">Per saperne di pi\u00f9<\/a><\/p>\n<\/li>\n<li>\n<p>        <img decoding=\"async\" src=\"\/wp-content\/uploads\/2024\/03\/IFES_COOP_FULL_BIG.jpg\" alt=\"\"><\/p>\n<h3>IFESCOOP<\/h3>\n<div>\n<p><span>IFESCOOP \u00e8 una cooperativa senza scopo di lucro che collabora con la Pubblica Amministrazione regionale e locale (Governo regionale e Comuni), con le parti sociali (sindacati e associazioni di datori di lavoro) e con molte altre istituzioni e organizzazioni in diversi settori, principalmente legati all&#8217;educazione degli adulti e alla formazione professionale. IFESCOOP offre formazione professionale a diversi gruppi target, con priorit\u00e0 a specifici gruppi svantaggiati, avendo partecipato a numerosi progetti europei in materia di istruzione.<\/span><\/p>\n<\/div>\n<p><a href=\"https:\/\/www.ifescoop.eu\">Per saperne di pi\u00f9<\/a><\/p>\n<\/li>\n<li>\n<p>        <img decoding=\"async\" src=\"\/wp-content\/uploads\/2024\/03\/SEDAVI_logo.png\" alt=\"\"><\/p>\n<h3>SEDAV\u00cd TOWN COUNCIL<\/h3>\n<div>\n<p>Il Comune di Sedav\u00ed \u00e8 un ente pubblico locale che offre una serie di servizi alla popolazione locale che ammonta a circa undicimila persone.<\/p>\n<p>Tra questi servizi vi sono: servizi sociali in generale, occupazione, politiche di inclusione, assistenza agli anziani e le politiche contro la violenza di genere.<\/p>\n<p>Di recente, collaborano in progetti europei, soprattutto ERASMUS+, vantando un certo numero di partner europei in tutto il continente.<\/p>\n<\/div>\n<p><a href=\"https:\/\/www.sedavi.es\">Per saperne di pi\u00f9<\/a><\/p>\n<\/li>\n<li>\n<p>        <img decoding=\"async\" src=\"\/wp-content\/uploads\/2024\/03\/Logo-Exeo-Lab.png\" alt=\"\"><\/p>\n<h3>Exeo Lab<\/h3>\n<div>\n<p>Exeo Lab \u00e8 una partnership di policy specialists, con decenni di esperienza nei servizi di consulenza per enti pubblici e privati. La principale area di intervento \u00e8 la ricerca e l&#8217;analisi attraverso strumenti e tecnologie innovative a supporto della progettazione di politiche in settori chiave ed emergenti. La nostra azienda fornisce alle PMI e alle startup innovative un supporto avanzato e altamente personalizzato nei settori degli investimenti, del fundraising, dell&#8217;internazionalizzazione e degli appalti pubblici.<\/p>\n<p>Exeo Lab partecipa inoltre a progetti di ricerca regionali, nazionali e transnazionali, volti a creare opportunit\u00e0 di sviluppo per i territori, in particolare nei settori dell&#8217;imprenditorialit\u00e0, dello sviluppo sostenibile, dell&#8217;economia sociale e dell&#8217;inclusione sociale e lavorativa.<\/p>\n<p>Grazie alla professionalit\u00e0 del nostro team e alla seriet\u00e0 di un lavoro attento e metodico, la nostra societ\u00e0 si \u00e8 affermata nel settore della consulenza e della progettazione, diventando un solido punto di riferimento per organizzazioni pubbliche e private in Italia e all&#8217;estero.<\/p>\n<\/div>\n<p><a href=\"https:\/\/www.exeolab.it\">Per saperne di pi\u00f9<\/a><\/p>\n<\/li>\n<li>\n<p>        <img decoding=\"async\" src=\"\/wp-content\/uploads\/2024\/03\/logo_berlink-NEW.jpg\" alt=\"\"><\/p>\n<h3>Berlink ETN GmbH<\/h3>\n<div>\n<p>Berlink ETN GmbH \u00e8 un&#8217;organizzazione tedesca con una consolidata esperienza nell&#8217;organizzazione di esperienze professionali, formative e di tirocinio qualificate a Berlino.<\/p>\n<p>Lo scopo dell&#8217;azienda coincide con gli obiettivi generali fissati dal programma Erasmus Plus: migliorare la qualit\u00e0 e il volume della mobilit\u00e0 e della cooperazione tra istituzioni educative e imprese in tutta l&#8217;UE.<\/p>\n<p>Berlink ha infatti una forte collaborazione con un&#8217;ampia rete di aziende locali ed \u00e8 attivamente coinvolta in progetti dell&#8217;UE che raccolgono esperienze innovative e buone prassi sulla partecipazione attiva delle PMI come partner ospitanti in progetti di mobilit\u00e0. Grazie a una solida rete di partner internazionali e a un continuo processo di scambio di esperienze transnazionali, Berlink \u00e8 in grado di fornire esperienze di inserimento lavorativo con un impatto rilevante sul processo di apprendimento, applicando metodi innovativi (implementazione del sistema ECVET) e approcci comuni per pianificare ed erogare una formazione di successo sul posto di lavoro in preparazione alle esperienze lavorative. Berlink \u00e8 molto attivo nella partecipazione a progetti europei con l&#8217;obiettivo di migliorare lo sviluppo, il trasferimento e l&#8217;implementazione di pratiche innovative, promuovendo l&#8217;uso delle TIC nell&#8217;istruzione, nella formazione e nel mercato del lavoro. Berlink fa parte della &#8220;Rete ETN&#8221; con aziende in Italia (Rimini e Potenza), Spagna (Malaga), Bulgaria (Sofia), Germania (Berlino), Portogallo (Lisbona), Grecia (Rodi) e Irlanda (Cork).<\/p>\n<\/div>\n<p><a href=\"https:\/\/www.berlink.eu\">Per saperne di pi\u00f9<\/a><\/p>\n<\/li>\n<\/ul>\n<p><!--more--><br \/>\n<!-- {\"type\":\"layout\",\"children\":[{\"type\":\"section\",\"props\":{\"animation\":\"scale-up\",\"animation_delay\":\"200\",\"image_position\":\"center-center\",\"padding_remove_bottom\":false,\"padding_remove_top\":false,\"style\":\"default\",\"title_breakpoint\":\"xl\",\"title_position\":\"top-left\",\"title_rotation\":\"left\",\"vertical_align\":\"middle\",\"width\":\"default\"},\"children\":[{\"type\":\"row\",\"children\":[{\"type\":\"column\",\"props\":{\"image_position\":\"center-center\",\"media_overlay_gradient\":\"\",\"position_sticky_breakpoint\":\"m\"},\"children\":[{\"type\":\"headline\",\"props\":{\"animation\":\"fade\",\"content\":\"PARTNER\",\"text_align\":\"left\",\"title_color\":\"success\",\"title_element\":\"h1\",\"title_font_family\":\"primary\"},\"name\":\"headline-pages\"}]}]}],\"name\":\"Partners sec\"},{\"type\":\"section\",\"props\":{\"animation\":\"slide-left\",\"animation_delay\":\"200\",\"image_position\":\"center-center\",\"padding_remove_top\":true,\"style\":\"default\",\"title_breakpoint\":\"xl\",\"title_position\":\"top-left\",\"title_rotation\":\"left\",\"vertical_align\":\"middle\",\"width\":\"default\"},\"children\":[{\"type\":\"row\",\"children\":[{\"type\":\"column\",\"props\":{\"image_position\":\"center-center\",\"media_overlay_gradient\":\"\",\"position_sticky_breakpoint\":\"m\"},\"children\":[{\"type\":\"accordion\",\"props\":{\"animation\":\"slide-left\",\"collapsible\":true,\"content_column_breakpoint\":\"m\",\"content_style\":\"lead\",\"image_align\":\"left\",\"image_grid_breakpoint\":\"m\",\"image_grid_column_gap\":\"collapse\",\"image_grid_width\":\"large\",\"image_svg_color\":\"emphasis\",\"image_width\":\"350\",\"link_style\":\"primary\",\"link_text\":\"Read more\",\"show_image\":true,\"show_link\":true,\"text_align\":\"left\"},\"children\":[{\"type\":\"accordion_item\",\"props\":{\"content\":\"\n\n<p><span>CARDET \\u00e8 uno dei principali centri di ricerca e formazione nella regione del Mediterraneo orientale, con un'esperienza globale nella progettazione e nell'attuazione di progetti, nella gestione di progetti, nella formazione e nell'e-learning. CARDET ha portato a termine numerosi progetti relativi allo sviluppo di iniziative di formazione per adulti e professionisti nei settori del lavoro sociale, dell'innovazione e dell'imprenditorialit\\u00e0. I membri del team e del consiglio di amministrazione rappresentano istituti di istruzione superiore europei e internazionali, centri di formazione e organizzazioni internazionali, e vantano una conoscenza approfondita del settore della formazione degli adulti e dell'alfabetizzazione finanziaria, mentre CARDET si concentra sulla promozione della giustizia sociale e del progresso sociale. CARDET riunisce un team internazionale di esperti con decenni di esperienza globale nella formazione degli adulti, nello sviluppo di capacit\\u00e0, nello sviluppo di programmi di studio, nell'imprenditoria sociale, nella formazione professionale, nel design thinking, nell'innovazione, nella ricerca educativa, nella valutazione e nello sviluppo delle risorse umane.<\\\/span><\\\/p>\",\"image\":\"wp-content\\\/uploads\\\/2024\\\/03\\\/CARDET_logo_highRes-1.png\",\"link\":\"https:\\\/\\\/cardet.org\\\/\",\"link_text\":\"Per saperne di pi\\u00f9\",\"title\":\"CARDET\"}},{\"type\":\"accordion_item\",\"props\":{\"content\":\"\n\n<p>RightChallenge \\u00e8 un'organizzazione non governativa dedicata alla promozione dell'inclusione sociale e delle pari opportunit\\u00e0 attraverso l'istruzione e la formazione. Grazie alla collaborazione con molti stakholder e alla formazione, l'organizzazione incoraggia una cittadinanza responsabile, democratica e attiva. RightChallenge offre lavoro e altre attivit\\u00e0 per gruppi svantaggiati, formazione, assistenza sanitaria e riabilitativa, servizi abitativi e di assistenza, istruzione elementare e familiare. Secondo RightChallenge, l'istruzione \\u00e8 una componente cruciale per lo sviluppo di un giovane, in quanto lo mette in grado di impegnarsi e contribuire in tutte le sfere della societ\\u00e0, comprese quelle relative alla famiglia, al lavoro, alla comunit\\u00e0 e al tempo libero. In quanto organizzazione incentrata sulla comunit\\u00e0, offre anche servizi di progettazione di programmi di studio e di consulenza per lo sviluppo dei giovani e delle comunit\\u00e0, nonch\\u00e9 opportunit\\u00e0 di volontariato e programmi socio-educativi per le comunit\\u00e0 a rischio di esclusione sociale.<\\\/p>\",\"image\":\"wp-content\\\/uploads\\\/2024\\\/03\\\/Rightchallenge_Logo.png\",\"link\":\"https:\\\/\\\/rightchallenge.org\\\/\",\"link_text\":\"Per saperne di pi\\u00f9\",\"title\":\"RightChallenge\"}},{\"type\":\"accordion_item\",\"props\":{\"content\":\"\n\n<p><span>IFESCOOP \\u00e8 una cooperativa senza scopo di lucro che collabora con la Pubblica Amministrazione regionale e locale (Governo regionale e Comuni), con le parti sociali (sindacati e associazioni di datori di lavoro) e con molte altre istituzioni e organizzazioni in diversi settori, principalmente legati all'educazione degli adulti e alla formazione professionale. IFESCOOP offre formazione professionale a diversi gruppi target, con priorit\\u00e0 a specifici gruppi svantaggiati, avendo partecipato a numerosi progetti europei in materia di istruzione.<\\\/span><\\\/p>\",\"image\":\"wp-content\\\/uploads\\\/2024\\\/03\\\/IFES_COOP_FULL_BIG.jpg\",\"link\":\"https:\\\/\\\/www.ifescoop.eu\",\"link_text\":\"Per saperne di pi\\u00f9\",\"title\":\"IFESCOOP\"}},{\"type\":\"accordion_item\",\"props\":{\"content\":\"\n\n<p>Il Comune di Sedav\\u00ed \\u00e8 un ente pubblico locale che offre una serie di servizi alla popolazione locale che ammonta a circa undicimila persone.<\\\/p>\\n\n\n<p>Tra questi servizi vi sono: servizi sociali in generale, occupazione, politiche di inclusione, assistenza agli anziani e le politiche contro la violenza di genere.<\\\/p>\\n\n\n<p>Di recente, collaborano in progetti europei, soprattutto ERASMUS+, vantando un certo numero di partner europei in tutto il continente.<\\\/p>\",\"image\":\"wp-content\\\/uploads\\\/2024\\\/03\\\/SEDAVI_logo.png\",\"link\":\"https:\\\/\\\/www.sedavi.es\",\"link_text\":\"Per saperne di pi\\u00f9\",\"title\":\"SEDAV\\u00cd TOWN COUNCIL\"}},{\"type\":\"accordion_item\",\"props\":{\"content\":\"\n\n<p>Exeo Lab \\u00e8 una partnership di policy specialists, con decenni di esperienza nei servizi di consulenza per enti pubblici e privati. La principale area di intervento \\u00e8 la ricerca e l'analisi attraverso strumenti e tecnologie innovative a supporto della progettazione di politiche in settori chiave ed emergenti. La nostra azienda fornisce alle PMI e alle startup innovative un supporto avanzato e altamente personalizzato nei settori degli investimenti, del fundraising, dell'internazionalizzazione e degli appalti pubblici.<\\\/p>\\n\n\n<p>Exeo Lab partecipa inoltre a progetti di ricerca regionali, nazionali e transnazionali, volti a creare opportunit\\u00e0 di sviluppo per i territori, in particolare nei settori dell'imprenditorialit\\u00e0, dello sviluppo sostenibile, dell'economia sociale e dell'inclusione sociale e lavorativa.<\\\/p>\\n\n\n<p>Grazie alla professionalit\\u00e0 del nostro team e alla seriet\\u00e0 di un lavoro attento e metodico, la nostra societ\\u00e0 si \\u00e8 affermata nel settore della consulenza e della progettazione, diventando un solido punto di riferimento per organizzazioni pubbliche e private in Italia e all'estero.<\\\/p>\",\"image\":\"wp-content\\\/uploads\\\/2024\\\/03\\\/Logo-Exeo-Lab.png\",\"link\":\"https:\\\/\\\/www.exeolab.it\",\"link_text\":\"Per saperne di pi\\u00f9\",\"title\":\"Exeo Lab\"}},{\"type\":\"accordion_item\",\"props\":{\"content\":\"\n\n<p>Berlink ETN GmbH \\u00e8 un'organizzazione tedesca con una consolidata esperienza nell'organizzazione di esperienze professionali, formative e di tirocinio qualificate a Berlino.<\\\/p>\\n\n\n<p>Lo scopo dell'azienda coincide con gli obiettivi generali fissati dal programma Erasmus Plus: migliorare la qualit\\u00e0 e il volume della mobilit\\u00e0 e della cooperazione tra istituzioni educative e imprese in tutta l'UE.<\\\/p>\\n\n\n<p>Berlink ha infatti una forte collaborazione con un'ampia rete di aziende locali ed \\u00e8 attivamente coinvolta in progetti dell'UE che raccolgono esperienze innovative e buone prassi sulla partecipazione attiva delle PMI come partner ospitanti in progetti di mobilit\\u00e0. Grazie a una solida rete di partner internazionali e a un continuo processo di scambio di esperienze transnazionali, Berlink \\u00e8 in grado di fornire esperienze di inserimento lavorativo con un impatto rilevante sul processo di apprendimento, applicando metodi innovativi (implementazione del sistema ECVET) e approcci comuni per pianificare ed erogare una formazione di successo sul posto di lavoro in preparazione alle esperienze lavorative. Berlink \\u00e8 molto attivo nella partecipazione a progetti europei con l'obiettivo di migliorare lo sviluppo, il trasferimento e l'implementazione di pratiche innovative, promuovendo l'uso delle TIC nell'istruzione, nella formazione e nel mercato del lavoro. Berlink fa parte della \\\"Rete ETN\\\" con aziende in Italia (Rimini e Potenza), Spagna (Malaga), Bulgaria (Sofia), Germania (Berlino), Portogallo (Lisbona), Grecia (Rodi) e Irlanda (Cork).<\\\/p>\",\"image\":\"wp-content\\\/uploads\\\/2024\\\/03\\\/logo_berlink-NEW.jpg\",\"link\":\"https:\\\/\\\/www.berlink.eu\",\"link_text\":\"Per saperne di pi\\u00f9\",\"title\":\"Berlink ETN GmbH\"}}]}]}]}]}],\"version\":\"3.0.20\"} --><\/p>\n","protected":false},"excerpt":{"rendered":"<p>PARTNER CARDET CARDET \u00e8 uno dei principali centri di ricerca e formazione nella regione del Mediterraneo orientale, con un&#8217;esperienza globale nella progettazione e nell&#8217;attuazione di..<\/p>\n","protected":false},"author":1,"featured_media":0,"parent":0,"menu_order":0,"comment_status":"closed","ping_status":"closed","template":"","meta":{"_acf_changed":false,"inline_featured_image":false,"footnotes":""},"class_list":["post-1689","page","type-page","status-publish","hentry"],"acf":[],"_links":{"self":[{"href":"https:\/\/soosproject.eu\/it\/wp-json\/wp\/v2\/pages\/1689","targetHints":{"allow":["GET"]}}],"collection":[{"href":"https:\/\/soosproject.eu\/it\/wp-json\/wp\/v2\/pages"}],"about":[{"href":"https:\/\/soosproject.eu\/it\/wp-json\/wp\/v2\/types\/page"}],"author":[{"embeddable":true,"href":"https:\/\/soosproject.eu\/it\/wp-json\/wp\/v2\/users\/1"}],"replies":[{"embeddable":true,"href":"https:\/\/soosproject.eu\/it\/wp-json\/wp\/v2\/comments?post=1689"}],"version-history":[{"count":3,"href":"https:\/\/soosproject.eu\/it\/wp-json\/wp\/v2\/pages\/1689\/revisions"}],"predecessor-version":[{"id":1745,"href":"https:\/\/soosproject.eu\/it\/wp-json\/wp\/v2\/pages\/1689\/revisions\/1745"}],"wp:attachment":[{"href":"https:\/\/soosproject.eu\/it\/wp-json\/wp\/v2\/media?parent=1689"}],"curies":[{"name":"wp","href":"https:\/\/api.w.org\/{rel}","templated":true}]}}