{"id":2523,"date":"2025-09-15T16:19:39","date_gmt":"2025-09-15T14:19:39","guid":{"rendered":"https:\/\/soosproject.eu\/soos-peer-to-peer-volunteer-program\/"},"modified":"2025-09-17T09:42:36","modified_gmt":"2025-09-17T07:42:36","slug":"soos-peer-to-peer-volunteer-program","status":"publish","type":"page","link":"https:\/\/soosproject.eu\/it\/soos-peer-to-peer-volunteer-program\/","title":{"rendered":"SOOS Programma di volontariato peer to peer"},"content":{"rendered":"<div>\n<p data-pm-slice=\"1 1 []\">Il programma di volontariato peer-to-peer (P2P) SOns Of Silence \u00e8 un modello adattabile e trasferibile per la creazione di iniziative di volontariato inclusive rivolte alla comunit\u00e0, fondate sul sostegno reciproco e sulla leadership condivisa. Progettato per essere usato da istituzioni, autorit\u00e0 locali, organizzazioni della societ\u00e0 civile e contesti educativi, questo manuale fornisce un quadro completo per stabilire e sostenere programmi di volontariato tra pari, indipendentemente dal focus tematico specifico.<\/p>\n<\/div>\n<p><p>\n        <a href=\"\/wp-content\/uploads\/2025\/09\/SOOS_P2P_IT.pdf\">Visualizzza come PDF<\/a>\n    <\/p>\n<\/p>\n<div>\n<h3>Flipbook<\/h3>\n<p><a href=\"\/wp-content\/uploads\/2025\/09\/SOOS_P2P_IT.pdf\"><\/a><\/p>\n<\/div>\n<p><!--more--><br \/>\n<!-- {\"type\":\"layout\",\"children\":[{\"type\":\"section\",\"props\":{\"image_position\":\"center-center\",\"style\":\"default\",\"title_breakpoint\":\"xl\",\"title_position\":\"top-left\",\"title_rotation\":\"left\",\"vertical_align\":\"\",\"width\":\"default\"},\"children\":[{\"type\":\"row\",\"children\":[{\"type\":\"column\",\"props\":{\"image_position\":\"center-center\",\"position_sticky_breakpoint\":\"m\"},\"children\":[{\"type\":\"headline\",\"props\":{\"title_color\":\"primary\",\"title_element\":\"h1\",\"title_font_family\":\"primary\"},\"source\":{\"query\":{\"name\":\"pages.singlePage\"},\"props\":{\"content\":{\"filters\":{\"search\":\"\"},\"name\":\"title\"}}}},{\"type\":\"text\",\"props\":{\"column_breakpoint\":\"m\",\"content\":\"\n\n<p data-pm-slice=\\\"1 1 []\\\">Il programma di volontariato peer-to-peer (P2P) SOns Of Silence \\u00e8 un modello adattabile e trasferibile per la creazione di iniziative di volontariato inclusive rivolte alla comunit\\u00e0, fondate sul sostegno reciproco e sulla leadership condivisa. Progettato per essere usato da istituzioni, autorit\\u00e0 locali, organizzazioni della societ\\u00e0 civile e contesti educativi, questo manuale fornisce un quadro completo per stabilire e sostenere programmi di volontariato tra pari, indipendentemente dal focus tematico specifico.<\\\/p>\",\"margin\":\"default\",\"text_style\":\"lead\"}},{\"type\":\"button\",\"props\":{\"grid_column_gap\":\"small\",\"grid_row_gap\":\"small\",\"margin\":\"default\"},\"children\":[{\"type\":\"button_item\",\"props\":{\"button_style\":\"primary\",\"content\":\"Visualizzza come PDF\",\"dialog_layout\":\"modal\",\"dialog_offcanvas_flip\":true,\"icon_align\":\"left\",\"link\":\"wp-content\\\/uploads\\\/2025\\\/09\\\/SOOS_P2P_IT.pdf\",\"link_target\":\"blank\"}}]}]}]},{\"type\":\"row\",\"children\":[{\"type\":\"column\",\"props\":{\"image_position\":\"center-center\",\"position_sticky_breakpoint\":\"m\"},\"children\":[{\"type\":\"djflipbook\",\"props\":{\"content_column_breakpoint\":\"m\",\"grid_default\":\"1\",\"grid_medium\":\"1\",\"icon_width\":80,\"image_align\":\"top\",\"image_grid_breakpoint\":\"m\",\"image_grid_width\":\"1-2\",\"image_svg_color\":\"emphasis\",\"item_animation\":\"\",\"margin\":\"default\",\"meta_align\":\"below-title\",\"meta_element\":\"div\",\"meta_style\":\"meta\",\"show_content\":true,\"show_image\":true,\"show_link\":true,\"show_meta\":true,\"show_title\":true,\"title_align\":\"top\",\"title_color\":\"success\",\"title_element\":\"h3\",\"title_font_family\":\"primary\",\"title_grid_breakpoint\":\"m\",\"title_grid_width\":\"1-2\",\"title_hover_style\":\"reset\",\"title_style\":\"h3\"},\"children\":[{\"type\":\"flipbook_item\",\"props\":{\"link\":\"\\\/wp-content\\\/uploads\\\/2025\\\/09\\\/SOOS_P2P_IT.pdf\",\"title\":\"Flipbook\"}}]}]}]}]}],\"version\":\"4.5.20\"} --><\/p>\n","protected":false},"excerpt":{"rendered":"<p>Il programma di volontariato peer-to-peer (P2P) SOns Of Silence \u00e8 un modello adattabile e trasferibile per la creazione di iniziative di volontariato inclusive rivolte alla..<\/p>\n","protected":false},"author":1,"featured_media":2524,"parent":0,"menu_order":0,"comment_status":"closed","ping_status":"closed","template":"","meta":{"_acf_changed":false,"inline_featured_image":false,"footnotes":""},"class_list":["post-2523","page","type-page","status-publish","has-post-thumbnail","hentry"],"acf":[],"_links":{"self":[{"href":"https:\/\/soosproject.eu\/it\/wp-json\/wp\/v2\/pages\/2523","targetHints":{"allow":["GET"]}}],"collection":[{"href":"https:\/\/soosproject.eu\/it\/wp-json\/wp\/v2\/pages"}],"about":[{"href":"https:\/\/soosproject.eu\/it\/wp-json\/wp\/v2\/types\/page"}],"author":[{"embeddable":true,"href":"https:\/\/soosproject.eu\/it\/wp-json\/wp\/v2\/users\/1"}],"replies":[{"embeddable":true,"href":"https:\/\/soosproject.eu\/it\/wp-json\/wp\/v2\/comments?post=2523"}],"version-history":[{"count":4,"href":"https:\/\/soosproject.eu\/it\/wp-json\/wp\/v2\/pages\/2523\/revisions"}],"predecessor-version":[{"id":2585,"href":"https:\/\/soosproject.eu\/it\/wp-json\/wp\/v2\/pages\/2523\/revisions\/2585"}],"wp:featuredmedia":[{"embeddable":true,"href":"https:\/\/soosproject.eu\/it\/wp-json\/wp\/v2\/media\/2524"}],"wp:attachment":[{"href":"https:\/\/soosproject.eu\/it\/wp-json\/wp\/v2\/media?parent=2523"}],"curies":[{"name":"wp","href":"https:\/\/api.w.org\/{rel}","templated":true}]}}