{"id":1260,"date":"2022-02-24T14:11:37","date_gmt":"2022-02-24T12:11:37","guid":{"rendered":"https:\/\/soosproject.eu\/home\/"},"modified":"2025-10-02T13:31:32","modified_gmt":"2025-10-02T11:31:32","slug":"home","status":"publish","type":"page","link":"https:\/\/soosproject.eu\/pt-pt\/","title":{"rendered":"In\u00edcio"},"content":{"rendered":"<h1>SOOS &#8211; Sons of Silence (Filhos do Sil\u00eancio), O Impacto da Viol\u00eancia Dom\u00e9stica no Desenvolvimento Comportamental dos Jovens<\/h1>\n<p><p>\n        <a href=\"\/pt-pt\/about\/\">Saiba mais<\/a>\n    <\/p>\n<\/p>\n<h1>SOOS &#8211; Sons of Silence (Filhos do Sil\u00eancio), O Impacto da Viol\u00eancia Dom\u00e9stica no Desenvolvimento Comportamental dos Jovens<\/h1>\n<p><p>\n        <a href=\"\/pt-pt\/about\/\">Saiba mais<\/a>\n    <\/p>\n<\/p>\n<h1>SOOS &#8211; Sons of Silence (Filhos do Sil\u00eancio), O Impacto da Viol\u00eancia Dom\u00e9stica no Desenvolvimento Comportamental dos Jovens<\/h1>\n<p><img decoding=\"async\" src=\"\/wp-content\/uploads\/2024\/02\/SOOS_website_260224_SK-1.png\" alt=\"\"><\/p>\n<p><p>\n        <a href=\"\/pt-pt\/about\/\">Saiba mais<\/a>\n    <\/p>\n<\/p>\n<p><!--more--><br \/>\n<!-- {\"type\":\"layout\",\"children\":[{\"type\":\"section\",\"props\":{\"animation\":\"fade\",\"animation_delay\":\"200\",\"class\":\"homesec uk-visible@m\",\"height\":\"viewport\",\"height_offset_top\":true,\"image\":\"wp-content\\\/uploads\\\/2024\\\/02\\\/SOOS_website_260224_SK-2.png\",\"image_effect\":\"parallax\",\"image_parallax_bgx\":\"-40\",\"image_position\":\"center-center\",\"image_size\":\"cover\",\"padding_remove_bottom\":false,\"padding_remove_top\":false,\"style\":\"default\",\"title_breakpoint\":\"xl\",\"title_position\":\"top-left\",\"title_rotation\":\"left\",\"vertical_align\":\"middle\",\"width\":\"default\"},\"children\":[{\"type\":\"row\",\"props\":{\"layout\":\"1-2,1-2\"},\"children\":[{\"type\":\"column\",\"props\":{\"image_position\":\"center-center\",\"order_first\":\"l\",\"position_sticky_breakpoint\":\"m\",\"width_medium\":\"1-2\"},\"children\":[{\"type\":\"headline\",\"props\":{\"animation\":\"fade\",\"class\":\"hometext\",\"content\":\"SOOS - Sons of Silence (Filhos do Sil\\u00eancio), O Impacto da Viol\\u00eancia Dom\\u00e9stica no Desenvolvimento Comportamental dos Jovens\",\"margin_remove_top\":false,\"parallax_scale\":\"1\",\"parallax_x\":\"0 40%\",\"text_align\":\"left\",\"title_color\":\"primary\",\"title_element\":\"h1\",\"title_font_family\":\"primary\"}},{\"type\":\"button\",\"props\":{\"animation\":\"fade\",\"fullwidth\":false,\"grid_column_gap\":\"\",\"grid_row_gap\":\"\",\"margin\":\"large\",\"text_align\":\"left\"},\"children\":[{\"type\":\"button_item\",\"props\":{\"button_style\":\"primary\",\"content\":\"Saiba mais\",\"dialog_layout\":\"modal\",\"dialog_offcanvas_flip\":true,\"icon_align\":\"left\",\"link\":\"pt-pt\\\/about\\\/\"}}]}]},{\"type\":\"column\",\"props\":{\"image_position\":\"center-center\",\"order_first\":\"xs\",\"position_sticky_breakpoint\":\"m\",\"width_medium\":\"1-2\"}}]}],\"name\":\"homesec uk-visible@m\"},{\"type\":\"section\",\"props\":{\"class\":\"homesec uk-visible@s uk-hidden@m\",\"height\":\"viewport\",\"height_viewport\":80,\"image\":\"wp-content\\\/uploads\\\/2024\\\/02\\\/SOOS_website_260224_SK-2.png\",\"image_effect\":\"parallax\",\"image_parallax_bgx\":\"-40\",\"image_position\":\"top-center\",\"image_size\":\"contain\",\"padding_remove_bottom\":true,\"padding_remove_top\":false,\"style\":\"default\",\"title_breakpoint\":\"xl\",\"title_position\":\"top-left\",\"title_rotation\":\"left\",\"vertical_align\":\"middle\",\"width\":\"default\"},\"children\":[{\"type\":\"row\",\"props\":{\"layout\":\"1-2,1-2\"},\"children\":[{\"type\":\"column\",\"props\":{\"image_position\":\"center-center\",\"order_first\":\"l\",\"position_sticky_breakpoint\":\"m\",\"width_medium\":\"1-2\"},\"children\":[{\"type\":\"headline\",\"props\":{\"animation\":\"fade\",\"class\":\"hometext\",\"content\":\"SOOS - Sons of Silence (Filhos do Sil\\u00eancio), O Impacto da Viol\\u00eancia Dom\\u00e9stica no Desenvolvimento Comportamental dos Jovens\",\"margin_remove_top\":false,\"parallax_scale\":\"1\",\"parallax_x\":\"0 40%\",\"position\":\"relative\",\"position_top\":\"120\",\"text_align\":\"center\",\"title_color\":\"primary\",\"title_element\":\"h1\",\"title_font_family\":\"primary\"}},{\"type\":\"button\",\"props\":{\"animation\":\"fade\",\"fullwidth\":false,\"grid_column_gap\":\"\",\"grid_row_gap\":\"\",\"margin\":\"large\",\"position\":\"relative\",\"position_top\":\"120\",\"text_align\":\"center\"},\"children\":[{\"type\":\"button_item\",\"props\":{\"button_style\":\"primary\",\"content\":\"Saiba mais\",\"dialog_layout\":\"modal\",\"dialog_offcanvas_flip\":true,\"icon_align\":\"left\",\"link\":\"pt-pt\\\/about\\\/\"}}]}]},{\"type\":\"column\",\"props\":{\"image_position\":\"center-center\",\"order_first\":\"xs\",\"position_sticky_breakpoint\":\"m\",\"width_medium\":\"1-2\"}}]}],\"name\":\"homesec uk-visible@s uk-hidden@m\"},{\"type\":\"section\",\"props\":{\"animation\":\"fade\",\"animation_delay\":\"200\",\"class\":\"homesec uk-hidden@s\",\"image_position\":\"center-center\",\"padding_remove_top\":false,\"style\":\"default\",\"title_breakpoint\":\"xl\",\"title_position\":\"top-left\",\"title_rotation\":\"left\",\"vertical_align\":\"\",\"width\":\"default\"},\"children\":[{\"type\":\"row\",\"children\":[{\"type\":\"column\",\"props\":{\"image_position\":\"center-center\",\"position_sticky_breakpoint\":\"m\"},\"children\":[{\"type\":\"headline\",\"props\":{\"animation\":\"fade\",\"class\":\"hometext\",\"content\":\"SOOS - Sons of Silence (Filhos do Sil\\u00eancio), O Impacto da Viol\\u00eancia Dom\\u00e9stica no Desenvolvimento Comportamental dos Jovens\",\"margin_remove_top\":false,\"parallax_scale\":\"1\",\"parallax_x\":\"0 40%\",\"text_align\":\"center\",\"title_color\":\"primary\",\"title_element\":\"h1\",\"title_font_family\":\"primary\"}},{\"type\":\"image\",\"props\":{\"animation\":\"parallax\",\"image\":\"wp-content\\\/uploads\\\/2024\\\/02\\\/SOOS_website_260224_SK-1.png\",\"image_svg_color\":\"emphasis\",\"image_width\":\"200\",\"margin\":\"default\",\"parallax_transform_origin\":\"top-left\",\"parallax_x\":\"80 40%\",\"position\":\"relative\",\"position_left\":\"-80\",\"text_align\":\"center\"}},{\"type\":\"button\",\"props\":{\"animation\":\"fade\",\"class\":\"homebutton\",\"fullwidth\":false,\"grid_column_gap\":\"\",\"grid_row_gap\":\"\",\"margin\":\"large\",\"text_align\":\"left\"},\"children\":[{\"type\":\"button_item\",\"props\":{\"button_style\":\"primary\",\"content\":\"Saiba mais\",\"dialog_layout\":\"modal\",\"dialog_offcanvas_flip\":true,\"icon_align\":\"left\",\"link\":\"pt-pt\\\/about\\\/\"}}]}]}]}],\"name\":\"homesec uk-hidden@s\"}],\"version\":\"4.5.27\"} --><\/p>\n","protected":false},"excerpt":{"rendered":"<p>SOOS &#8211; Sons of Silence (Filhos do Sil\u00eancio), O Impacto da Viol\u00eancia Dom\u00e9stica no Desenvolvimento Comportamental dos Jovens Saiba mais SOOS &#8211; Sons of Silence..<\/p>\n","protected":false},"author":1,"featured_media":0,"parent":0,"menu_order":0,"comment_status":"closed","ping_status":"closed","template":"","meta":{"_acf_changed":false,"inline_featured_image":false,"footnotes":""},"class_list":["post-1260","page","type-page","status-publish","hentry"],"acf":[],"_links":{"self":[{"href":"https:\/\/soosproject.eu\/pt-pt\/wp-json\/wp\/v2\/pages\/1260","targetHints":{"allow":["GET"]}}],"collection":[{"href":"https:\/\/soosproject.eu\/pt-pt\/wp-json\/wp\/v2\/pages"}],"about":[{"href":"https:\/\/soosproject.eu\/pt-pt\/wp-json\/wp\/v2\/types\/page"}],"author":[{"embeddable":true,"href":"https:\/\/soosproject.eu\/pt-pt\/wp-json\/wp\/v2\/users\/1"}],"replies":[{"embeddable":true,"href":"https:\/\/soosproject.eu\/pt-pt\/wp-json\/wp\/v2\/comments?post=1260"}],"version-history":[{"count":10,"href":"https:\/\/soosproject.eu\/pt-pt\/wp-json\/wp\/v2\/pages\/1260\/revisions"}],"predecessor-version":[{"id":2592,"href":"https:\/\/soosproject.eu\/pt-pt\/wp-json\/wp\/v2\/pages\/1260\/revisions\/2592"}],"wp:attachment":[{"href":"https:\/\/soosproject.eu\/pt-pt\/wp-json\/wp\/v2\/media?parent=1260"}],"curies":[{"name":"wp","href":"https:\/\/api.w.org\/{rel}","templated":true}]}}