{"id":1676,"date":"2022-02-24T14:11:37","date_gmt":"2022-02-24T12:11:37","guid":{"rendered":"https:\/\/soosproject.eu\/about\/"},"modified":"2025-10-02T14:12:04","modified_gmt":"2025-10-02T12:12:04","slug":"about","status":"publish","type":"page","link":"https:\/\/soosproject.eu\/pt-pt\/about\/","title":{"rendered":"Sobre"},"content":{"rendered":"<h1>SOBRE<\/h1>\n<div>\n<p>A viol\u00eancia dom\u00e9stica \u00e9 uma forma de vitimiza\u00e7\u00e3o que implica a exposi\u00e7\u00e3o \u00e0 mesma em casa, quer testemunhando a viol\u00eancia, quer sendo exposto \u00e0s suas consequ\u00eancias. Quando outra pessoa, que n\u00e3o a v\u00edtima direta da viol\u00eancia dom\u00e9stica, \u00e9 afetada pelos maus-tratos, fala-se de exposi\u00e7\u00e3o a viol\u00eancia dom\u00e9stica. Os jovens podem sofrer efeitos profundos e duradouros por serem expostos a contextos de viol\u00eancia dom\u00e9stica.<\/p>\n<p>O projeto SOOS visa abordar as quest\u00f5es da vitimiza\u00e7\u00e3o indireta dos jovens expostos \u00e0 viol\u00eancia dom\u00e9stica, atrav\u00e9s da sensibiliza\u00e7\u00e3o para a necessidade de alterar o c\u00edrculo vicioso da viol\u00eancia e de mudar os comportamentos.<\/p>\n<\/div>\n<p><img decoding=\"async\" src=\"\/wp-content\/uploads\/2024\/03\/AboutUs-Img.png\" alt=\"\"><\/p>\n<h2>Finalidade e objectivos<\/h2>\n<div>\n<p>O objetivo do projeto SOOS \u00e9 sensibilizar para o potencial impacto da viol\u00eancia dom\u00e9stica nos jovens e chamar a aten\u00e7\u00e3o para os riscos da exposi\u00e7\u00e3o \u00e0 viol\u00eancia dom\u00e9stica e os seus potenciais efeitos na sa\u00fade f\u00edsica, emocional e psicol\u00f3gica dos jovens. O projeto SOOS tamb\u00e9m visa fornecer recursos e apoio \u00e0s pessoas expostas \u00e0 viol\u00eancia dom\u00e9stica e educar o p\u00fablico sobre medidas preventivas. Em \u00faltima an\u00e1lise, o projeto SOOS esfor\u00e7a-se por reduzir a preval\u00eancia da viol\u00eancia dom\u00e9stica na nossa sociedade e criar ambientes mais seguros e saud\u00e1veis para os jovens.<\/p>\n<\/div>\n<div>\n<p>        <img decoding=\"async\" src=\"\/wp-content\/uploads\/2024\/03\/About1Icon.png\" alt=\"\"><\/p>\n<div>\n<p>Aumentar a sensibiliza\u00e7\u00e3o dos jovens para os riscos e perigos da viol\u00eancia dom\u00e9stica e desenvolver estrat\u00e9gias para ajudar os jovens a enfrentar os efeitos da viol\u00eancia dom\u00e9stica.<\/p>\n<\/div>\n<\/div>\n<div>\n<p>        <img decoding=\"async\" src=\"\/wp-content\/uploads\/2024\/03\/About2Icon.png\" alt=\"\"><\/p>\n<div>\n<p>Fomentar rela\u00e7\u00f5es de apoio entre jovens e adultos para promover a resili\u00eancia e proporcionar aos jovens uma rede de apoio entre pares.<\/p>\n<\/div>\n<\/div>\n<div>\n<p>        <img decoding=\"async\" src=\"\/wp-content\/uploads\/2024\/03\/About3Icon.png\" alt=\"\"><\/p>\n<div>\n<p>Proporcionar aos jovens o acesso a servi\u00e7os de sa\u00fade mental adequados e criar um ambiente seguro para que os jovens possam discutir as suas experi\u00eancias e sentimentos.<\/p>\n<\/div>\n<\/div>\n<div>\n<p>        <img decoding=\"async\" src=\"\/wp-content\/uploads\/2024\/03\/About4Icon.png\" alt=\"\"><\/p>\n<div>\n<p>Educar os jovens sobre a import\u00e2ncia de rela\u00e7\u00f5es saud\u00e1veis e encoraj\u00e1-los a manifestarem-se contra a viol\u00eancia dom\u00e9stica e a constru\u00edrem um sentimento de autonomia.<\/p>\n<\/div>\n<\/div>\n<div>\n<p>        <img decoding=\"async\" src=\"\/wp-content\/uploads\/2024\/03\/About5Icon.png\" alt=\"\"><\/p>\n<div>\n<p>Desenvolver um plano de a\u00e7\u00e3o para evitar mais viol\u00eancia dom\u00e9stica em casa e ligar os jovens a recursos comunit\u00e1rios que possam prestar apoio e assist\u00eancia.<\/p>\n<\/div>\n<\/div>\n<p><!--more--><br \/>\n<!-- {\"type\":\"layout\",\"children\":[{\"type\":\"section\",\"props\":{\"animation_delay\":\"200\",\"image_position\":\"center-center\",\"style\":\"default\",\"title_breakpoint\":\"xl\",\"title_position\":\"top-left\",\"title_rotation\":\"left\",\"vertical_align\":\"\",\"width\":\"default\"},\"children\":[{\"type\":\"row\",\"props\":{\"layout\":\"1-2,1-2\"},\"children\":[{\"type\":\"column\",\"props\":{\"image_position\":\"center-center\",\"position_sticky_breakpoint\":\"m\",\"width_medium\":\"1-2\"},\"children\":[{\"type\":\"headline\",\"props\":{\"content\":\"SOBRE\",\"text_align\":\"left\",\"title_color\":\"success\",\"title_element\":\"h1\",\"title_font_family\":\"primary\"},\"name\":\"headline-pages\"},{\"type\":\"text\",\"props\":{\"column_breakpoint\":\"m\",\"content\":\"\n\n<p>A viol\\u00eancia dom\\u00e9stica \\u00e9 uma forma de vitimiza\\u00e7\\u00e3o que implica a exposi\\u00e7\\u00e3o \\u00e0 mesma em casa, quer testemunhando a viol\\u00eancia, quer sendo exposto \\u00e0s suas consequ\\u00eancias. Quando outra pessoa, que n\\u00e3o a v\\u00edtima direta da viol\\u00eancia dom\\u00e9stica, \\u00e9 afetada pelos maus-tratos, fala-se de exposi\\u00e7\\u00e3o a viol\\u00eancia dom\\u00e9stica. Os jovens podem sofrer efeitos profundos e duradouros por serem expostos a contextos de viol\\u00eancia dom\\u00e9stica.<\\\/p>\\n\n\n<p>O projeto SOOS visa abordar as quest\\u00f5es da vitimiza\\u00e7\\u00e3o indireta dos jovens expostos \\u00e0 viol\\u00eancia dom\\u00e9stica, atrav\\u00e9s da sensibiliza\\u00e7\\u00e3o para a necessidade de alterar o c\\u00edrculo vicioso da viol\\u00eancia e de mudar os comportamentos.<\\\/p>\",\"margin\":\"default\",\"text_color\":\"secondary\",\"text_style\":\"lead\"}}]},{\"type\":\"column\",\"props\":{\"image_position\":\"center-center\",\"position_sticky_breakpoint\":\"m\",\"width_medium\":\"1-2\"},\"children\":[{\"type\":\"image\",\"props\":{\"animation\":\"fade\",\"class\":\"about-img\",\"image\":\"wp-content\\\/uploads\\\/2024\\\/03\\\/AboutUs-Img.png\",\"image_svg_color\":\"emphasis\",\"margin\":\"default\",\"position_top\":\"60\"}}]}]}],\"name\":\"About sec\"},{\"type\":\"section\",\"props\":{\"image_position\":\"center-center\",\"padding\":\"none\",\"style\":\"default\",\"title_breakpoint\":\"xl\",\"title_position\":\"top-left\",\"title_rotation\":\"left\",\"vertical_align\":\"\",\"width\":\"default\"},\"children\":[{\"type\":\"row\",\"children\":[{\"type\":\"column\",\"props\":{\"image_position\":\"center-center\",\"position_sticky_breakpoint\":\"m\"},\"children\":[{\"type\":\"headline\",\"props\":{\"content\":\"Finalidade e objectivos\",\"title_color\":\"secondary\",\"title_element\":\"h2\",\"title_font_family\":\"primary\"}},{\"type\":\"text\",\"props\":{\"column_breakpoint\":\"m\",\"content\":\"\n\n<p>O objetivo do projeto SOOS \\u00e9 sensibilizar para o potencial impacto da viol\\u00eancia dom\\u00e9stica nos jovens e chamar a aten\\u00e7\\u00e3o para os riscos da exposi\\u00e7\\u00e3o \\u00e0 viol\\u00eancia dom\\u00e9stica e os seus potenciais efeitos na sa\\u00fade f\\u00edsica, emocional e psicol\\u00f3gica dos jovens. O projeto SOOS tamb\\u00e9m visa fornecer recursos e apoio \\u00e0s pessoas expostas \\u00e0 viol\\u00eancia dom\\u00e9stica e educar o p\\u00fablico sobre medidas preventivas. Em \\u00faltima an\\u00e1lise, o projeto SOOS esfor\\u00e7a-se por reduzir a preval\\u00eancia da viol\\u00eancia dom\\u00e9stica na nossa sociedade e criar ambientes mais seguros e saud\\u00e1veis para os jovens.<\\\/p>\",\"margin\":\"default\",\"text_color\":\"secondary\",\"text_style\":\"lead\"}}]}]}]},{\"type\":\"section\",\"props\":{\"animation\":\"scale-up\",\"animation_delay\":\"200\",\"class\":\"1-5\",\"image_position\":\"center-center\",\"padding\":\"large\",\"padding_remove_top\":false,\"style\":\"default\",\"title_breakpoint\":\"xl\",\"title_position\":\"top-left\",\"title_rotation\":\"left\",\"vertical_align\":\"\",\"width\":\"default\"},\"children\":[{\"type\":\"row\",\"props\":{\"css\":\".el-content {\\n    color:#6214AD;\\n}\",\"layout\":\"1-5,1-5,1-5,1-5,1-5|1-2,1-2,1-3,1-3,1-3\"},\"children\":[{\"type\":\"column\",\"props\":{\"image_position\":\"center-center\",\"position_sticky_breakpoint\":\"m\",\"width_medium\":\"1-5\",\"width_small\":\"1-2\"},\"children\":[{\"type\":\"panel\",\"props\":{\"content\":\"\n\n<p>Aumentar a sensibiliza\\u00e7\\u00e3o dos jovens para os riscos e perigos da viol\\u00eancia dom\\u00e9stica e desenvolver estrat\\u00e9gias para ajudar os jovens a enfrentar os efeitos da viol\\u00eancia dom\\u00e9stica.<\\\/p>\",\"content_column_breakpoint\":\"m\",\"content_style\":\"text-lead\",\"icon_width\":80,\"image\":\"wp-content\\\/uploads\\\/2024\\\/03\\\/About1Icon.png\",\"image_align\":\"between\",\"image_grid_breakpoint\":\"m\",\"image_grid_width\":\"1-2\",\"image_svg_color\":\"emphasis\",\"link_style\":\"default\",\"link_text\":\"Read more\",\"margin\":\"default\",\"meta_align\":\"below-title\",\"meta_element\":\"div\",\"meta_style\":\"text-meta\",\"text_align\":\"center\",\"title\":\"\",\"title_align\":\"top\",\"title_element\":\"h3\",\"title_grid_breakpoint\":\"m\",\"title_grid_width\":\"1-2\",\"title_hover_style\":\"reset\"}}]},{\"type\":\"column\",\"props\":{\"image_position\":\"center-center\",\"position_sticky_breakpoint\":\"m\",\"width_medium\":\"1-5\",\"width_small\":\"1-2\"},\"children\":[{\"type\":\"panel\",\"props\":{\"content\":\"\n\n<p>Fomentar rela\\u00e7\\u00f5es de apoio entre jovens e adultos para promover a resili\\u00eancia e proporcionar aos jovens uma rede de apoio entre pares.<\\\/p>\",\"content_column_breakpoint\":\"m\",\"content_style\":\"text-lead\",\"icon_width\":80,\"image\":\"wp-content\\\/uploads\\\/2024\\\/03\\\/About2Icon.png\",\"image_align\":\"between\",\"image_grid_breakpoint\":\"m\",\"image_grid_width\":\"1-2\",\"image_svg_color\":\"emphasis\",\"link_style\":\"default\",\"link_text\":\"Read more\",\"margin\":\"default\",\"meta_align\":\"below-title\",\"meta_element\":\"div\",\"meta_style\":\"text-meta\",\"text_align\":\"center\",\"title_align\":\"top\",\"title_element\":\"h3\",\"title_grid_breakpoint\":\"m\",\"title_grid_width\":\"1-2\",\"title_hover_style\":\"reset\"}}]},{\"type\":\"column\",\"props\":{\"image_position\":\"center-center\",\"position_sticky_breakpoint\":\"m\",\"width_medium\":\"1-5\",\"width_small\":\"1-3\"},\"children\":[{\"type\":\"panel\",\"props\":{\"content\":\"\n\n<p>Proporcionar aos jovens o acesso a servi\\u00e7os de sa\\u00fade mental adequados e criar um ambiente seguro para que os jovens possam discutir as suas experi\\u00eancias e sentimentos.<\\\/p>\",\"content_column_breakpoint\":\"m\",\"content_style\":\"text-lead\",\"icon_width\":80,\"image\":\"wp-content\\\/uploads\\\/2024\\\/03\\\/About3Icon.png\",\"image_align\":\"between\",\"image_grid_breakpoint\":\"m\",\"image_grid_width\":\"1-2\",\"image_svg_color\":\"emphasis\",\"link_style\":\"default\",\"link_text\":\"Read more\",\"margin\":\"default\",\"meta_align\":\"below-title\",\"meta_element\":\"div\",\"meta_style\":\"text-meta\",\"text_align\":\"center\",\"title_align\":\"top\",\"title_element\":\"h3\",\"title_grid_breakpoint\":\"m\",\"title_grid_width\":\"1-2\",\"title_hover_style\":\"reset\"}}]},{\"type\":\"column\",\"props\":{\"image_position\":\"center-center\",\"position_sticky_breakpoint\":\"m\",\"width_medium\":\"1-5\",\"width_small\":\"1-3\"},\"children\":[{\"type\":\"panel\",\"props\":{\"content\":\"\n\n<p>Educar os jovens sobre a import\\u00e2ncia de rela\\u00e7\\u00f5es saud\\u00e1veis e encoraj\\u00e1-los a manifestarem-se contra a viol\\u00eancia dom\\u00e9stica e a constru\\u00edrem um sentimento de autonomia.<\\\/p>\",\"content_column_breakpoint\":\"m\",\"content_style\":\"text-lead\",\"icon_width\":80,\"image\":\"wp-content\\\/uploads\\\/2024\\\/03\\\/About4Icon.png\",\"image_align\":\"between\",\"image_grid_breakpoint\":\"m\",\"image_grid_width\":\"1-2\",\"image_svg_color\":\"emphasis\",\"link_style\":\"default\",\"link_text\":\"Read more\",\"margin\":\"default\",\"meta_align\":\"below-title\",\"meta_element\":\"div\",\"meta_style\":\"text-meta\",\"text_align\":\"center\",\"title_align\":\"top\",\"title_element\":\"h3\",\"title_grid_breakpoint\":\"m\",\"title_grid_width\":\"1-2\",\"title_hover_style\":\"reset\"}}]},{\"type\":\"column\",\"props\":{\"image_position\":\"center-center\",\"position_sticky_breakpoint\":\"m\",\"width_medium\":\"1-5\",\"width_small\":\"1-3\"},\"children\":[{\"type\":\"panel\",\"props\":{\"block_align\":\"center\",\"content\":\"\n\n<p>Desenvolver um plano de a\\u00e7\\u00e3o para evitar mais viol\\u00eancia dom\\u00e9stica em casa e ligar os jovens a recursos comunit\\u00e1rios que possam prestar apoio e assist\\u00eancia.<\\\/p>\",\"content_column_breakpoint\":\"m\",\"content_style\":\"text-lead\",\"icon_width\":80,\"image\":\"wp-content\\\/uploads\\\/2024\\\/03\\\/About5Icon.png\",\"image_align\":\"between\",\"image_grid_breakpoint\":\"m\",\"image_grid_width\":\"1-2\",\"image_svg_color\":\"emphasis\",\"link_style\":\"default\",\"link_text\":\"Read more\",\"margin\":\"default\",\"meta_align\":\"below-title\",\"meta_element\":\"div\",\"meta_style\":\"text-meta\",\"text_align\":\"center\",\"title_align\":\"top\",\"title_element\":\"h3\",\"title_grid_breakpoint\":\"m\",\"title_grid_width\":\"1-2\",\"title_hover_style\":\"reset\"}}]}]},{\"type\":\"row\",\"props\":{\"divider\":false,\"margin_remove_bottom\":false},\"children\":[{\"type\":\"column\",\"props\":{\"image_position\":\"center-center\",\"position_sticky_breakpoint\":\"m\"},\"children\":[{\"type\":\"totop\",\"props\":{\"margin\":\"default\",\"text_align\":\"center\",\"title_grid_column_gap\":\"small\",\"title_grid_row_gap\":\"small\"}}]}]}],\"name\":\"1-5 SEC\"}],\"version\":\"4.5.27\"} --><\/p>\n","protected":false},"excerpt":{"rendered":"<p>SOBRE A viol\u00eancia dom\u00e9stica \u00e9 uma forma de vitimiza\u00e7\u00e3o que implica a exposi\u00e7\u00e3o \u00e0 mesma em casa, quer testemunhando a viol\u00eancia, quer sendo exposto \u00e0s..<\/p>\n","protected":false},"author":1,"featured_media":0,"parent":0,"menu_order":0,"comment_status":"closed","ping_status":"closed","template":"","meta":{"_acf_changed":false,"inline_featured_image":false,"footnotes":""},"class_list":["post-1676","page","type-page","status-publish","hentry"],"acf":[],"_links":{"self":[{"href":"https:\/\/soosproject.eu\/pt-pt\/wp-json\/wp\/v2\/pages\/1676","targetHints":{"allow":["GET"]}}],"collection":[{"href":"https:\/\/soosproject.eu\/pt-pt\/wp-json\/wp\/v2\/pages"}],"about":[{"href":"https:\/\/soosproject.eu\/pt-pt\/wp-json\/wp\/v2\/types\/page"}],"author":[{"embeddable":true,"href":"https:\/\/soosproject.eu\/pt-pt\/wp-json\/wp\/v2\/users\/1"}],"replies":[{"embeddable":true,"href":"https:\/\/soosproject.eu\/pt-pt\/wp-json\/wp\/v2\/comments?post=1676"}],"version-history":[{"count":13,"href":"https:\/\/soosproject.eu\/pt-pt\/wp-json\/wp\/v2\/pages\/1676\/revisions"}],"predecessor-version":[{"id":2605,"href":"https:\/\/soosproject.eu\/pt-pt\/wp-json\/wp\/v2\/pages\/1676\/revisions\/2605"}],"wp:attachment":[{"href":"https:\/\/soosproject.eu\/pt-pt\/wp-json\/wp\/v2\/media?parent=1676"}],"curies":[{"name":"wp","href":"https:\/\/api.w.org\/{rel}","templated":true}]}}