{"id":1690,"date":"2022-03-21T06:09:31","date_gmt":"2022-03-21T04:09:31","guid":{"rendered":"https:\/\/soosproject.eu\/partners\/"},"modified":"2025-10-02T13:35:57","modified_gmt":"2025-10-02T11:35:57","slug":"partners","status":"publish","type":"page","link":"https:\/\/soosproject.eu\/pt-pt\/partners\/","title":{"rendered":"Parceiros"},"content":{"rendered":"<h1>PARCEIROS<\/h1>\n<ul>\n<li>\n<p>        <img decoding=\"async\" src=\"\/wp-content\/uploads\/2024\/03\/CARDET_logo_highRes-1.png\" alt=\"\"><\/p>\n<h3>CARDET<\/h3>\n<div>\n<p><span>CARDET \u00e9 um dos principais centros de investiga\u00e7\u00e3o e forma\u00e7\u00e3o na regi\u00e3o do Mediterr\u00e2neo Oriental, com experi\u00eancia global na conce\u00e7\u00e3o e implementa\u00e7\u00e3o de projetos, gest\u00e3o de projetos, forma\u00e7\u00e3o e e-learning. O CARDET concluiu numerosos projetos relacionados com o desenvolvimento de iniciativas de forma\u00e7\u00e3o profissional e de adultos nas \u00e1reas do trabalho social, da inova\u00e7\u00e3o e do empreendedorismo. Os membros da sua equipa e do seu conselho de administra\u00e7\u00e3o representam institui\u00e7\u00f5es de ensino superior europeias e internacionais, centros de forma\u00e7\u00e3o e organiza\u00e7\u00f5es internacionais, e t\u00eam um conhecimento profundo do sector da forma\u00e7\u00e3o de adultos e da \u00e1rea da literacia financeira, enquanto CARDET se centra na promo\u00e7\u00e3o da justi\u00e7a social e do progresso social. CARDET re\u00fane uma equipa internacional de peritos com d\u00e9cadas de experi\u00eancia global em forma\u00e7\u00e3o de adultos, refor\u00e7o de capacidades, desenvolvimento curricular, empreendedorismo social, forma\u00e7\u00e3o profissional, design thinking, inova\u00e7\u00e3o, investiga\u00e7\u00e3o em educa\u00e7\u00e3o, avalia\u00e7\u00e3o e desenvolvimento de recursos humanos.<\/span><\/p>\n<\/div>\n<p><a href=\"https:\/\/cardet.org\/\">Ler mais<\/a><\/p>\n<\/li>\n<li>\n<p>        <img decoding=\"async\" src=\"\/wp-content\/uploads\/2024\/03\/Rightchallenge_Logo.png\" alt=\"\"><\/p>\n<h3>RightChallenge<\/h3>\n<div>\n<p>A RightChallenge \u00e9 uma organiza\u00e7\u00e3o n\u00e3o governamental dedicada a promover a inclus\u00e3o social e a igualdade de oportunidades atrav\u00e9s da educa\u00e7\u00e3o e da forma\u00e7\u00e3o. Utilizando a colabora\u00e7\u00e3o com muitos intervenientes e a forma\u00e7\u00e3o educacional, a organiza\u00e7\u00e3o encoraja uma cidadania respons\u00e1vel, democr\u00e1tica e ativa. A RightChallenge oferece trabalho e outras atividades para grupos espec\u00edficos, bem como forma\u00e7\u00e3o, apoio \u00e0 sa\u00fade e reabilita\u00e7\u00e3o, habita\u00e7\u00e3o e servi\u00e7os de cuidados, e educa\u00e7\u00e3o elementar e familiar. De acordo com RightChallenge, a educa\u00e7\u00e3o \u00e9 uma componente crucial do desenvolvimento de um jovem, uma vez que o equipa para se envolver e contribuir em todas as esferas da sociedade, incluindo as relacionadas com a sua fam\u00edlia, emprego, comunidade e lazer. Sendo uma organiza\u00e7\u00e3o centrada na comunidade, tamb\u00e9m oferece servi\u00e7os de conce\u00e7\u00e3o de curr\u00edculos e de consultoria para o desenvolvimento da juventude e da comunidade, bem como oportunidades de voluntariado e programas socioeducativos para comunidades em risco de exclus\u00e3o social.<\/p>\n<\/div>\n<p><a href=\"https:\/\/rightchallenge.org\/\">Ler mais<\/a><\/p>\n<\/li>\n<li>\n<p>        <img decoding=\"async\" src=\"\/wp-content\/uploads\/2024\/03\/IFES_COOP_FULL_BIG.jpg\" alt=\"\"><\/p>\n<h3>IFESCOOP<\/h3>\n<div>\n<p><span>IFESCOOP \u00e9 uma cooperativa sem fins lucrativos que coopera com a Administra\u00e7\u00e3o P\u00fablica regional e local (Governo Regional e C\u00e2maras Municipais), Parceiros Sociais (Sindicatos e Associa\u00e7\u00f5es Patronais), bem como muitas outras institui\u00e7\u00f5es e organiza\u00e7\u00f5es em diferentes dom\u00ednios, principalmente relacionados com a educa\u00e7\u00e3o de adultos e a forma\u00e7\u00e3o profissional. IFESCOOP oferece forma\u00e7\u00e3o profissional a diferentes grupos-alvo, sendo dada prioridade a grupos desfavorecidos espec\u00edficos, tendo participado em muitos projetos europeus relacionados com a educa\u00e7\u00e3o.<\/span><\/p>\n<\/div>\n<p><a href=\"https:\/\/www.ifescoop.eu\">Ler mais<\/a><\/p>\n<\/li>\n<li>\n<p>        <img decoding=\"async\" src=\"\/wp-content\/uploads\/2024\/03\/SEDAVI_logo.png\" alt=\"\"><\/p>\n<h3>SEDAV\u00cd TOWN COUNCIL<\/h3>\n<div>\n<p>A C\u00e2mara Municipal de Sedav\u00ed \u00e9 uma entidade p\u00fablica local respons\u00e1vel pela presta\u00e7\u00e3o de uma s\u00e9rie de servi\u00e7os \u00e0 nossa popula\u00e7\u00e3o, que ascende a cerca de onze mil pessoas.<\/p>\n<p>Entre esses servi\u00e7os encontram-se: servi\u00e7os sociais em geral, emprego, pol\u00edticas de igualdade, apoio aos idosos e pol\u00edticas de viol\u00eancia de g\u00e9nero.<\/p>\n<p>Recentemente, introduzimo-nos em projetos europeus, principalmente projetos ERASMUS+, contando j\u00e1 com v\u00e1rios parceiros europeus em todo o continente.<\/p>\n<\/div>\n<p><a href=\"https:\/\/www.sedavi.es\">Ler mais<\/a><\/p>\n<\/li>\n<li>\n<p>        <img decoding=\"async\" src=\"\/wp-content\/uploads\/2024\/03\/Logo-Exeo-Lab.png\" alt=\"\"><\/p>\n<h3>Exeo Lab<\/h3>\n<div>\n<p>A Exeo Lab \u00e9 uma parceria de especialistas em pol\u00edticas com d\u00e9cadas de experi\u00eancia em servi\u00e7os de consultoria para entidades p\u00fablicas e privadas. A nossa principal \u00e1rea de foco \u00e9 a investiga\u00e7\u00e3o e an\u00e1lise espacial utilizando ferramentas e tecnologias inovadoras para apoiar a conce\u00e7\u00e3o de pol\u00edticas em setores-chave e emergentes. A nossa empresa fornece \u00e0s PME e start-ups inovadoras um apoio avan\u00e7ado e altamente personalizado nas \u00e1reas de investimento, angaria\u00e7\u00e3o de fundos, internacionaliza\u00e7\u00e3o e contratos p\u00fablicos. A Exeo Lab tamb\u00e9m participa em projetos de investiga\u00e7\u00e3o regionais, nacionais e transnacionais que visam criar oportunidades de desenvolvimento para os territ\u00f3rios, particularmente nas \u00e1reas do empreendedorismo, desenvolvimento sustent\u00e1vel, economia social e inclus\u00e3o social e laboral. Gra\u00e7as ao profissionalismo da nossa equipa e \u00e0 seriedade de um trabalho cuidadoso e met\u00f3dico, a nossa empresa estabeleceu-se no setor da consultoria e planeamento, tornando-se uma refer\u00eancia s\u00f3lida para organiza\u00e7\u00f5es p\u00fablicas e privadas em It\u00e1lia e no estrangeiro.<\/p>\n<\/div>\n<p><a href=\"https:\/\/www.exeolab.it\">Ler mais<\/a><\/p>\n<\/li>\n<li>\n<p>        <img decoding=\"async\" src=\"\/wp-content\/uploads\/2024\/03\/logo_berlink-NEW.jpg\" alt=\"\"><\/p>\n<h3>Berlink ETN GmbH<\/h3>\n<div>\n<p>A Berlink ETN GmbH \u00e9 uma organiza\u00e7\u00e3o alem\u00e3 com uma experi\u00eancia consolidada na organiza\u00e7\u00e3o de experi\u00eancias profissionais, educativas e de est\u00e1gios qualificados em Berlim.<\/p>\n<p>O objetivo da empresa coincide com os objetivos gerais estabelecidos pelo programa Erasmus Plus: melhorar a qualidade e o volume da mobilidade e da coopera\u00e7\u00e3o entre institui\u00e7\u00f5es de ensino e empresas em toda a UE.<\/p>\n<p>A Berlink tem, de facto, uma forte colabora\u00e7\u00e3o com uma vasta rede de empresas locais e est\u00e1 ativamente envolvida em projetos da UE que compilam experi\u00eancias inovadoras e boas pr\u00e1ticas sobre a participa\u00e7\u00e3o ativa das PME como parceiros de acolhimento em projetos de mobilidade. Gra\u00e7as a uma s\u00f3lida rede de parceiros internacionais e a um processo cont\u00ednuo de troca de experi\u00eancias transnacionais, a Berlink \u00e9 capaz de proporcionar experi\u00eancias de coloca\u00e7\u00e3o profissional com um impacto relevante no processo de aprendizagem, aplicando m\u00e9todos inovadores (implementa\u00e7\u00e3o do sistema ECVET) e abordagens comuns para planear e ministrar uma forma\u00e7\u00e3o bem sucedida na prepara\u00e7\u00e3o para experi\u00eancias de trabalho. A Berlink \u00e9 muito ativa na participa\u00e7\u00e3o em projetos europeus com o objetivo de melhorar o desenvolvimento, a transfer\u00eancia e a implementa\u00e7\u00e3o de pr\u00e1ticas inovadoras, promovendo a utiliza\u00e7\u00e3o das TIC na educa\u00e7\u00e3o, na forma\u00e7\u00e3o e no mercado de trabalho. A Berlink faz parte da &#8220;Rede ETN&#8221; com empresas em It\u00e1lia (Rimini e Potenza), Espanha (M\u00e1laga), Bulg\u00e1ria (S\u00f3fia), Alemanha (Berlim), Portugal (Lisboa), Gr\u00e9cia (Rodes) e Irlanda (Cork).<\/p>\n<\/div>\n<p><a href=\"https:\/\/www.berlink.eu\">Ler mais<\/a><\/p>\n<\/li>\n<\/ul>\n<p><!--more--><br \/>\n<!-- {\"type\":\"layout\",\"children\":[{\"type\":\"section\",\"props\":{\"animation\":\"scale-up\",\"animation_delay\":\"200\",\"image_position\":\"center-center\",\"padding_remove_bottom\":false,\"padding_remove_top\":false,\"style\":\"default\",\"title_breakpoint\":\"xl\",\"title_position\":\"top-left\",\"title_rotation\":\"left\",\"vertical_align\":\"\",\"width\":\"default\"},\"children\":[{\"type\":\"row\",\"children\":[{\"type\":\"column\",\"props\":{\"image_position\":\"center-center\",\"position_sticky_breakpoint\":\"m\"},\"children\":[{\"type\":\"headline\",\"props\":{\"animation\":\"fade\",\"content\":\"PARCEIROS\",\"text_align\":\"left\",\"title_color\":\"success\",\"title_element\":\"h1\",\"title_font_family\":\"primary\"},\"name\":\"headline-pages\"}]}]}],\"name\":\"Partners sec\"},{\"type\":\"section\",\"props\":{\"animation\":\"slide-left\",\"animation_delay\":\"200\",\"image_position\":\"center-center\",\"padding_remove_top\":true,\"style\":\"default\",\"title_breakpoint\":\"xl\",\"title_position\":\"top-left\",\"title_rotation\":\"left\",\"vertical_align\":\"\",\"width\":\"default\"},\"children\":[{\"type\":\"row\",\"children\":[{\"type\":\"column\",\"props\":{\"image_position\":\"center-center\",\"position_sticky_breakpoint\":\"m\"},\"children\":[{\"type\":\"accordion\",\"props\":{\"animation\":\"slide-left\",\"collapsible\":true,\"content_column_breakpoint\":\"m\",\"content_style\":\"lead\",\"image_align\":\"left\",\"image_grid_breakpoint\":\"m\",\"image_grid_column_gap\":\"collapse\",\"image_grid_width\":\"large\",\"image_svg_color\":\"emphasis\",\"image_width\":\"350\",\"link_style\":\"primary\",\"link_text\":\"Read more\",\"show_image\":true,\"show_link\":true,\"text_align\":\"left\"},\"children\":[{\"type\":\"accordion_item\",\"props\":{\"content\":\"\n\n<p><span>CARDET \\u00e9 um dos principais centros de investiga\\u00e7\\u00e3o e forma\\u00e7\\u00e3o na regi\\u00e3o do Mediterr\\u00e2neo Oriental, com experi\\u00eancia global na conce\\u00e7\\u00e3o e implementa\\u00e7\\u00e3o de projetos, gest\\u00e3o de projetos, forma\\u00e7\\u00e3o e e-learning. O CARDET concluiu numerosos projetos relacionados com o desenvolvimento de iniciativas de forma\\u00e7\\u00e3o profissional e de adultos nas \\u00e1reas do trabalho social, da inova\\u00e7\\u00e3o e do empreendedorismo. Os membros da sua equipa e do seu conselho de administra\\u00e7\\u00e3o representam institui\\u00e7\\u00f5es de ensino superior europeias e internacionais, centros de forma\\u00e7\\u00e3o e organiza\\u00e7\\u00f5es internacionais, e t\\u00eam um conhecimento profundo do sector da forma\\u00e7\\u00e3o de adultos e da \\u00e1rea da literacia financeira, enquanto CARDET se centra na promo\\u00e7\\u00e3o da justi\\u00e7a social e do progresso social. CARDET re\\u00fane uma equipa internacional de peritos com d\\u00e9cadas de experi\\u00eancia global em forma\\u00e7\\u00e3o de adultos, refor\\u00e7o de capacidades, desenvolvimento curricular, empreendedorismo social, forma\\u00e7\\u00e3o profissional, design thinking, inova\\u00e7\\u00e3o, investiga\\u00e7\\u00e3o em educa\\u00e7\\u00e3o, avalia\\u00e7\\u00e3o e desenvolvimento de recursos humanos.<\\\/span><\\\/p>\",\"image\":\"wp-content\\\/uploads\\\/2024\\\/03\\\/CARDET_logo_highRes-1.png\",\"link\":\"https:\\\/\\\/cardet.org\\\/\",\"link_text\":\"Ler mais\",\"title\":\"CARDET\"}},{\"type\":\"accordion_item\",\"props\":{\"content\":\"\n\n<p>A RightChallenge \\u00e9 uma organiza\\u00e7\\u00e3o n\\u00e3o governamental dedicada a promover a inclus\\u00e3o social e a igualdade de oportunidades atrav\\u00e9s da educa\\u00e7\\u00e3o e da forma\\u00e7\\u00e3o. Utilizando a colabora\\u00e7\\u00e3o com muitos intervenientes e a forma\\u00e7\\u00e3o educacional, a organiza\\u00e7\\u00e3o encoraja uma cidadania respons\\u00e1vel, democr\\u00e1tica e ativa. A RightChallenge oferece trabalho e outras atividades para grupos espec\\u00edficos, bem como forma\\u00e7\\u00e3o, apoio \\u00e0 sa\\u00fade e reabilita\\u00e7\\u00e3o, habita\\u00e7\\u00e3o e servi\\u00e7os de cuidados, e educa\\u00e7\\u00e3o elementar e familiar. De acordo com RightChallenge, a educa\\u00e7\\u00e3o \\u00e9 uma componente crucial do desenvolvimento de um jovem, uma vez que o equipa para se envolver e contribuir em todas as esferas da sociedade, incluindo as relacionadas com a sua fam\\u00edlia, emprego, comunidade e lazer. Sendo uma organiza\\u00e7\\u00e3o centrada na comunidade, tamb\\u00e9m oferece servi\\u00e7os de conce\\u00e7\\u00e3o de curr\\u00edculos e de consultoria para o desenvolvimento da juventude e da comunidade, bem como oportunidades de voluntariado e programas socioeducativos para comunidades em risco de exclus\\u00e3o social.<\\\/p>\",\"image\":\"wp-content\\\/uploads\\\/2024\\\/03\\\/Rightchallenge_Logo.png\",\"link\":\"https:\\\/\\\/rightchallenge.org\\\/\",\"link_text\":\"Ler mais\",\"title\":\"RightChallenge\"}},{\"type\":\"accordion_item\",\"props\":{\"content\":\"\n\n<p><span>IFESCOOP \\u00e9 uma cooperativa sem fins lucrativos que coopera com a Administra\\u00e7\\u00e3o P\\u00fablica regional e local (Governo Regional e C\\u00e2maras Municipais), Parceiros Sociais (Sindicatos e Associa\\u00e7\\u00f5es Patronais), bem como muitas outras institui\\u00e7\\u00f5es e organiza\\u00e7\\u00f5es em diferentes dom\\u00ednios, principalmente relacionados com a educa\\u00e7\\u00e3o de adultos e a forma\\u00e7\\u00e3o profissional. IFESCOOP oferece forma\\u00e7\\u00e3o profissional a diferentes grupos-alvo, sendo dada prioridade a grupos desfavorecidos espec\\u00edficos, tendo participado em muitos projetos europeus relacionados com a educa\\u00e7\\u00e3o.<\\\/span><\\\/p>\",\"image\":\"wp-content\\\/uploads\\\/2024\\\/03\\\/IFES_COOP_FULL_BIG.jpg\",\"link\":\"https:\\\/\\\/www.ifescoop.eu\",\"link_text\":\"Ler mais\",\"title\":\"IFESCOOP\"}},{\"type\":\"accordion_item\",\"props\":{\"content\":\"\n\n<p>A C\\u00e2mara Municipal de Sedav\\u00ed \\u00e9 uma entidade p\\u00fablica local respons\\u00e1vel pela presta\\u00e7\\u00e3o de uma s\\u00e9rie de servi\\u00e7os \\u00e0 nossa popula\\u00e7\\u00e3o, que ascende a cerca de onze mil pessoas.<\\\/p>\\n\n\n<p>Entre esses servi\\u00e7os encontram-se: servi\\u00e7os sociais em geral, emprego, pol\\u00edticas de igualdade, apoio aos idosos e pol\\u00edticas de viol\\u00eancia de g\\u00e9nero.<\\\/p>\\n\n\n<p>Recentemente, introduzimo-nos em projetos europeus, principalmente projetos ERASMUS+, contando j\\u00e1 com v\\u00e1rios parceiros europeus em todo o continente.<\\\/p>\",\"image\":\"wp-content\\\/uploads\\\/2024\\\/03\\\/SEDAVI_logo.png\",\"link\":\"https:\\\/\\\/www.sedavi.es\",\"link_text\":\"Ler mais\",\"title\":\"SEDAV\\u00cd TOWN COUNCIL\"}},{\"type\":\"accordion_item\",\"props\":{\"content\":\"\n\n<p>A Exeo Lab \\u00e9 uma parceria de especialistas em pol\\u00edticas com d\\u00e9cadas de experi\\u00eancia em servi\\u00e7os de consultoria para entidades p\\u00fablicas e privadas. A nossa principal \\u00e1rea de foco \\u00e9 a investiga\\u00e7\\u00e3o e an\\u00e1lise espacial utilizando ferramentas e tecnologias inovadoras para apoiar a conce\\u00e7\\u00e3o de pol\\u00edticas em setores-chave e emergentes. A nossa empresa fornece \\u00e0s PME e start-ups inovadoras um apoio avan\\u00e7ado e altamente personalizado nas \\u00e1reas de investimento, angaria\\u00e7\\u00e3o de fundos, internacionaliza\\u00e7\\u00e3o e contratos p\\u00fablicos. A Exeo Lab tamb\\u00e9m participa em projetos de investiga\\u00e7\\u00e3o regionais, nacionais e transnacionais que visam criar oportunidades de desenvolvimento para os territ\\u00f3rios, particularmente nas \\u00e1reas do empreendedorismo, desenvolvimento sustent\\u00e1vel, economia social e inclus\\u00e3o social e laboral. Gra\\u00e7as ao profissionalismo da nossa equipa e \\u00e0 seriedade de um trabalho cuidadoso e met\\u00f3dico, a nossa empresa estabeleceu-se no setor da consultoria e planeamento, tornando-se uma refer\\u00eancia s\\u00f3lida para organiza\\u00e7\\u00f5es p\\u00fablicas e privadas em It\\u00e1lia e no estrangeiro.<\\\/p>\",\"image\":\"wp-content\\\/uploads\\\/2024\\\/03\\\/Logo-Exeo-Lab.png\",\"link\":\"https:\\\/\\\/www.exeolab.it\",\"link_text\":\"Ler mais\",\"title\":\"Exeo Lab\"}},{\"type\":\"accordion_item\",\"props\":{\"content\":\"\n\n<p>A Berlink ETN GmbH \\u00e9 uma organiza\\u00e7\\u00e3o alem\\u00e3 com uma experi\\u00eancia consolidada na organiza\\u00e7\\u00e3o de experi\\u00eancias profissionais, educativas e de est\\u00e1gios qualificados em Berlim.<\\\/p>\\n\n\n<p>O objetivo da empresa coincide com os objetivos gerais estabelecidos pelo programa Erasmus Plus: melhorar a qualidade e o volume da mobilidade e da coopera\\u00e7\\u00e3o entre institui\\u00e7\\u00f5es de ensino e empresas em toda a UE.<\\\/p>\\n\n\n<p>A Berlink tem, de facto, uma forte colabora\\u00e7\\u00e3o com uma vasta rede de empresas locais e est\\u00e1 ativamente envolvida em projetos da UE que compilam experi\\u00eancias inovadoras e boas pr\\u00e1ticas sobre a participa\\u00e7\\u00e3o ativa das PME como parceiros de acolhimento em projetos de mobilidade. Gra\\u00e7as a uma s\\u00f3lida rede de parceiros internacionais e a um processo cont\\u00ednuo de troca de experi\\u00eancias transnacionais, a Berlink \\u00e9 capaz de proporcionar experi\\u00eancias de coloca\\u00e7\\u00e3o profissional com um impacto relevante no processo de aprendizagem, aplicando m\\u00e9todos inovadores (implementa\\u00e7\\u00e3o do sistema ECVET) e abordagens comuns para planear e ministrar uma forma\\u00e7\\u00e3o bem sucedida na prepara\\u00e7\\u00e3o para experi\\u00eancias de trabalho. A Berlink \\u00e9 muito ativa na participa\\u00e7\\u00e3o em projetos europeus com o objetivo de melhorar o desenvolvimento, a transfer\\u00eancia e a implementa\\u00e7\\u00e3o de pr\\u00e1ticas inovadoras, promovendo a utiliza\\u00e7\\u00e3o das TIC na educa\\u00e7\\u00e3o, na forma\\u00e7\\u00e3o e no mercado de trabalho. A Berlink faz parte da \\\"Rede ETN\\\" com empresas em It\\u00e1lia (Rimini e Potenza), Espanha (M\\u00e1laga), Bulg\\u00e1ria (S\\u00f3fia), Alemanha (Berlim), Portugal (Lisboa), Gr\\u00e9cia (Rodes) e Irlanda (Cork).<\\\/p>\",\"image\":\"wp-content\\\/uploads\\\/2024\\\/03\\\/logo_berlink-NEW.jpg\",\"link\":\"https:\\\/\\\/www.berlink.eu\",\"link_text\":\"Ler mais\",\"title\":\"Berlink ETN GmbH\"}}]}]}]}]}],\"version\":\"4.5.27\"} --><\/p>\n","protected":false},"excerpt":{"rendered":"<p>PARCEIROS CARDET CARDET \u00e9 um dos principais centros de investiga\u00e7\u00e3o e forma\u00e7\u00e3o na regi\u00e3o do Mediterr\u00e2neo Oriental, com experi\u00eancia global na conce\u00e7\u00e3o e implementa\u00e7\u00e3o de..<\/p>\n","protected":false},"author":1,"featured_media":0,"parent":0,"menu_order":0,"comment_status":"closed","ping_status":"closed","template":"","meta":{"_acf_changed":false,"inline_featured_image":false,"footnotes":""},"class_list":["post-1690","page","type-page","status-publish","hentry"],"acf":[],"_links":{"self":[{"href":"https:\/\/soosproject.eu\/pt-pt\/wp-json\/wp\/v2\/pages\/1690","targetHints":{"allow":["GET"]}}],"collection":[{"href":"https:\/\/soosproject.eu\/pt-pt\/wp-json\/wp\/v2\/pages"}],"about":[{"href":"https:\/\/soosproject.eu\/pt-pt\/wp-json\/wp\/v2\/types\/page"}],"author":[{"embeddable":true,"href":"https:\/\/soosproject.eu\/pt-pt\/wp-json\/wp\/v2\/users\/1"}],"replies":[{"embeddable":true,"href":"https:\/\/soosproject.eu\/pt-pt\/wp-json\/wp\/v2\/comments?post=1690"}],"version-history":[{"count":4,"href":"https:\/\/soosproject.eu\/pt-pt\/wp-json\/wp\/v2\/pages\/1690\/revisions"}],"predecessor-version":[{"id":2594,"href":"https:\/\/soosproject.eu\/pt-pt\/wp-json\/wp\/v2\/pages\/1690\/revisions\/2594"}],"wp:attachment":[{"href":"https:\/\/soosproject.eu\/pt-pt\/wp-json\/wp\/v2\/media?parent=1690"}],"curies":[{"name":"wp","href":"https:\/\/api.w.org\/{rel}","templated":true}]}}