{"id":2121,"date":"2025-01-07T11:43:25","date_gmt":"2025-01-07T09:43:25","guid":{"rendered":"https:\/\/soosproject.eu\/common-report\/"},"modified":"2025-10-02T13:40:55","modified_gmt":"2025-10-02T11:40:55","slug":"common-report","status":"publish","type":"page","link":"https:\/\/soosproject.eu\/pt-pt\/resources\/common-report\/","title":{"rendered":"Relat\u00f3rio comum"},"content":{"rendered":"<div>\n<p>O relat\u00f3rio comum fornece uma vis\u00e3o global da quest\u00e3o da viol\u00eancia dom\u00e9stica em toda a Europa. O relat\u00f3rio identifica as tend\u00eancias, os desafios e as melhores pr\u00e1ticas no dom\u00ednio da viol\u00eancia dom\u00e9stica que afecta os jovens e fornece informa\u00e7\u00f5es \u00fateis sobre a preval\u00eancia da viol\u00eancia dom\u00e9stica, as medidas tomadas para resolver o problema e as pol\u00edticas em vigor para proteger os jovens dos seus efeitos.<\/p>\n<\/div>\n<p><p>\n        <a href=\"\/wp-content\/uploads\/2025\/01\/SOOS_Common-Report_PT.pdf\">Ver em PDF<\/a>\n    <\/p>\n<\/p>\n<div>\n<h3>Flipbook<\/h3>\n<p><a href=\"\/wp-content\/uploads\/2025\/01\/SOOS_Common-Report_PT.pdf\"><\/a><\/p>\n<\/div>\n<p><!--more--><br \/>\n<!-- {\"type\":\"layout\",\"children\":[{\"type\":\"section\",\"props\":{\"image_position\":\"center-center\",\"style\":\"default\",\"title_breakpoint\":\"xl\",\"title_position\":\"top-left\",\"title_rotation\":\"left\",\"vertical_align\":\"\",\"width\":\"default\"},\"children\":[{\"type\":\"row\",\"children\":[{\"type\":\"column\",\"props\":{\"image_position\":\"center-center\",\"position_sticky_breakpoint\":\"m\"},\"children\":[{\"type\":\"headline\",\"props\":{\"title_color\":\"primary\",\"title_element\":\"h1\",\"title_font_family\":\"primary\"},\"source\":{\"query\":{\"name\":\"pages.singlePage\"},\"props\":{\"content\":{\"filters\":{\"search\":\"\"},\"name\":\"title\"}}}},{\"type\":\"text\",\"props\":{\"column_breakpoint\":\"m\",\"content\":\"\n\n<p>O relat\\u00f3rio comum fornece uma vis\\u00e3o global da quest\\u00e3o da viol\\u00eancia dom\\u00e9stica em toda a Europa. O relat\\u00f3rio identifica as tend\\u00eancias, os desafios e as melhores pr\\u00e1ticas no dom\\u00ednio da viol\\u00eancia dom\\u00e9stica que afecta os jovens e fornece informa\\u00e7\\u00f5es \\u00fateis sobre a preval\\u00eancia da viol\\u00eancia dom\\u00e9stica, as medidas tomadas para resolver o problema e as pol\\u00edticas em vigor para proteger os jovens dos seus efeitos.<\\\/p>\",\"margin\":\"default\",\"text_style\":\"lead\"}},{\"type\":\"button\",\"props\":{\"grid_column_gap\":\"small\",\"grid_row_gap\":\"small\",\"margin\":\"default\"},\"children\":[{\"type\":\"button_item\",\"props\":{\"button_style\":\"primary\",\"content\":\"Ver em PDF\",\"dialog_layout\":\"modal\",\"dialog_offcanvas_flip\":true,\"icon_align\":\"left\",\"link\":\"wp-content\\\/uploads\\\/2025\\\/01\\\/SOOS_Common-Report_PT.pdf\",\"link_target\":\"blank\"}}]}]}]},{\"type\":\"row\",\"children\":[{\"type\":\"column\",\"props\":{\"image_position\":\"center-center\",\"position_sticky_breakpoint\":\"m\"},\"children\":[{\"type\":\"djflipbook\",\"props\":{\"content_column_breakpoint\":\"m\",\"grid_default\":\"1\",\"grid_medium\":\"1\",\"icon_width\":80,\"image_align\":\"top\",\"image_grid_breakpoint\":\"m\",\"image_grid_width\":\"1-2\",\"image_svg_color\":\"emphasis\",\"item_animation\":\"\",\"margin\":\"default\",\"meta_align\":\"below-title\",\"meta_element\":\"div\",\"meta_style\":\"meta\",\"show_content\":true,\"show_image\":true,\"show_link\":true,\"show_meta\":true,\"show_title\":true,\"title_align\":\"top\",\"title_color\":\"success\",\"title_element\":\"h3\",\"title_font_family\":\"primary\",\"title_grid_breakpoint\":\"m\",\"title_grid_width\":\"1-2\",\"title_hover_style\":\"reset\",\"title_style\":\"h3\"},\"children\":[{\"type\":\"flipbook_item\",\"props\":{\"link\":\"\\\/wp-content\\\/uploads\\\/2025\\\/01\\\/SOOS_Common-Report_PT.pdf\",\"title\":\"Flipbook\"}}]}]}]}]}],\"version\":\"4.5.27\"} --><\/p>\n","protected":false},"excerpt":{"rendered":"<p>O relat\u00f3rio comum fornece uma vis\u00e3o global da quest\u00e3o da viol\u00eancia dom\u00e9stica em toda a Europa. O relat\u00f3rio identifica as tend\u00eancias, os desafios e as..<\/p>\n","protected":false},"author":1,"featured_media":0,"parent":1231,"menu_order":0,"comment_status":"closed","ping_status":"closed","template":"","meta":{"_acf_changed":false,"inline_featured_image":false,"footnotes":""},"class_list":["post-2121","page","type-page","status-publish","hentry"],"acf":[],"_links":{"self":[{"href":"https:\/\/soosproject.eu\/pt-pt\/wp-json\/wp\/v2\/pages\/2121","targetHints":{"allow":["GET"]}}],"collection":[{"href":"https:\/\/soosproject.eu\/pt-pt\/wp-json\/wp\/v2\/pages"}],"about":[{"href":"https:\/\/soosproject.eu\/pt-pt\/wp-json\/wp\/v2\/types\/page"}],"author":[{"embeddable":true,"href":"https:\/\/soosproject.eu\/pt-pt\/wp-json\/wp\/v2\/users\/1"}],"replies":[{"embeddable":true,"href":"https:\/\/soosproject.eu\/pt-pt\/wp-json\/wp\/v2\/comments?post=2121"}],"version-history":[{"count":5,"href":"https:\/\/soosproject.eu\/pt-pt\/wp-json\/wp\/v2\/pages\/2121\/revisions"}],"predecessor-version":[{"id":2597,"href":"https:\/\/soosproject.eu\/pt-pt\/wp-json\/wp\/v2\/pages\/2121\/revisions\/2597"}],"up":[{"embeddable":true,"href":"https:\/\/soosproject.eu\/pt-pt\/wp-json\/wp\/v2\/pages\/1231"}],"wp:attachment":[{"href":"https:\/\/soosproject.eu\/pt-pt\/wp-json\/wp\/v2\/media?parent=2121"}],"curies":[{"name":"wp","href":"https:\/\/api.w.org\/{rel}","templated":true}]}}