{"id":2216,"date":"2025-04-15T09:54:09","date_gmt":"2025-04-15T07:54:09","guid":{"rendered":"https:\/\/soosproject.eu\/training-program-for-youth-workers\/"},"modified":"2025-10-02T13:41:21","modified_gmt":"2025-10-02T11:41:21","slug":"training-program-for-youth-workers","status":"publish","type":"page","link":"https:\/\/soosproject.eu\/pt-pt\/resources\/training-program-for-youth-workers\/","title":{"rendered":"Programa de forma\u00e7\u00e3o para t\u00e9cnicos de juventude"},"content":{"rendered":"<div>\n<p>Este programa de forma\u00e7\u00e3o destina-se a t\u00e9cnicos de juventude com o objetivo de desenvolver compet\u00eancias e conhecimentos sobre como apoiar melhor os jovens v\u00edtimas de viol\u00eancia dom\u00e9stica. Os m\u00f3dulos do programa de forma\u00e7\u00e3o incluem uma introdu\u00e7\u00e3o \u00e0 viol\u00eancia dom\u00e9stica, a compreens\u00e3o do trauma e da resili\u00eancia, o reconhecimento e a resposta \u00e0 viol\u00eancia dom\u00e9stica, a prote\u00e7\u00e3o e salvaguarda das crian\u00e7as, o apoio aos jovens expostos \u00e0 viol\u00eancia dom\u00e9stica, o auto-cuidado e a preven\u00e7\u00e3o do burnout, bem como estudos de caso e boas pr\u00e1ticas.<\/p>\n<\/div>\n<p><p>\n        <a href=\"\/wp-content\/uploads\/2025\/04\/SOOS_Training-Program_PT.pdf\">Ver em PDF<\/a>\n    <\/p>\n<\/p>\n<div>\n<h3>Flipbook<\/h3>\n<p><a href=\"\/wp-content\/uploads\/2025\/04\/SOOS_Training-Program_PT.pdf\"><\/a><\/p>\n<\/div>\n<p><!--more--><br \/>\n<!-- {\"type\":\"layout\",\"children\":[{\"type\":\"section\",\"props\":{\"image_position\":\"center-center\",\"style\":\"default\",\"title_breakpoint\":\"xl\",\"title_position\":\"top-left\",\"title_rotation\":\"left\",\"vertical_align\":\"\",\"width\":\"default\"},\"children\":[{\"type\":\"row\",\"children\":[{\"type\":\"column\",\"props\":{\"image_position\":\"center-center\",\"position_sticky_breakpoint\":\"m\"},\"children\":[{\"type\":\"headline\",\"props\":{\"title_color\":\"primary\",\"title_element\":\"h1\",\"title_font_family\":\"primary\"},\"source\":{\"query\":{\"name\":\"pages.singlePage\"},\"props\":{\"content\":{\"filters\":{\"search\":\"\"},\"name\":\"title\"}}}},{\"type\":\"text\",\"props\":{\"column_breakpoint\":\"m\",\"content\":\"\n\n<p>Este programa de forma\\u00e7\\u00e3o destina-se a t\\u00e9cnicos de juventude com o objetivo de desenvolver compet\\u00eancias e conhecimentos sobre como apoiar melhor os jovens v\\u00edtimas de viol\\u00eancia dom\\u00e9stica. Os m\\u00f3dulos do programa de forma\\u00e7\\u00e3o incluem uma introdu\\u00e7\\u00e3o \\u00e0 viol\\u00eancia dom\\u00e9stica, a compreens\\u00e3o do trauma e da resili\\u00eancia, o reconhecimento e a resposta \\u00e0 viol\\u00eancia dom\\u00e9stica, a prote\\u00e7\\u00e3o e salvaguarda das crian\\u00e7as, o apoio aos jovens expostos \\u00e0 viol\\u00eancia dom\\u00e9stica, o auto-cuidado e a preven\\u00e7\\u00e3o do burnout, bem como estudos de caso e boas pr\\u00e1ticas.<\\\/p>\",\"margin\":\"default\",\"text_style\":\"lead\"}},{\"type\":\"button\",\"props\":{\"grid_column_gap\":\"small\",\"grid_row_gap\":\"small\",\"margin\":\"default\"},\"children\":[{\"type\":\"button_item\",\"props\":{\"button_style\":\"primary\",\"content\":\"Ver em PDF\",\"dialog_layout\":\"modal\",\"dialog_offcanvas_flip\":true,\"icon_align\":\"left\",\"link\":\"wp-content\\\/uploads\\\/2025\\\/04\\\/SOOS_Training-Program_PT.pdf\",\"link_target\":\"blank\"}}]}]}]},{\"type\":\"row\",\"children\":[{\"type\":\"column\",\"props\":{\"image_position\":\"center-center\",\"position_sticky_breakpoint\":\"m\"},\"children\":[{\"type\":\"djflipbook\",\"props\":{\"content_column_breakpoint\":\"m\",\"grid_default\":\"1\",\"grid_medium\":\"1\",\"icon_width\":80,\"image_align\":\"top\",\"image_grid_breakpoint\":\"m\",\"image_grid_width\":\"1-2\",\"image_svg_color\":\"emphasis\",\"item_animation\":\"\",\"margin\":\"default\",\"meta_align\":\"below-title\",\"meta_element\":\"div\",\"meta_style\":\"meta\",\"show_content\":true,\"show_image\":true,\"show_link\":true,\"show_meta\":true,\"show_title\":true,\"title_align\":\"top\",\"title_color\":\"success\",\"title_element\":\"h3\",\"title_font_family\":\"primary\",\"title_grid_breakpoint\":\"m\",\"title_grid_width\":\"1-2\",\"title_hover_style\":\"reset\",\"title_style\":\"h3\"},\"children\":[{\"type\":\"flipbook_item\",\"props\":{\"link\":\"\\\/wp-content\\\/uploads\\\/2025\\\/04\\\/SOOS_Training-Program_PT.pdf\",\"title\":\"Flipbook\"}}]}]}]}]}],\"version\":\"4.5.27\"} --><\/p>\n","protected":false},"excerpt":{"rendered":"<p>Este programa de forma\u00e7\u00e3o destina-se a t\u00e9cnicos de juventude com o objetivo de desenvolver compet\u00eancias e conhecimentos sobre como apoiar melhor os jovens v\u00edtimas de..<\/p>\n","protected":false},"author":1,"featured_media":0,"parent":1231,"menu_order":0,"comment_status":"closed","ping_status":"closed","template":"","meta":{"_acf_changed":false,"inline_featured_image":false,"footnotes":""},"class_list":["post-2216","page","type-page","status-publish","hentry"],"acf":[],"_links":{"self":[{"href":"https:\/\/soosproject.eu\/pt-pt\/wp-json\/wp\/v2\/pages\/2216","targetHints":{"allow":["GET"]}}],"collection":[{"href":"https:\/\/soosproject.eu\/pt-pt\/wp-json\/wp\/v2\/pages"}],"about":[{"href":"https:\/\/soosproject.eu\/pt-pt\/wp-json\/wp\/v2\/types\/page"}],"author":[{"embeddable":true,"href":"https:\/\/soosproject.eu\/pt-pt\/wp-json\/wp\/v2\/users\/1"}],"replies":[{"embeddable":true,"href":"https:\/\/soosproject.eu\/pt-pt\/wp-json\/wp\/v2\/comments?post=2216"}],"version-history":[{"count":7,"href":"https:\/\/soosproject.eu\/pt-pt\/wp-json\/wp\/v2\/pages\/2216\/revisions"}],"predecessor-version":[{"id":2598,"href":"https:\/\/soosproject.eu\/pt-pt\/wp-json\/wp\/v2\/pages\/2216\/revisions\/2598"}],"up":[{"embeddable":true,"href":"https:\/\/soosproject.eu\/pt-pt\/wp-json\/wp\/v2\/pages\/1231"}],"wp:attachment":[{"href":"https:\/\/soosproject.eu\/pt-pt\/wp-json\/wp\/v2\/media?parent=2216"}],"curies":[{"name":"wp","href":"https:\/\/api.w.org\/{rel}","templated":true}]}}