{"id":2525,"date":"2025-09-15T16:19:39","date_gmt":"2025-09-15T14:19:39","guid":{"rendered":"https:\/\/soosproject.eu\/soos-peer-to-peer-volunteer-program\/"},"modified":"2025-10-02T13:41:58","modified_gmt":"2025-10-02T11:41:58","slug":"soos-peer-to-peer-volunteer-program","status":"publish","type":"page","link":"https:\/\/soosproject.eu\/pt-pt\/soos-peer-to-peer-volunteer-program\/","title":{"rendered":"SOOS Programa de Voluntariado entre Pares"},"content":{"rendered":"<div>\n<p data-pm-slice=\"1 1 []\">O Programa de Voluntariado entre Pares (P2P) SOns Of Silence \u00e9 um modelo adapt\u00e1vel e transfer\u00edvel para a constru\u00e7\u00e3o de iniciativas de voluntariado inclusivas e baseadas na comunidade, fundamentadas no apoio m\u00fatuo e na lideran\u00e7a partilhada. Concebido para ser utilizado por institui\u00e7\u00f5es, autoridades locais, organiza\u00e7\u00f5es da sociedade civil e contextos educativos, este manual fornece um quadro abrangente para o estabelecimento e a manuten\u00e7\u00e3o de programas de voluntariado entre pares, independentemente do foco tem\u00e1tico espec\u00edfico.<\/p>\n<\/div>\n<p><p>\n        <a href=\"\/wp-content\/uploads\/2025\/09\/SOOS_P2P_PT.pdf\">Ver em PDF<\/a>\n    <\/p>\n<\/p>\n<div>\n<h3>Flipbook<\/h3>\n<p><a href=\"\/wp-content\/uploads\/2025\/09\/SOOS_P2P_PT.pdf\"><\/a><\/p>\n<\/div>\n<p><!--more--><br \/>\n<!-- {\"type\":\"layout\",\"children\":[{\"type\":\"section\",\"props\":{\"image_position\":\"center-center\",\"style\":\"default\",\"title_breakpoint\":\"xl\",\"title_position\":\"top-left\",\"title_rotation\":\"left\",\"vertical_align\":\"\",\"width\":\"default\"},\"children\":[{\"type\":\"row\",\"children\":[{\"type\":\"column\",\"props\":{\"image_position\":\"center-center\",\"position_sticky_breakpoint\":\"m\"},\"children\":[{\"type\":\"headline\",\"props\":{\"title_color\":\"primary\",\"title_element\":\"h1\",\"title_font_family\":\"primary\"},\"source\":{\"query\":{\"name\":\"pages.singlePage\"},\"props\":{\"content\":{\"filters\":{\"search\":\"\"},\"name\":\"title\"}}}},{\"type\":\"text\",\"props\":{\"column_breakpoint\":\"m\",\"content\":\"\n\n<p data-pm-slice=\\\"1 1 []\\\">O Programa de Voluntariado entre Pares (P2P) SOns Of Silence \\u00e9 um modelo adapt\\u00e1vel e transfer\\u00edvel para a constru\\u00e7\\u00e3o de iniciativas de voluntariado inclusivas e baseadas na comunidade, fundamentadas no apoio m\\u00fatuo e na lideran\\u00e7a partilhada. Concebido para ser utilizado por institui\\u00e7\\u00f5es, autoridades locais, organiza\\u00e7\\u00f5es da sociedade civil e contextos educativos, este manual fornece um quadro abrangente para o estabelecimento e a manuten\\u00e7\\u00e3o de programas de voluntariado entre pares, independentemente do foco tem\\u00e1tico espec\\u00edfico.<\\\/p>\",\"margin\":\"default\",\"text_style\":\"lead\"}},{\"type\":\"button\",\"props\":{\"grid_column_gap\":\"small\",\"grid_row_gap\":\"small\",\"margin\":\"default\"},\"children\":[{\"type\":\"button_item\",\"props\":{\"button_style\":\"primary\",\"content\":\"Ver em PDF\",\"dialog_layout\":\"modal\",\"dialog_offcanvas_flip\":true,\"icon_align\":\"left\",\"link\":\"wp-content\\\/uploads\\\/2025\\\/09\\\/SOOS_P2P_PT.pdf\",\"link_target\":\"blank\"}}]}]}]},{\"type\":\"row\",\"children\":[{\"type\":\"column\",\"props\":{\"image_position\":\"center-center\",\"position_sticky_breakpoint\":\"m\"},\"children\":[{\"type\":\"djflipbook\",\"props\":{\"content_column_breakpoint\":\"m\",\"grid_default\":\"1\",\"grid_medium\":\"1\",\"icon_width\":80,\"image_align\":\"top\",\"image_grid_breakpoint\":\"m\",\"image_grid_width\":\"1-2\",\"image_svg_color\":\"emphasis\",\"item_animation\":\"\",\"margin\":\"default\",\"meta_align\":\"below-title\",\"meta_element\":\"div\",\"meta_style\":\"meta\",\"show_content\":true,\"show_image\":true,\"show_link\":true,\"show_meta\":true,\"show_title\":true,\"title_align\":\"top\",\"title_color\":\"success\",\"title_element\":\"h3\",\"title_font_family\":\"primary\",\"title_grid_breakpoint\":\"m\",\"title_grid_width\":\"1-2\",\"title_hover_style\":\"reset\",\"title_style\":\"h3\"},\"children\":[{\"type\":\"flipbook_item\",\"props\":{\"link\":\"\\\/wp-content\\\/uploads\\\/2025\\\/09\\\/SOOS_P2P_PT.pdf\",\"title\":\"Flipbook\"}}]}]}]}]}],\"version\":\"4.5.27\"} --><\/p>\n","protected":false},"excerpt":{"rendered":"<p>O Programa de Voluntariado entre Pares (P2P) SOns Of Silence \u00e9 um modelo adapt\u00e1vel e transfer\u00edvel para a constru\u00e7\u00e3o de iniciativas de voluntariado inclusivas e..<\/p>\n","protected":false},"author":1,"featured_media":2526,"parent":0,"menu_order":0,"comment_status":"closed","ping_status":"closed","template":"","meta":{"_acf_changed":false,"inline_featured_image":false,"footnotes":""},"class_list":["post-2525","page","type-page","status-publish","has-post-thumbnail","hentry"],"acf":[],"_links":{"self":[{"href":"https:\/\/soosproject.eu\/pt-pt\/wp-json\/wp\/v2\/pages\/2525","targetHints":{"allow":["GET"]}}],"collection":[{"href":"https:\/\/soosproject.eu\/pt-pt\/wp-json\/wp\/v2\/pages"}],"about":[{"href":"https:\/\/soosproject.eu\/pt-pt\/wp-json\/wp\/v2\/types\/page"}],"author":[{"embeddable":true,"href":"https:\/\/soosproject.eu\/pt-pt\/wp-json\/wp\/v2\/users\/1"}],"replies":[{"embeddable":true,"href":"https:\/\/soosproject.eu\/pt-pt\/wp-json\/wp\/v2\/comments?post=2525"}],"version-history":[{"count":5,"href":"https:\/\/soosproject.eu\/pt-pt\/wp-json\/wp\/v2\/pages\/2525\/revisions"}],"predecessor-version":[{"id":2599,"href":"https:\/\/soosproject.eu\/pt-pt\/wp-json\/wp\/v2\/pages\/2525\/revisions\/2599"}],"wp:featuredmedia":[{"embeddable":true,"href":"https:\/\/soosproject.eu\/pt-pt\/wp-json\/wp\/v2\/media\/2526"}],"wp:attachment":[{"href":"https:\/\/soosproject.eu\/pt-pt\/wp-json\/wp\/v2\/media?parent=2525"}],"curies":[{"name":"wp","href":"https:\/\/api.w.org\/{rel}","templated":true}]}}